{"id":16211,"date":"2023-04-11T15:43:39","date_gmt":"2023-04-11T12:43:39","guid":{"rendered":"https:\/\/www.ipa.ee\/visioon-ja-eesmark-2\/"},"modified":"2024-04-04T12:14:00","modified_gmt":"2024-04-04T09:14:00","slug":"visioon-ja-eesmark-2","status":"publish","type":"page","link":"https:\/\/www.ipa.ee\/da\/visioon-ja-eesmark-2\/","title":{"rendered":"IPA t\u00f6\u00f6andjana"},"content":{"rendered":"\t\t<div data-elementor-type=\"wp-page\" data-elementor-id=\"16211\" class=\"elementor elementor-16211 elementor-16087\" data-elementor-post-type=\"page\">\n\t\t\t\t\t\t<section class=\"elementor-section elementor-top-section elementor-element elementor-element-73e3184 elementor-section-full_width elementor-section-stretched elementor-section-height-default elementor-section-height-default\" data-id=\"73e3184\" data-element_type=\"section\" data-settings=\"{&quot;stretch_section&quot;:&quot;section-stretched&quot;}\">\n\t\t\t\t\t\t<div class=\"elementor-container elementor-column-gap-default\">\n\t\t\t\t\t<div class=\"elementor-column elementor-col-100 elementor-top-column elementor-element elementor-element-72ef196\" data-id=\"72ef196\" data-element_type=\"column\">\n\t\t\t<div class=\"elementor-widget-wrap elementor-element-populated\">\n\t\t\t\t\t\t<section class=\"elementor-section elementor-inner-section elementor-element elementor-element-cba7819 elementor-section-boxed elementor-section-height-default elementor-section-height-default\" data-id=\"cba7819\" data-element_type=\"section\">\n\t\t\t\t\t\t<div class=\"elementor-container elementor-column-gap-default\">\n\t\t\t\t\t<div class=\"elementor-column elementor-col-50 elementor-inner-column elementor-element elementor-element-2de8292\" data-id=\"2de8292\" data-element_type=\"column\" data-settings=\"{&quot;background_background&quot;:&quot;classic&quot;}\">\n\t\t\t<div class=\"elementor-widget-wrap elementor-element-populated\">\n\t\t\t\t\t\t<div class=\"elementor-element elementor-element-5a7ffaf elementor-widget elementor-widget-shortcode\" data-id=\"5a7ffaf\" data-element_type=\"widget\" data-widget_type=\"shortcode.default\">\n\t\t\t\t<div class=\"elementor-widget-container\">\n\t\t\t\t\t\t\t<div class=\"elementor-shortcode\">\t\t<div data-elementor-type=\"single-post\" data-elementor-id=\"9235\" class=\"elementor elementor-9235 elementor-6692\" data-elementor-post-type=\"elementor_library\">\n\t\t\t\t\t<section class=\"elementor-section elementor-top-section elementor-element elementor-element-3fac42d8 white-links elementor-section-boxed elementor-section-height-default elementor-section-height-default\" data-id=\"3fac42d8\" data-element_type=\"section\">\n\t\t\t\t\t\t<div class=\"elementor-container elementor-column-gap-default\">\n\t\t\t\t\t<div class=\"elementor-column elementor-col-100 elementor-top-column elementor-element elementor-element-1abfc1fb\" data-id=\"1abfc1fb\" data-element_type=\"column\" data-settings=\"{&quot;background_background&quot;:&quot;classic&quot;}\">\n\t\t\t<div class=\"elementor-widget-wrap elementor-element-populated\">\n\t\t\t\t\t\t<div class=\"elementor-element elementor-element-da98a85 elementor-widget elementor-widget-heading\" data-id=\"da98a85\" data-element_type=\"widget\" data-widget_type=\"heading.default\">\n\t\t\t\t<div class=\"elementor-widget-container\">\n\t\t\t\t\t<h4 class=\"elementor-heading-title elementor-size-default\"><a href=\"https:\/\/www.ipa.ee\/da\/om-os\/\">Om os<\/a><\/h4>\t\t\t\t<\/div>\n\t\t\t\t<\/div>\n\t\t\t\t<div class=\"elementor-element elementor-element-28092c74 elementor-widget elementor-widget-text-editor\" data-id=\"28092c74\" data-element_type=\"widget\" data-widget_type=\"text-editor.default\">\n\t\t\t\t<div class=\"elementor-widget-container\">\n\t\t\t\t\t\t\t\t\t<p><a href=\"https:\/\/www.ipa.ee\/da\/vision-og-mission\/\">Vision og mission<\/a><\/p>\n<p><a href=\"https:\/\/www.ipa.ee\/da\/estland\/\">Estland<\/a><\/p>\n\t\t\t\t\t\t\t\t<\/div>\n\t\t\t\t<\/div>\n\t\t\t\t\t<\/div>\n\t\t<\/div>\n\t\t\t\t\t<\/div>\n\t\t<\/section>\n\t\t\t\t<\/div>\n\t\t<\/div>\n\t\t\t\t\t\t<\/div>\n\t\t\t\t<\/div>\n\t\t\t\t\t<\/div>\n\t\t<\/div>\n\t\t\t\t<div class=\"elementor-column elementor-col-50 elementor-inner-column elementor-element elementor-element-2b2b9a7\" data-id=\"2b2b9a7\" data-element_type=\"column\" data-settings=\"{&quot;background_background&quot;:&quot;classic&quot;}\">\n\t\t\t<div class=\"elementor-widget-wrap\">\n\t\t\t\t\t\t\t<\/div>\n\t\t<\/div>\n\t\t\t\t\t<\/div>\n\t\t<\/section>\n\t\t\t\t<section class=\"elementor-section elementor-inner-section elementor-element elementor-element-c57b1db elementor-section-boxed elementor-section-height-default elementor-section-height-default\" data-id=\"c57b1db\" data-element_type=\"section\">\n\t\t\t\t\t\t<div class=\"elementor-container elementor-column-gap-default\">\n\t\t\t\t\t<div class=\"elementor-column elementor-col-50 elementor-inner-column elementor-element elementor-element-bf71779 yellow-block\" data-id=\"bf71779\" data-element_type=\"column\" data-settings=\"{&quot;background_background&quot;:&quot;classic&quot;}\">\n\t\t\t<div class=\"elementor-widget-wrap elementor-element-populated\">\n\t\t\t\t\t\t<div class=\"elementor-element elementor-element-150124d elementor-widget elementor-widget-html\" data-id=\"150124d\" data-element_type=\"widget\" data-widget_type=\"html.default\">\n\t\t\t\t<div class=\"elementor-widget-container\">\n\t\t\t\t\t<div style=\"background:#FCFF54;width:100%;height:90px;\"><\/div>\t\t\t\t<\/div>\n\t\t\t\t<\/div>\n\t\t\t\t\t<\/div>\n\t\t<\/div>\n\t\t\t\t<div class=\"elementor-column elementor-col-25 elementor-inner-column elementor-element elementor-element-bc75362\" data-id=\"bc75362\" data-element_type=\"column\">\n\t\t\t<div class=\"elementor-widget-wrap elementor-element-populated\">\n\t\t\t\t\t\t<div class=\"elementor-element elementor-element-dfb87ae content-page-yellow-bar elementor-widget elementor-widget-heading\" data-id=\"dfb87ae\" data-element_type=\"widget\" data-widget_type=\"heading.default\">\n\t\t\t\t<div class=\"elementor-widget-container\">\n\t\t\t\t\t<h1 class=\"elementor-heading-title elementor-size-default\">IPA t\u00f6\u00f6andjana<\/h1>\t\t\t\t<\/div>\n\t\t\t\t<\/div>\n\t\t\t\t<div class=\"elementor-element elementor-element-6690ab4 elementor-widget elementor-widget-spacer\" data-id=\"6690ab4\" data-element_type=\"widget\" data-widget_type=\"spacer.default\">\n\t\t\t\t<div class=\"elementor-widget-container\">\n\t\t\t\t\t\t\t<div class=\"elementor-spacer\">\n\t\t\t<div class=\"elementor-spacer-inner\"><\/div>\n\t\t<\/div>\n\t\t\t\t\t\t<\/div>\n\t\t\t\t<\/div>\n\t\t\t\t<div class=\"elementor-element elementor-element-72d152f elementor-widget__width-initial elementor-widget elementor-widget-image\" data-id=\"72d152f\" data-element_type=\"widget\" data-widget_type=\"image.default\">\n\t\t\t\t<div class=\"elementor-widget-container\">\n\t\t\t\t\t\t\t\t\t\t\t\t\t\t\t<img decoding=\"async\" src=\"https:\/\/www.ipa.ee\/wp-content\/uploads\/elementor\/thumbs\/Parim-tookeskkond-q4t3ycujzct9jstgonwcv6oxxzpvbys29enjocw248.png\" title=\"Parim t\u00f6\u00f6keskkond\" alt=\"Parim t\u00f6\u00f6keskkond\" loading=\"lazy\" \/>\t\t\t\t\t\t\t\t\t\t\t\t\t\t\t<\/div>\n\t\t\t\t<\/div>\n\t\t\t\t<div class=\"elementor-element elementor-element-a465f4a elementor-widget__width-initial elementor-widget elementor-widget-spacer\" data-id=\"a465f4a\" data-element_type=\"widget\" data-widget_type=\"spacer.default\">\n\t\t\t\t<div class=\"elementor-widget-container\">\n\t\t\t\t\t\t\t<div class=\"elementor-spacer\">\n\t\t\t<div class=\"elementor-spacer-inner\"><\/div>\n\t\t<\/div>\n\t\t\t\t\t\t<\/div>\n\t\t\t\t<\/div>\n\t\t\t\t<div class=\"elementor-element elementor-element-91cab0d elementor-widget__width-initial elementor-widget elementor-widget-text-editor\" data-id=\"91cab0d\" data-element_type=\"widget\" data-widget_type=\"text-editor.default\">\n\t\t\t\t<div class=\"elementor-widget-container\">\n\t\t\t\t\t\t\t\t\t<p style=\"text-align: justify; background-image: initial; background-position: initial; background-size: initial; background-repeat: initial; background-attachment: initial; background-origin: initial; background-clip: initial;\">\u00a0<\/p><div><span style=\"text-align: justify;\">2022 aastal v\u00f5itis Interconnect Product Assembly AS T\u00f6\u00f6inspektsiooni poolt korraldatud konkursil suuremate ettev\u00f5tete kategoorias auhinna HEA T\u00d6\u00d6KESKKOND 2022. T\u00f6\u00f6inspektsioon tunnustab igal aastal ettev\u00f5tteid hea t\u00f6\u00f6keskkonna arendamise eest ning t\u00f5stetakse esile ettev\u00f5tteid, kus v\u00e4\u00e4rtustatakse t\u00f6\u00f6tajate tervist s\u00e4\u00e4stvat t\u00f6\u00f6keskkonda ja ohutut t\u00f6\u00f6tamist.<\/span><\/div><p style=\"text-align: justify; background-image: initial; background-position: initial; background-size: initial; background-repeat: initial; background-attachment: initial; background-origin: initial; background-clip: initial;\">\u00a0<\/p>\t\t\t\t\t\t\t\t<\/div>\n\t\t\t\t<\/div>\n\t\t\t\t<div class=\"elementor-element elementor-element-bd0971c elementor-widget elementor-widget-spacer\" data-id=\"bd0971c\" data-element_type=\"widget\" data-widget_type=\"spacer.default\">\n\t\t\t\t<div class=\"elementor-widget-container\">\n\t\t\t\t\t\t\t<div class=\"elementor-spacer\">\n\t\t\t<div class=\"elementor-spacer-inner\"><\/div>\n\t\t<\/div>\n\t\t\t\t\t\t<\/div>\n\t\t\t\t<\/div>\n\t\t\t\t<div class=\"elementor-element elementor-element-73183ae elementor-widget__width-initial elementor-widget elementor-widget-image\" data-id=\"73183ae\" data-element_type=\"widget\" data-widget_type=\"image.default\">\n\t\t\t\t<div class=\"elementor-widget-container\">\n\t\t\t\t\t\t\t\t\t\t\t\t\t\t\t<img decoding=\"async\" src=\"https:\/\/www.ipa.ee\/wp-content\/uploads\/elementor\/thumbs\/Austame-erinevusi-1-q4szogpt1u43sxo8mzsckt23x9c2k5vr8qk11k0iqw.png\" title=\"Austame erinevusi\" alt=\"Austame erinevusi\" loading=\"lazy\" \/>\t\t\t\t\t\t\t\t\t\t\t\t\t\t\t<\/div>\n\t\t\t\t<\/div>\n\t\t\t\t<div class=\"elementor-element elementor-element-761f828 elementor-widget__width-initial elementor-widget elementor-widget-spacer\" data-id=\"761f828\" data-element_type=\"widget\" data-widget_type=\"spacer.default\">\n\t\t\t\t<div class=\"elementor-widget-container\">\n\t\t\t\t\t\t\t<div class=\"elementor-spacer\">\n\t\t\t<div class=\"elementor-spacer-inner\"><\/div>\n\t\t<\/div>\n\t\t\t\t\t\t<\/div>\n\t\t\t\t<\/div>\n\t\t\t\t<div class=\"elementor-element elementor-element-a8f7b08 elementor-widget__width-initial elementor-widget elementor-widget-text-editor\" data-id=\"a8f7b08\" data-element_type=\"widget\" data-widget_type=\"text-editor.default\">\n\t\t\t\t<div class=\"elementor-widget-container\">\n\t\t\t\t\t\t\t\t\t<p style=\"margin: 0cm; text-align: justify; background-image: initial; background-position: initial; background-size: initial; background-repeat: initial; background-attachment: initial; background-origin: initial; background-clip: initial;\">Interconnect Product Assembly AS on Eesti Inim\u00f5iguste Keskuse poolt tunnustatud kvaliteedim\u00e4rgiga \u201eAustame erinevusi\u201c. Tunnustus on antud Eestis 48-le organisatsioonile, kes hoolivad oma t\u00f6\u00f6tajatest,\u00a0 hindavad v\u00f5rdsest kohtlemist ja v\u00e4\u00e4rtustavad kaasatust. IPA teeb igap\u00e4evaselt sisulist t\u00f6\u00f6d mitmekesise ja kaasava t\u00f6\u00f6keskkonna arendamiseks.<\/p>\t\t\t\t\t\t\t\t<\/div>\n\t\t\t\t<\/div>\n\t\t\t\t<div class=\"elementor-element elementor-element-0265d43 elementor-widget elementor-widget-spacer\" data-id=\"0265d43\" data-element_type=\"widget\" data-widget_type=\"spacer.default\">\n\t\t\t\t<div class=\"elementor-widget-container\">\n\t\t\t\t\t\t\t<div class=\"elementor-spacer\">\n\t\t\t<div class=\"elementor-spacer-inner\"><\/div>\n\t\t<\/div>\n\t\t\t\t\t\t<\/div>\n\t\t\t\t<\/div>\n\t\t\t\t<div class=\"elementor-element elementor-element-8d45a3e elementor-widget__width-initial elementor-widget elementor-widget-image\" data-id=\"8d45a3e\" data-element_type=\"widget\" data-widget_type=\"image.default\">\n\t\t\t\t<div class=\"elementor-widget-container\">\n\t\t\t\t\t\t\t\t\t\t\t\t\t\t\t<img decoding=\"async\" src=\"https:\/\/www.ipa.ee\/wp-content\/uploads\/elementor\/thumbs\/Mitmekesisuse-kokkulepe-1-q4szqf86cdpkeezizg9m2yknjalld1v1i69bwb2cts.png\" title=\"Mitmekesisuse kokkulepe\" alt=\"Mitmekesisuse kokkulepe\" loading=\"lazy\" \/>\t\t\t\t\t\t\t\t\t\t\t\t\t\t\t<\/div>\n\t\t\t\t<\/div>\n\t\t\t\t<div class=\"elementor-element elementor-element-7132fd7 elementor-widget__width-initial elementor-widget elementor-widget-spacer\" data-id=\"7132fd7\" data-element_type=\"widget\" data-widget_type=\"spacer.default\">\n\t\t\t\t<div class=\"elementor-widget-container\">\n\t\t\t\t\t\t\t<div class=\"elementor-spacer\">\n\t\t\t<div class=\"elementor-spacer-inner\"><\/div>\n\t\t<\/div>\n\t\t\t\t\t\t<\/div>\n\t\t\t\t<\/div>\n\t\t\t\t<div class=\"elementor-element elementor-element-93e9d5d elementor-widget__width-initial elementor-widget elementor-widget-text-editor\" data-id=\"93e9d5d\" data-element_type=\"widget\" data-widget_type=\"text-editor.default\">\n\t\t\t\t<div class=\"elementor-widget-container\">\n\t\t\t\t\t\t\t\t\t<p style=\"margin-top: 0cm; text-align: justify; background-image: initial; background-position: initial; background-size: initial; background-repeat: initial; background-attachment: initial; background-origin: initial; background-clip: initial;\"><span style=\"background-image: initial; background-position: initial; background-size: initial; background-repeat: initial; background-attachment: initial; background-origin: initial; background-clip: initial;\">2022 aasta\u00a0kevadel liitus IPA mitmekesisuse kokkuleppega, millega kinnitasime, et austame\u00a0inimeste mitmekesisust ning v\u00e4\u00e4rtustame v\u00f5rdse kohtlemise p\u00f5him\u00f5tet nii oma\u00a0t\u00f6\u00f6tajate, partnerite kui klientide seas.<\/span><\/p>\t\t\t\t\t\t\t\t<\/div>\n\t\t\t\t<\/div>\n\t\t\t\t<div class=\"elementor-element elementor-element-17fbb1a elementor-widget elementor-widget-spacer\" data-id=\"17fbb1a\" data-element_type=\"widget\" data-widget_type=\"spacer.default\">\n\t\t\t\t<div class=\"elementor-widget-container\">\n\t\t\t\t\t\t\t<div class=\"elementor-spacer\">\n\t\t\t<div class=\"elementor-spacer-inner\"><\/div>\n\t\t<\/div>\n\t\t\t\t\t\t<\/div>\n\t\t\t\t<\/div>\n\t\t\t\t<div class=\"elementor-element elementor-element-45b9b29 elementor-widget__width-initial elementor-widget elementor-widget-image\" data-id=\"45b9b29\" data-element_type=\"widget\" data-widget_type=\"image.default\">\n\t\t\t\t<div class=\"elementor-widget-container\">\n\t\t\t\t\t\t\t\t\t\t\t\t\t\t\t<img decoding=\"async\" src=\"https:\/\/www.ipa.ee\/wp-content\/uploads\/elementor\/thumbs\/TET_margis_24_EE_sinine_RGB-qkkm69qxv7h99g83i0gi8ositq97dpo7zrn5djjjvc.jpg\" title=\"TET_m\u00e4rgis_24_EE_sinine_RGB\" alt=\"TET_m\u00e4rgis_24_EE_sinine_RGB\" loading=\"lazy\" \/>\t\t\t\t\t\t\t\t\t\t\t\t\t\t\t<\/div>\n\t\t\t\t<\/div>\n\t\t\t\t<div class=\"elementor-element elementor-element-e56b27c elementor-widget__width-initial elementor-widget elementor-widget-spacer\" data-id=\"e56b27c\" data-element_type=\"widget\" data-widget_type=\"spacer.default\">\n\t\t\t\t<div class=\"elementor-widget-container\">\n\t\t\t\t\t\t\t<div class=\"elementor-spacer\">\n\t\t\t<div class=\"elementor-spacer-inner\"><\/div>\n\t\t<\/div>\n\t\t\t\t\t\t<\/div>\n\t\t\t\t<\/div>\n\t\t\t\t<div class=\"elementor-element elementor-element-700a27e elementor-widget__width-initial elementor-widget elementor-widget-text-editor\" data-id=\"700a27e\" data-element_type=\"widget\" data-widget_type=\"text-editor.default\">\n\t\t\t\t<div class=\"elementor-widget-container\">\n\t\t\t\t\t\t\t\t\t<p>Tervise Arengu Instituut (TAI) koost\u00f6\u00f6s T\u00f6\u00f6inspektsiooniga <strong>on IPA-le omistanud m\u00e4rgise \u201cTervist edendav t\u00f6\u00f6koht\u201d <\/strong><br \/>\u201cTervist edendav t\u00f6\u00f6koht\u201d m\u00e4rgis kannab s\u00f5numit, et seda omavas organisatsioonis v\u00e4\u00e4rtustatakse t\u00f6\u00f6tajaid ja tegeletakse j\u00e4rjepidevalt turvalise, tervist v\u00e4\u00e4rtustava, tervislikke eluviise ning valikuid soodustava keskkonna kujundamisega.<\/p><p>IPA:<\/p><ul><li>toetab mitmeti t\u00f6\u00f6tajate liikumisaktiivsust (Stebby, tasuta trennid, sportlikud v\u00e4ljakutsed)<\/li><li>pakub t\u00f6\u00f6tajatele t\u00e4iendavat tervisekindlustust (sh. vaimse tervise tugi)<\/li><li>v\u00f5imaldab sooja ja mitmek\u00fclgset toitu t\u00f6\u00f6p\u00e4evadel<\/li><li>v\u00e4\u00e4rtustab, kaasab ja tunnustab t\u00f6\u00f6tajaid<\/li><li>t\u00e4idab korrektselt seadusest tulenevaid n\u00f5udeid<\/li><\/ul>\t\t\t\t\t\t\t\t<\/div>\n\t\t\t\t<\/div>\n\t\t\t\t<div class=\"elementor-element elementor-element-ca5920c elementor-widget elementor-widget-spacer\" data-id=\"ca5920c\" data-element_type=\"widget\" data-widget_type=\"spacer.default\">\n\t\t\t\t<div class=\"elementor-widget-container\">\n\t\t\t\t\t\t\t<div class=\"elementor-spacer\">\n\t\t\t<div class=\"elementor-spacer-inner\"><\/div>\n\t\t<\/div>\n\t\t\t\t\t\t<\/div>\n\t\t\t\t<\/div>\n\t\t\t\t<div class=\"elementor-element elementor-element-c6d709e elementor-widget elementor-widget-text-editor\" data-id=\"c6d709e\" data-element_type=\"widget\" data-widget_type=\"text-editor.default\">\n\t\t\t\t<div class=\"elementor-widget-container\">\n\t\t\t\t\t\t\t\t\t<p>IPA-s kehtib protseduur <b><span style=\"color: #2c2f2d; background-image: initial; background-position: initial; background-size: initial; background-repeat: initial; background-attachment: initial; background-origin: initial; background-clip: initial;\">Eetika rikkumisest teavitamine ja <\/span><\/b>k\u00e4sitlemine IPA AS , mille eesm\u00e4rk on luua turvaline ja efektiivne viis t\u00f6\u00f6keskkonnas teada saadud rikkumisest teavitamiseks. Teavitamise tulemusena hoitakse rikkumine \u00e4ra v\u00f5i k\u00f5rvaldatakse see nii, et selle t\u00f5ttu tekkiv kahju oleks minimaalne ning puudutaks v\u00f5imalikult v\u00e4he inimesi. Kui Sa m\u00e4rkad IPA-s \u00f5igus- v\u00f5i eetikanormidega vastuolus olev tegu v\u00f5i tegevusetust, siis teavita sellest <a href=\"&#x6d;&#x61;&#x69;&#x6c;&#x74;&#x6f;&#x3a;&#101;&#101;&#116;&#105;&#107;a&#64;ip&#x61;&#x2e;&#x65;&#x65;\"><span style=\"color: windowtext;\">e&#101;&#x74;&#x69;k&#97;&#x40;&#x69;p&#97;&#46;&#x65;&#x65;<\/span><\/a>.<\/p>\t\t\t\t\t\t\t\t<\/div>\n\t\t\t\t<\/div>\n\t\t\t\t<div class=\"elementor-element elementor-element-6d4b52a elementor-widget elementor-widget-spacer\" data-id=\"6d4b52a\" data-element_type=\"widget\" data-widget_type=\"spacer.default\">\n\t\t\t\t<div class=\"elementor-widget-container\">\n\t\t\t\t\t\t\t<div class=\"elementor-spacer\">\n\t\t\t<div class=\"elementor-spacer-inner\"><\/div>\n\t\t<\/div>\n\t\t\t\t\t\t<\/div>\n\t\t\t\t<\/div>\n\t\t\t\t\t<\/div>\n\t\t<\/div>\n\t\t\t\t<div class=\"elementor-column elementor-col-25 elementor-inner-column elementor-element elementor-element-0bd8f1c\" data-id=\"0bd8f1c\" data-element_type=\"column\" data-settings=\"{&quot;background_background&quot;:&quot;classic&quot;}\">\n\t\t\t<div class=\"elementor-widget-wrap elementor-element-populated\">\n\t\t\t\t\t\t<div class=\"elementor-element elementor-element-627d3cb elementor-widget elementor-widget-spacer\" data-id=\"627d3cb\" data-element_type=\"widget\" data-widget_type=\"spacer.default\">\n\t\t\t\t<div class=\"elementor-widget-container\">\n\t\t\t\t\t\t\t<div class=\"elementor-spacer\">\n\t\t\t<div class=\"elementor-spacer-inner\"><\/div>\n\t\t<\/div>\n\t\t\t\t\t\t<\/div>\n\t\t\t\t<\/div>\n\t\t\t\t\t<\/div>\n\t\t<\/div>\n\t\t\t\t\t<\/div>\n\t\t<\/section>\n\t\t\t\t\t<\/div>\n\t\t<\/div>\n\t\t\t\t\t<\/div>\n\t\t<\/section>\n\t\t\t\t<\/div>\n\t\t","protected":false},"excerpt":{"rendered":"<p>IPA t\u00f6\u00f6andjana \u00a0 2022 aastal v\u00f5itis Interconnect Product Assembly AS T\u00f6\u00f6inspektsiooni poolt korraldatud konkursil suuremate ettev\u00f5tete kategoorias auhinna HEA T\u00d6\u00d6KESKKOND 2022. T\u00f6\u00f6inspektsioon tunnustab igal aastal ettev\u00f5tteid hea t\u00f6\u00f6keskkonna arendamise eest ning t\u00f5stetakse esile ettev\u00f5tteid, kus v\u00e4\u00e4rtustatakse t\u00f6\u00f6tajate tervist s\u00e4\u00e4stvat t\u00f6\u00f6keskkonda ja ohutut t\u00f6\u00f6tamist. \u00a0 Interconnect Product Assembly AS on Eesti Inim\u00f5iguste Keskuse poolt tunnustatud kvaliteedim\u00e4rgiga [&hellip;]<\/p>\n","protected":false},"author":5,"featured_media":0,"parent":0,"menu_order":0,"comment_status":"closed","ping_status":"closed","template":"","meta":{"_monsterinsights_skip_tracking":false,"_monsterinsights_sitenote_active":false,"_monsterinsights_sitenote_note":"","_monsterinsights_sitenote_category":0,"footnotes":""},"class_list":["post-16211","page","type-page","status-publish","hentry"],"aioseo_notices":[],"_links":{"self":[{"href":"https:\/\/www.ipa.ee\/da\/wp-json\/wp\/v2\/pages\/16211","targetHints":{"allow":["GET"]}}],"collection":[{"href":"https:\/\/www.ipa.ee\/da\/wp-json\/wp\/v2\/pages"}],"about":[{"href":"https:\/\/www.ipa.ee\/da\/wp-json\/wp\/v2\/types\/page"}],"author":[{"embeddable":true,"href":"https:\/\/www.ipa.ee\/da\/wp-json\/wp\/v2\/users\/5"}],"replies":[{"embeddable":true,"href":"https:\/\/www.ipa.ee\/da\/wp-json\/wp\/v2\/comments?post=16211"}],"version-history":[{"count":18,"href":"https:\/\/www.ipa.ee\/da\/wp-json\/wp\/v2\/pages\/16211\/revisions"}],"predecessor-version":[{"id":17036,"href":"https:\/\/www.ipa.ee\/da\/wp-json\/wp\/v2\/pages\/16211\/revisions\/17036"}],"wp:attachment":[{"href":"https:\/\/www.ipa.ee\/da\/wp-json\/wp\/v2\/media?parent=16211"}],"curies":[{"name":"wp","href":"https:\/\/api.w.org\/{rel}","templated":true}]}}