{"id":9186,"date":"2020-10-11T16:54:44","date_gmt":"2020-10-11T13:54:44","guid":{"rendered":"https:\/\/www.ipa.ee\/montage-af-kabelbundter\/"},"modified":"2021-05-18T12:56:37","modified_gmt":"2021-05-18T09:56:37","slug":"montage-af-kabelbundter","status":"publish","type":"page","link":"https:\/\/www.ipa.ee\/da\/montage-af-kabelbundter\/","title":{"rendered":"Montage af kabelbundter"},"content":{"rendered":"\t\t<div data-elementor-type=\"wp-page\" data-elementor-id=\"9186\" class=\"elementor elementor-9186 elementor-5028\" data-elementor-post-type=\"page\">\n\t\t\t\t\t\t<section class=\"elementor-section elementor-top-section elementor-element elementor-element-9ec947d elementor-section-full_width elementor-section-stretched elementor-section-height-default elementor-section-height-default\" data-id=\"9ec947d\" data-element_type=\"section\" data-settings=\"{&quot;stretch_section&quot;:&quot;section-stretched&quot;}\">\n\t\t\t\t\t\t<div class=\"elementor-container elementor-column-gap-default\">\n\t\t\t\t\t<div class=\"elementor-column elementor-col-100 elementor-top-column elementor-element elementor-element-edc47a2\" data-id=\"edc47a2\" data-element_type=\"column\">\n\t\t\t<div class=\"elementor-widget-wrap elementor-element-populated\">\n\t\t\t\t\t\t<section class=\"elementor-section elementor-inner-section elementor-element elementor-element-4b484a7 elementor-section-boxed elementor-section-height-default elementor-section-height-default\" data-id=\"4b484a7\" data-element_type=\"section\">\n\t\t\t\t\t\t<div class=\"elementor-container elementor-column-gap-default\">\n\t\t\t\t\t<div class=\"elementor-column elementor-col-50 elementor-inner-column elementor-element elementor-element-837b2e4\" data-id=\"837b2e4\" data-element_type=\"column\" data-settings=\"{&quot;background_background&quot;:&quot;classic&quot;}\">\n\t\t\t<div class=\"elementor-widget-wrap elementor-element-populated\">\n\t\t\t\t\t\t<div class=\"elementor-element elementor-element-c21fda6 elementor-widget elementor-widget-shortcode\" data-id=\"c21fda6\" data-element_type=\"widget\" data-widget_type=\"shortcode.default\">\n\t\t\t\t<div class=\"elementor-widget-container\">\n\t\t\t\t\t\t\t<div class=\"elementor-shortcode\">\t\t<div data-elementor-type=\"single-post\" data-elementor-id=\"9239\" class=\"elementor elementor-9239 elementor-6809\" data-elementor-post-type=\"elementor_library\">\n\t\t\t\t\t<section class=\"elementor-section elementor-top-section elementor-element elementor-element-49731177 white-links elementor-section-boxed elementor-section-height-default elementor-section-height-default\" data-id=\"49731177\" data-element_type=\"section\">\n\t\t\t\t\t\t<div class=\"elementor-container elementor-column-gap-default\">\n\t\t\t\t\t<div class=\"elementor-column elementor-col-100 elementor-top-column elementor-element elementor-element-326cf704\" data-id=\"326cf704\" data-element_type=\"column\" data-settings=\"{&quot;background_background&quot;:&quot;classic&quot;}\">\n\t\t\t<div class=\"elementor-widget-wrap elementor-element-populated\">\n\t\t\t\t\t\t<div class=\"elementor-element elementor-element-0a906bb elementor-widget elementor-widget-heading\" data-id=\"0a906bb\" data-element_type=\"widget\" data-widget_type=\"heading.default\">\n\t\t\t\t<div class=\"elementor-widget-container\">\n\t\t\t\t\t<h4 class=\"elementor-heading-title elementor-size-default\"><a href=\"https:\/\/www.ipa.ee\/da\/ydelser\/\">Ydelser<\/a><\/h4>\t\t\t\t<\/div>\n\t\t\t\t<\/div>\n\t\t\t\t<div class=\"elementor-element elementor-element-5d9a0df elementor-widget elementor-widget-text-editor\" data-id=\"5d9a0df\" data-element_type=\"widget\" data-widget_type=\"text-editor.default\">\n\t\t\t\t<div class=\"elementor-widget-container\">\n\t\t\t\t\t\t\t\t\t<p><a href=\"https:\/\/www.ipa.ee\/da\/komplette-kontraktproduktionsloesninger\/\">Komplette kontraktproduktionsl\u00f8sninger<\/a><\/p>\n<p><a href=\"https:\/\/www.ipa.ee\/da\/design-fremstilling-af-prototyper\/\">Design, fremstilling af prototyper<\/a><\/p>\n<p><a href=\"https:\/\/www.ipa.ee\/da\/styring-af-vaerdikaeder\/\">Styring af v\u00e6rdik\u00e6der<\/a><\/p>\n<p><a href=\"https:\/\/www.ipa.ee\/da\/montage-af-kabelbundter\/\">Montage af kabelbundter<\/a><\/p>\n<p><a href=\"https:\/\/www.ipa.ee\/da\/mekanisk-montage\/\">Mekanisk montage<\/a><\/p>\n<p><a href=\"https:\/\/www.ipa.ee\/da\/elektrisk-montage\/\">Elektrisk montage<\/a><\/p>\n<p><a href=\"https:\/\/www.ipa.ee\/da\/opvarmning-ventilation-og-aircondition-hvac\/\">Opvarmning, ventilation og aircondition (HVAC)<\/a><\/p>\n<p><a href=\"https:\/\/www.ipa.ee\/da\/hubsourcing\/\">Hubsourcing<\/a><\/p>\n\t\t\t\t\t\t\t\t<\/div>\n\t\t\t\t<\/div>\n\t\t\t\t\t<\/div>\n\t\t<\/div>\n\t\t\t\t\t<\/div>\n\t\t<\/section>\n\t\t\t\t<\/div>\n\t\t<\/div>\n\t\t\t\t\t\t<\/div>\n\t\t\t\t<\/div>\n\t\t\t\t\t<\/div>\n\t\t<\/div>\n\t\t\t\t<div class=\"elementor-column elementor-col-50 elementor-inner-column elementor-element elementor-element-3501c0d\" data-id=\"3501c0d\" data-element_type=\"column\" data-settings=\"{&quot;background_background&quot;:&quot;classic&quot;}\">\n\t\t\t<div class=\"elementor-widget-wrap elementor-element-populated\">\n\t\t\t\t\t\t<div class=\"elementor-element elementor-element-0028ad7 elementor-widget elementor-widget-heading\" data-id=\"0028ad7\" data-element_type=\"widget\" data-widget_type=\"heading.default\">\n\t\t\t\t<div class=\"elementor-widget-container\">\n\t\t\t\t\t<h2 class=\"elementor-heading-title elementor-size-default\">Montage af kabelbundter<\/h2>\t\t\t\t<\/div>\n\t\t\t\t<\/div>\n\t\t\t\t<div class=\"elementor-element elementor-element-1754d64 elementor-widget-divider--view-line elementor-widget elementor-widget-divider\" data-id=\"1754d64\" data-element_type=\"widget\" data-widget_type=\"divider.default\">\n\t\t\t\t<div class=\"elementor-widget-container\">\n\t\t\t\t\t\t\t<div class=\"elementor-divider\">\n\t\t\t<span class=\"elementor-divider-separator\">\n\t\t\t\t\t\t<\/span>\n\t\t<\/div>\n\t\t\t\t\t\t<\/div>\n\t\t\t\t<\/div>\n\t\t\t\t\t<\/div>\n\t\t<\/div>\n\t\t\t\t\t<\/div>\n\t\t<\/section>\n\t\t\t\t<section class=\"elementor-section elementor-inner-section elementor-element elementor-element-69ab6ef elementor-section-boxed elementor-section-height-default elementor-section-height-default\" data-id=\"69ab6ef\" data-element_type=\"section\">\n\t\t\t\t\t\t<div class=\"elementor-container elementor-column-gap-default\">\n\t\t\t\t\t<div class=\"elementor-column elementor-col-25 elementor-inner-column elementor-element elementor-element-60fce23 yellow-block\" data-id=\"60fce23\" data-element_type=\"column\" data-settings=\"{&quot;background_background&quot;:&quot;classic&quot;}\">\n\t\t\t<div class=\"elementor-widget-wrap elementor-element-populated\">\n\t\t\t\t\t\t<div class=\"elementor-element elementor-element-94b7f33 elementor-widget elementor-widget-html\" data-id=\"94b7f33\" data-element_type=\"widget\" data-widget_type=\"html.default\">\n\t\t\t\t<div class=\"elementor-widget-container\">\n\t\t\t\t\t<div style=\"background:#FCFF54;width:100%;height:90px;\"><\/div>\t\t\t\t<\/div>\n\t\t\t\t<\/div>\n\t\t\t\t\t<\/div>\n\t\t<\/div>\n\t\t\t\t<div class=\"elementor-column elementor-col-25 elementor-inner-column elementor-element elementor-element-fb24ca1\" data-id=\"fb24ca1\" data-element_type=\"column\">\n\t\t\t<div class=\"elementor-widget-wrap elementor-element-populated\">\n\t\t\t\t\t\t<div class=\"elementor-element elementor-element-c562f95 content-page-yellow-bar elementor-widget elementor-widget-heading\" data-id=\"c562f95\" data-element_type=\"widget\" data-widget_type=\"heading.default\">\n\t\t\t\t<div class=\"elementor-widget-container\">\n\t\t\t\t\t<h1 class=\"elementor-heading-title elementor-size-default\">Montage af kabelbundter<\/h1>\t\t\t\t<\/div>\n\t\t\t\t<\/div>\n\t\t\t\t<div class=\"elementor-element elementor-element-e6ff73b elementor-widget elementor-widget-text-editor\" data-id=\"e6ff73b\" data-element_type=\"widget\" data-widget_type=\"text-editor.default\">\n\t\t\t\t<div class=\"elementor-widget-container\">\n\t\t\t\t\t\t\t\t\t<p>IPA begyndte som leverand\u00f8r af kabelbundter, og dette er stadig en grundl\u00e6ggende del af vores aktiviteter, eftersom det ofte er udgangspunktet for et nyt kundeforhold.<\/p>\n<p>IPA har enorm erfaring p\u00e5 dette omr\u00e5de, og vi kan, med h\u00f8jtuddannede og erfarne medarbejdere, med stor selvtillid fremstille kabelbundter til stort set ethvert form\u00e5l. Fra discrete wires til 1.000 ledningsnet.<\/p>\n<p>IPA har investeret i det bedste udstyr, der er tilg\u00e6ngeligt, med henblik p\u00e5 denne proces &#8211; fra kabelforberedelsesudstyr til testning &#8211; og kan levere konformitetscertifikater for hver enkelt montage.<\/p>\n\t\t\t\t\t\t\t\t<\/div>\n\t\t\t\t<\/div>\n\t\t\t\t\t<\/div>\n\t\t<\/div>\n\t\t\t\t<div class=\"elementor-column elementor-col-50 elementor-inner-column elementor-element elementor-element-66bca8b\" data-id=\"66bca8b\" data-element_type=\"column\" data-settings=\"{&quot;background_background&quot;:&quot;classic&quot;}\">\n\t\t\t<div class=\"elementor-widget-wrap elementor-element-populated\">\n\t\t\t\t\t\t<div class=\"elementor-element elementor-element-a2d2307 elementor-widget elementor-widget-shortcode\" data-id=\"a2d2307\" data-element_type=\"widget\" data-widget_type=\"shortcode.default\">\n\t\t\t\t<div class=\"elementor-widget-container\">\n\t\t\t\t\t\t\t<div class=\"elementor-shortcode\">\n<\/div>\n\t\t\t\t\t\t<\/div>\n\t\t\t\t<\/div>\n\t\t\t\t<div class=\"elementor-element elementor-element-15a0947 elementor-widget elementor-widget-shortcode\" data-id=\"15a0947\" data-element_type=\"widget\" data-widget_type=\"shortcode.default\">\n\t\t\t\t<div class=\"elementor-widget-container\">\n\t\t\t\t\t\t\t<div class=\"elementor-shortcode\">\t\t<div data-elementor-type=\"single-post\" data-elementor-id=\"9238\" class=\"elementor elementor-9238 elementor-6813\" data-elementor-post-type=\"elementor_library\">\n\t\t\t\t\t<section class=\"elementor-section elementor-top-section elementor-element elementor-element-130fa6e0 elementor-section-boxed elementor-section-height-default elementor-section-height-default\" data-id=\"130fa6e0\" data-element_type=\"section\">\n\t\t\t\t\t\t<div class=\"elementor-container elementor-column-gap-default\">\n\t\t\t\t\t<div class=\"elementor-column elementor-col-100 elementor-top-column elementor-element elementor-element-35c5e58e\" data-id=\"35c5e58e\" data-element_type=\"column\" data-settings=\"{&quot;background_background&quot;:&quot;classic&quot;}\">\n\t\t\t<div class=\"elementor-widget-wrap elementor-element-populated\">\n\t\t\t\t\t\t<div class=\"elementor-element elementor-element-050e91a elementor-widget elementor-widget-heading\" data-id=\"050e91a\" data-element_type=\"widget\" data-widget_type=\"heading.default\">\n\t\t\t\t<div class=\"elementor-widget-container\">\n\t\t\t\t\t<h4 class=\"elementor-heading-title elementor-size-default\"><a href=\"https:\/\/www.ipa.ee\/da\/ydelser\/\">Ydelser<\/a><\/h4>\t\t\t\t<\/div>\n\t\t\t\t<\/div>\n\t\t\t\t<div class=\"elementor-element elementor-element-dd14b76 elementor-widget elementor-widget-text-editor\" data-id=\"dd14b76\" data-element_type=\"widget\" data-widget_type=\"text-editor.default\">\n\t\t\t\t<div class=\"elementor-widget-container\">\n\t\t\t\t\t\t\t\t\t<p><a class=\"content-page-sec-menu\" href=\"https:\/\/www.ipa.ee\/da\/komplette-kontraktproduktionsloesninger\/\">Komplette kontraktproduktionsl\u00f8sninger<\/a><\/p>\n<p><a class=\"content-page-sec-menu\" href=\"https:\/\/www.ipa.ee\/da\/design-fremstilling-af-prototyper\/\">Design, fremstilling af prototyper<\/a><\/p>\n<p><a class=\"content-page-sec-menu\" href=\"https:\/\/www.ipa.ee\/da\/styring-af-vaerdikaeder\/\">Styring af v\u00e6rdik\u00e6der<\/a><\/p>\n<p><a class=\"content-page-sec-menu\" href=\"https:\/\/www.ipa.ee\/da\/montage-af-kabelbundter\/\">Montage af kabelbundter<\/a><\/p>\n<p><a class=\"content-page-sec-menu\" href=\"https:\/\/www.ipa.ee\/da\/mekanisk-montage\/\">Mekanisk montage<\/a><\/p>\n<p><a class=\"content-page-sec-menu\" href=\"https:\/\/www.ipa.ee\/da\/elektrisk-montage\/\">Elektrisk montage<\/a><\/p>\n<p><a class=\"content-page-sec-menu\" href=\"https:\/\/www.ipa.ee\/da\/opvarmning-ventilation-og-aircondition-hvac\/\">Opvarmning, ventilation og aircondition (HVAC)<\/a><\/p>\n<p><a class=\"content-page-sec-menu\" href=\"https:\/\/www.ipa.ee\/da\/hubsourcing\/\">Hubsourcing<\/a><\/p>\n\t\t\t\t\t\t\t\t<\/div>\n\t\t\t\t<\/div>\n\t\t\t\t\t<\/div>\n\t\t<\/div>\n\t\t\t\t\t<\/div>\n\t\t<\/section>\n\t\t\t\t<\/div>\n\t\t<\/div>\n\t\t\t\t\t\t<\/div>\n\t\t\t\t<\/div>\n\t\t\t\t\t<\/div>\n\t\t<\/div>\n\t\t\t\t\t<\/div>\n\t\t<\/section>\n\t\t\t\t\t<\/div>\n\t\t<\/div>\n\t\t\t\t\t<\/div>\n\t\t<\/section>\n\t\t\t\t<\/div>\n\t\t","protected":false},"excerpt":{"rendered":"<p>Montage af kabelbundter Montage af kabelbundter IPA begyndte som leverand\u00f8r af kabelbundter, og dette er stadig en grundl\u00e6ggende del af vores aktiviteter, eftersom det ofte er udgangspunktet for et nyt kundeforhold. IPA har enorm erfaring p\u00e5 dette omr\u00e5de, og vi kan, med h\u00f8jtuddannede og erfarne medarbejdere, med stor selvtillid fremstille kabelbundter til stort set ethvert [&hellip;]<\/p>\n","protected":false},"author":5,"featured_media":0,"parent":0,"menu_order":0,"comment_status":"closed","ping_status":"closed","template":"","meta":{"_monsterinsights_skip_tracking":false,"_monsterinsights_sitenote_active":false,"_monsterinsights_sitenote_note":"","_monsterinsights_sitenote_category":0,"footnotes":""},"class_list":["post-9186","page","type-page","status-publish","hentry"],"aioseo_notices":[],"_links":{"self":[{"href":"https:\/\/www.ipa.ee\/da\/wp-json\/wp\/v2\/pages\/9186","targetHints":{"allow":["GET"]}}],"collection":[{"href":"https:\/\/www.ipa.ee\/da\/wp-json\/wp\/v2\/pages"}],"about":[{"href":"https:\/\/www.ipa.ee\/da\/wp-json\/wp\/v2\/types\/page"}],"author":[{"embeddable":true,"href":"https:\/\/www.ipa.ee\/da\/wp-json\/wp\/v2\/users\/5"}],"replies":[{"embeddable":true,"href":"https:\/\/www.ipa.ee\/da\/wp-json\/wp\/v2\/comments?post=9186"}],"version-history":[{"count":5,"href":"https:\/\/www.ipa.ee\/da\/wp-json\/wp\/v2\/pages\/9186\/revisions"}],"predecessor-version":[{"id":11710,"href":"https:\/\/www.ipa.ee\/da\/wp-json\/wp\/v2\/pages\/9186\/revisions\/11710"}],"wp:attachment":[{"href":"https:\/\/www.ipa.ee\/da\/wp-json\/wp\/v2\/media?parent=9186"}],"curies":[{"name":"wp","href":"https:\/\/api.w.org\/{rel}","templated":true}]}}