{"id":9263,"date":"2020-10-11T16:55:50","date_gmt":"2020-10-11T13:55:50","guid":{"rendered":"https:\/\/www.ipa.ee\/mechanische-montage\/"},"modified":"2021-05-18T12:55:51","modified_gmt":"2021-05-18T09:55:51","slug":"mechanische-montage","status":"publish","type":"page","link":"https:\/\/www.ipa.ee\/de\/mechanische-montage\/","title":{"rendered":"Mechanische Montage"},"content":{"rendered":"\t\t<div data-elementor-type=\"wp-page\" data-elementor-id=\"9263\" class=\"elementor elementor-9263 elementor-5032\" data-elementor-post-type=\"page\">\n\t\t\t\t\t\t<section class=\"elementor-section elementor-top-section elementor-element elementor-element-9ec947d elementor-section-full_width elementor-section-stretched elementor-section-height-default elementor-section-height-default\" data-id=\"9ec947d\" data-element_type=\"section\" data-settings=\"{&quot;stretch_section&quot;:&quot;section-stretched&quot;}\">\n\t\t\t\t\t\t<div class=\"elementor-container elementor-column-gap-default\">\n\t\t\t\t\t<div class=\"elementor-column elementor-col-100 elementor-top-column elementor-element elementor-element-edc47a2\" data-id=\"edc47a2\" data-element_type=\"column\">\n\t\t\t<div class=\"elementor-widget-wrap elementor-element-populated\">\n\t\t\t\t\t\t<section class=\"elementor-section elementor-inner-section elementor-element elementor-element-4b484a7 elementor-section-boxed elementor-section-height-default elementor-section-height-default\" data-id=\"4b484a7\" data-element_type=\"section\">\n\t\t\t\t\t\t<div class=\"elementor-container elementor-column-gap-default\">\n\t\t\t\t\t<div class=\"elementor-column elementor-col-50 elementor-inner-column elementor-element elementor-element-837b2e4\" data-id=\"837b2e4\" data-element_type=\"column\" data-settings=\"{&quot;background_background&quot;:&quot;classic&quot;}\">\n\t\t\t<div class=\"elementor-widget-wrap elementor-element-populated\">\n\t\t\t\t\t\t<div class=\"elementor-element elementor-element-ceb1b37 elementor-widget elementor-widget-shortcode\" data-id=\"ceb1b37\" data-element_type=\"widget\" data-widget_type=\"shortcode.default\">\n\t\t\t\t<div class=\"elementor-widget-container\">\n\t\t\t\t\t\t\t<div class=\"elementor-shortcode\">\t\t<div data-elementor-type=\"single-post\" data-elementor-id=\"9315\" class=\"elementor elementor-9315 elementor-6809\" data-elementor-post-type=\"elementor_library\">\n\t\t\t\t\t<section class=\"elementor-section elementor-top-section elementor-element elementor-element-49731177 white-links elementor-section-boxed elementor-section-height-default elementor-section-height-default\" data-id=\"49731177\" data-element_type=\"section\">\n\t\t\t\t\t\t<div class=\"elementor-container elementor-column-gap-default\">\n\t\t\t\t\t<div class=\"elementor-column elementor-col-100 elementor-top-column elementor-element elementor-element-326cf704\" data-id=\"326cf704\" data-element_type=\"column\" data-settings=\"{&quot;background_background&quot;:&quot;classic&quot;}\">\n\t\t\t<div class=\"elementor-widget-wrap elementor-element-populated\">\n\t\t\t\t\t\t<div class=\"elementor-element elementor-element-0a906bb elementor-widget elementor-widget-heading\" data-id=\"0a906bb\" data-element_type=\"widget\" data-widget_type=\"heading.default\">\n\t\t\t\t<div class=\"elementor-widget-container\">\n\t\t\t\t\t<h4 class=\"elementor-heading-title elementor-size-default\"><a href=\"https:\/\/www.ipa.ee\/de\/dienstleistungen\/\">Dienstleistungen<\/a><\/h4>\t\t\t\t<\/div>\n\t\t\t\t<\/div>\n\t\t\t\t<div class=\"elementor-element elementor-element-5d9a0df elementor-widget elementor-widget-text-editor\" data-id=\"5d9a0df\" data-element_type=\"widget\" data-widget_type=\"text-editor.default\">\n\t\t\t\t<div class=\"elementor-widget-container\">\n\t\t\t\t\t\t\t\t\t<p><a href=\"https:\/\/www.ipa.ee\/de\/komplette-loesungen-im-bereich-auftragsfertigung\/\">Komplette L\u00f6sungen im Bereich Auftragsfertigung<\/a><\/p>\n<p><a href=\"https:\/\/www.ipa.ee\/de\/design-und-prototyping\/\">Design und Prototyping<\/a><\/p>\n<p><a href=\"https:\/\/www.ipa.ee\/de\/lieferkettenmanagement\/\">Lieferkettenmanagement<\/a><\/p>\n<p><a href=\"https:\/\/www.ipa.ee\/de\/kabelbaumfertigung\/\">Kabelbaumfertigung<\/a><\/p>\n<p><a href=\"https:\/\/www.ipa.ee\/de\/mechanische-montage\/\">Mechanische Montage<\/a><\/p>\n<p><a href=\"https:\/\/www.ipa.ee\/de\/elektromontage\/\">Elektromontage<\/a><\/p>\n<p><a href=\"https:\/\/www.ipa.ee\/de\/heizung-lueftung-klimaanlage-hlk\/\">Heizung, L\u00fcftung &#038; Klimaanlage (HLK)<\/a><\/p>\n<p><a href=\"https:\/\/www.ipa.ee\/de\/hub-sourcing\/\">HUB Sourcing<\/a><\/p>\n\t\t\t\t\t\t\t\t<\/div>\n\t\t\t\t<\/div>\n\t\t\t\t\t<\/div>\n\t\t<\/div>\n\t\t\t\t\t<\/div>\n\t\t<\/section>\n\t\t\t\t<\/div>\n\t\t<\/div>\n\t\t\t\t\t\t<\/div>\n\t\t\t\t<\/div>\n\t\t\t\t\t<\/div>\n\t\t<\/div>\n\t\t\t\t<div class=\"elementor-column elementor-col-50 elementor-inner-column elementor-element elementor-element-3501c0d\" data-id=\"3501c0d\" data-element_type=\"column\" data-settings=\"{&quot;background_background&quot;:&quot;classic&quot;}\">\n\t\t\t<div class=\"elementor-widget-wrap elementor-element-populated\">\n\t\t\t\t\t\t<div class=\"elementor-element elementor-element-0028ad7 elementor-widget elementor-widget-heading\" data-id=\"0028ad7\" data-element_type=\"widget\" data-widget_type=\"heading.default\">\n\t\t\t\t<div class=\"elementor-widget-container\">\n\t\t\t\t\t<h2 class=\"elementor-heading-title elementor-size-default\">Mechanische Montage<\/h2>\t\t\t\t<\/div>\n\t\t\t\t<\/div>\n\t\t\t\t<div class=\"elementor-element elementor-element-1754d64 elementor-widget-divider--view-line elementor-widget elementor-widget-divider\" data-id=\"1754d64\" data-element_type=\"widget\" data-widget_type=\"divider.default\">\n\t\t\t\t<div class=\"elementor-widget-container\">\n\t\t\t\t\t\t\t<div class=\"elementor-divider\">\n\t\t\t<span class=\"elementor-divider-separator\">\n\t\t\t\t\t\t<\/span>\n\t\t<\/div>\n\t\t\t\t\t\t<\/div>\n\t\t\t\t<\/div>\n\t\t\t\t\t<\/div>\n\t\t<\/div>\n\t\t\t\t\t<\/div>\n\t\t<\/section>\n\t\t\t\t<section class=\"elementor-section elementor-inner-section elementor-element elementor-element-69ab6ef elementor-section-boxed elementor-section-height-default elementor-section-height-default\" data-id=\"69ab6ef\" data-element_type=\"section\">\n\t\t\t\t\t\t<div class=\"elementor-container elementor-column-gap-default\">\n\t\t\t\t\t<div class=\"elementor-column elementor-col-25 elementor-inner-column elementor-element elementor-element-60fce23 yellow-block\" data-id=\"60fce23\" data-element_type=\"column\" data-settings=\"{&quot;background_background&quot;:&quot;classic&quot;}\">\n\t\t\t<div class=\"elementor-widget-wrap elementor-element-populated\">\n\t\t\t\t\t\t<div class=\"elementor-element elementor-element-94b7f33 elementor-widget elementor-widget-html\" data-id=\"94b7f33\" data-element_type=\"widget\" data-widget_type=\"html.default\">\n\t\t\t\t<div class=\"elementor-widget-container\">\n\t\t\t\t\t<div style=\"background:#FCFF54;width:100%;height:90px;\"><\/div>\t\t\t\t<\/div>\n\t\t\t\t<\/div>\n\t\t\t\t\t<\/div>\n\t\t<\/div>\n\t\t\t\t<div class=\"elementor-column elementor-col-25 elementor-inner-column elementor-element elementor-element-fb24ca1\" data-id=\"fb24ca1\" data-element_type=\"column\">\n\t\t\t<div class=\"elementor-widget-wrap elementor-element-populated\">\n\t\t\t\t\t\t<div class=\"elementor-element elementor-element-c562f95 content-page-yellow-bar elementor-widget elementor-widget-heading\" data-id=\"c562f95\" data-element_type=\"widget\" data-widget_type=\"heading.default\">\n\t\t\t\t<div class=\"elementor-widget-container\">\n\t\t\t\t\t<h1 class=\"elementor-heading-title elementor-size-default\">Mechanische Montage<\/h1>\t\t\t\t<\/div>\n\t\t\t\t<\/div>\n\t\t\t\t<div class=\"elementor-element elementor-element-e6ff73b elementor-widget elementor-widget-text-editor\" data-id=\"e6ff73b\" data-element_type=\"widget\" data-widget_type=\"text-editor.default\">\n\t\t\t\t<div class=\"elementor-widget-container\">\n\t\t\t\t\t\t\t\t\t<p>Auf Wunsch etablierter Kunden stellt IPA auch mechanische Komponenten und Baugruppen als Teil einer Komplettlieferung zur Verf\u00fcgung.<\/p>\n<p>Auf diese Weise haben wir ein vertrauensw\u00fcrdiges, bew\u00e4hrtes Netzwerk von Partnerunternehmen aufgebaut, das bearbeitete und gefertigte Komponenten und Strukturen liefern kann.<\/p>\n\t\t\t\t\t\t\t\t<\/div>\n\t\t\t\t<\/div>\n\t\t\t\t<div class=\"elementor-element elementor-element-938c658 elementor-widget elementor-widget-heading\" data-id=\"938c658\" data-element_type=\"widget\" data-widget_type=\"heading.default\">\n\t\t\t\t<div class=\"elementor-widget-container\">\n\t\t\t\t\t<h4 class=\"elementor-heading-title elementor-size-default\">Diese Dienstleistungen umfassen:<\/h4>\t\t\t\t<\/div>\n\t\t\t\t<\/div>\n\t\t\t\t<div class=\"elementor-element elementor-element-5b78930 elementor-widget elementor-widget-text-editor\" data-id=\"5b78930\" data-element_type=\"widget\" data-widget_type=\"text-editor.default\">\n\t\t\t\t<div class=\"elementor-widget-container\">\n\t\t\t\t\t\t\t\t\t<ul>\n<li>Maschinelle Bearbeitung<\/li>\n<li>Laserschneiden<\/li>\n<li>Biegen<\/li>\n<li>Schwei\u00dfen<\/li>\n<li>Oberfl\u00e4chenbehandlung<\/li>\n<\/ul>\n\t\t\t\t\t\t\t\t<\/div>\n\t\t\t\t<\/div>\n\t\t\t\t<div class=\"elementor-element elementor-element-ef3a0a2 elementor-widget elementor-widget-text-editor\" data-id=\"ef3a0a2\" data-element_type=\"widget\" data-widget_type=\"text-editor.default\">\n\t\t\t\t<div class=\"elementor-widget-container\">\n\t\t\t\t\t\t\t\t\t<p>In allen F\u00e4llen \u00fcbernimmt IPA die volle Verantwortung f\u00fcr das Lieferkettenmanagement, die Genehmigung von Lieferanten und die Inspektion.<\/p>\n\t\t\t\t\t\t\t\t<\/div>\n\t\t\t\t<\/div>\n\t\t\t\t\t<\/div>\n\t\t<\/div>\n\t\t\t\t<div class=\"elementor-column elementor-col-50 elementor-inner-column elementor-element elementor-element-66bca8b\" data-id=\"66bca8b\" data-element_type=\"column\" data-settings=\"{&quot;background_background&quot;:&quot;classic&quot;}\">\n\t\t\t<div class=\"elementor-widget-wrap elementor-element-populated\">\n\t\t\t\t\t\t<div class=\"elementor-element elementor-element-35d016b elementor-widget elementor-widget-shortcode\" data-id=\"35d016b\" data-element_type=\"widget\" data-widget_type=\"shortcode.default\">\n\t\t\t\t<div class=\"elementor-widget-container\">\n\t\t\t\t\t\t\t<div class=\"elementor-shortcode\">\n<\/div>\n\t\t\t\t\t\t<\/div>\n\t\t\t\t<\/div>\n\t\t\t\t<div class=\"elementor-element elementor-element-23def3d elementor-widget elementor-widget-shortcode\" data-id=\"23def3d\" data-element_type=\"widget\" data-widget_type=\"shortcode.default\">\n\t\t\t\t<div class=\"elementor-widget-container\">\n\t\t\t\t\t\t\t<div class=\"elementor-shortcode\">\t\t<div data-elementor-type=\"single-post\" data-elementor-id=\"9316\" class=\"elementor elementor-9316 elementor-6813\" data-elementor-post-type=\"elementor_library\">\n\t\t\t\t\t<section class=\"elementor-section elementor-top-section elementor-element elementor-element-130fa6e0 elementor-section-boxed elementor-section-height-default elementor-section-height-default\" data-id=\"130fa6e0\" data-element_type=\"section\">\n\t\t\t\t\t\t<div class=\"elementor-container elementor-column-gap-default\">\n\t\t\t\t\t<div class=\"elementor-column elementor-col-100 elementor-top-column elementor-element elementor-element-35c5e58e\" data-id=\"35c5e58e\" data-element_type=\"column\" data-settings=\"{&quot;background_background&quot;:&quot;classic&quot;}\">\n\t\t\t<div class=\"elementor-widget-wrap elementor-element-populated\">\n\t\t\t\t\t\t<div class=\"elementor-element elementor-element-050e91a elementor-widget elementor-widget-heading\" data-id=\"050e91a\" data-element_type=\"widget\" data-widget_type=\"heading.default\">\n\t\t\t\t<div class=\"elementor-widget-container\">\n\t\t\t\t\t<h4 class=\"elementor-heading-title elementor-size-default\"><a href=\"https:\/\/www.ipa.ee\/de\/dienstleistungen\/\">Dienstleistungen<\/a><\/h4>\t\t\t\t<\/div>\n\t\t\t\t<\/div>\n\t\t\t\t<div class=\"elementor-element elementor-element-dd14b76 elementor-widget elementor-widget-text-editor\" data-id=\"dd14b76\" data-element_type=\"widget\" data-widget_type=\"text-editor.default\">\n\t\t\t\t<div class=\"elementor-widget-container\">\n\t\t\t\t\t\t\t\t\t<p><a class=\"content-page-sec-menu\" href=\"https:\/\/www.ipa.ee\/de\/komplette-loesungen-im-bereich-auftragsfertigung\/\">Komplette L\u00f6sungen im Bereich Auftragsfertigung<\/a><\/p>\n<p><a class=\"content-page-sec-menu\" href=\"https:\/\/www.ipa.ee\/de\/design-und-prototyping\/\">Design und Prototyping<\/a><\/p>\n<p><a class=\"content-page-sec-menu\" href=\"https:\/\/www.ipa.ee\/de\/lieferkettenmanagement\/\">Lieferkettenmanagement<\/a><\/p>\n<p><a class=\"content-page-sec-menu\" href=\"https:\/\/www.ipa.ee\/de\/kabelbaumfertigung\/\">Kabelbaumfertigung<\/a><\/p>\n<p><a class=\"content-page-sec-menu\" href=\"https:\/\/www.ipa.ee\/de\/mechanische-montage\/\">Mechanische Montage<\/a><\/p>\n<p><a class=\"content-page-sec-menu\" href=\"https:\/\/www.ipa.ee\/de\/elektromontage\/\">Elektromontage<\/a><\/p>\n<p><a class=\"content-page-sec-menu\" href=\"https:\/\/www.ipa.ee\/de\/heizung-lueftung-klimaanlage-hlk\/\">Heizung, L\u00fcftung &#038; Klimaanlage (HLK)<\/a><\/p>\n<p><a class=\"content-page-sec-menu\" href=\"https:\/\/www.ipa.ee\/de\/hub-sourcing\/\">HUB Sourcing<\/a><\/p>\n\t\t\t\t\t\t\t\t<\/div>\n\t\t\t\t<\/div>\n\t\t\t\t\t<\/div>\n\t\t<\/div>\n\t\t\t\t\t<\/div>\n\t\t<\/section>\n\t\t\t\t<\/div>\n\t\t<\/div>\n\t\t\t\t\t\t<\/div>\n\t\t\t\t<\/div>\n\t\t\t\t\t<\/div>\n\t\t<\/div>\n\t\t\t\t\t<\/div>\n\t\t<\/section>\n\t\t\t\t\t<\/div>\n\t\t<\/div>\n\t\t\t\t\t<\/div>\n\t\t<\/section>\n\t\t\t\t<\/div>\n\t\t","protected":false},"excerpt":{"rendered":"<p>Mechanische Montage Mechanische Montage Auf Wunsch etablierter Kunden stellt IPA auch mechanische Komponenten und Baugruppen als Teil einer Komplettlieferung zur Verf\u00fcgung. Auf diese Weise haben wir ein vertrauensw\u00fcrdiges, bew\u00e4hrtes Netzwerk von Partnerunternehmen aufgebaut, das bearbeitete und gefertigte Komponenten und Strukturen liefern kann. Diese Dienstleistungen umfassen: Maschinelle Bearbeitung Laserschneiden Biegen Schwei\u00dfen Oberfl\u00e4chenbehandlung In allen F\u00e4llen \u00fcbernimmt [&hellip;]<\/p>\n","protected":false},"author":5,"featured_media":0,"parent":0,"menu_order":0,"comment_status":"closed","ping_status":"closed","template":"","meta":{"_monsterinsights_skip_tracking":false,"_monsterinsights_sitenote_active":false,"_monsterinsights_sitenote_note":"","_monsterinsights_sitenote_category":0,"footnotes":""},"class_list":["post-9263","page","type-page","status-publish","hentry"],"aioseo_notices":[],"_links":{"self":[{"href":"https:\/\/www.ipa.ee\/de\/wp-json\/wp\/v2\/pages\/9263","targetHints":{"allow":["GET"]}}],"collection":[{"href":"https:\/\/www.ipa.ee\/de\/wp-json\/wp\/v2\/pages"}],"about":[{"href":"https:\/\/www.ipa.ee\/de\/wp-json\/wp\/v2\/types\/page"}],"author":[{"embeddable":true,"href":"https:\/\/www.ipa.ee\/de\/wp-json\/wp\/v2\/users\/5"}],"replies":[{"embeddable":true,"href":"https:\/\/www.ipa.ee\/de\/wp-json\/wp\/v2\/comments?post=9263"}],"version-history":[{"count":5,"href":"https:\/\/www.ipa.ee\/de\/wp-json\/wp\/v2\/pages\/9263\/revisions"}],"predecessor-version":[{"id":11688,"href":"https:\/\/www.ipa.ee\/de\/wp-json\/wp\/v2\/pages\/9263\/revisions\/11688"}],"wp:attachment":[{"href":"https:\/\/www.ipa.ee\/de\/wp-json\/wp\/v2\/media?parent=9263"}],"curies":[{"name":"wp","href":"https:\/\/api.w.org\/{rel}","templated":true}]}}