{"id":9267,"date":"2020-10-11T16:53:23","date_gmt":"2020-10-11T13:53:23","guid":{"rendered":"https:\/\/www.ipa.ee\/lieferkettenmanagement\/"},"modified":"2021-05-18T12:56:47","modified_gmt":"2021-05-18T09:56:47","slug":"lieferkettenmanagement","status":"publish","type":"page","link":"https:\/\/www.ipa.ee\/de\/lieferkettenmanagement\/","title":{"rendered":"Lieferkettenmanagement"},"content":{"rendered":"\t\t<div data-elementor-type=\"wp-page\" data-elementor-id=\"9267\" class=\"elementor elementor-9267 elementor-5024\" data-elementor-post-type=\"page\">\n\t\t\t\t\t\t<section class=\"elementor-section elementor-top-section elementor-element elementor-element-9ec947d elementor-section-full_width elementor-section-stretched elementor-section-height-default elementor-section-height-default\" data-id=\"9ec947d\" data-element_type=\"section\" data-settings=\"{&quot;stretch_section&quot;:&quot;section-stretched&quot;}\">\n\t\t\t\t\t\t<div class=\"elementor-container elementor-column-gap-default\">\n\t\t\t\t\t<div class=\"elementor-column elementor-col-100 elementor-top-column elementor-element elementor-element-edc47a2\" data-id=\"edc47a2\" data-element_type=\"column\">\n\t\t\t<div class=\"elementor-widget-wrap elementor-element-populated\">\n\t\t\t\t\t\t<section class=\"elementor-section elementor-inner-section elementor-element elementor-element-4b484a7 elementor-section-boxed elementor-section-height-default elementor-section-height-default\" data-id=\"4b484a7\" data-element_type=\"section\">\n\t\t\t\t\t\t<div class=\"elementor-container elementor-column-gap-default\">\n\t\t\t\t\t<div class=\"elementor-column elementor-col-50 elementor-inner-column elementor-element elementor-element-837b2e4\" data-id=\"837b2e4\" data-element_type=\"column\" data-settings=\"{&quot;background_background&quot;:&quot;classic&quot;}\">\n\t\t\t<div class=\"elementor-widget-wrap elementor-element-populated\">\n\t\t\t\t\t\t<div class=\"elementor-element elementor-element-15bb448 elementor-widget elementor-widget-shortcode\" data-id=\"15bb448\" data-element_type=\"widget\" data-widget_type=\"shortcode.default\">\n\t\t\t\t<div class=\"elementor-widget-container\">\n\t\t\t\t\t\t\t<div class=\"elementor-shortcode\">\t\t<div data-elementor-type=\"single-post\" data-elementor-id=\"9315\" class=\"elementor elementor-9315 elementor-6809\" data-elementor-post-type=\"elementor_library\">\n\t\t\t\t\t<section class=\"elementor-section elementor-top-section elementor-element elementor-element-49731177 white-links elementor-section-boxed elementor-section-height-default elementor-section-height-default\" data-id=\"49731177\" data-element_type=\"section\">\n\t\t\t\t\t\t<div class=\"elementor-container elementor-column-gap-default\">\n\t\t\t\t\t<div class=\"elementor-column elementor-col-100 elementor-top-column elementor-element elementor-element-326cf704\" data-id=\"326cf704\" data-element_type=\"column\" data-settings=\"{&quot;background_background&quot;:&quot;classic&quot;}\">\n\t\t\t<div class=\"elementor-widget-wrap elementor-element-populated\">\n\t\t\t\t\t\t<div class=\"elementor-element elementor-element-0a906bb elementor-widget elementor-widget-heading\" data-id=\"0a906bb\" data-element_type=\"widget\" data-widget_type=\"heading.default\">\n\t\t\t\t<div class=\"elementor-widget-container\">\n\t\t\t\t\t<h4 class=\"elementor-heading-title elementor-size-default\"><a href=\"https:\/\/www.ipa.ee\/de\/dienstleistungen\/\">Dienstleistungen<\/a><\/h4>\t\t\t\t<\/div>\n\t\t\t\t<\/div>\n\t\t\t\t<div class=\"elementor-element elementor-element-5d9a0df elementor-widget elementor-widget-text-editor\" data-id=\"5d9a0df\" data-element_type=\"widget\" data-widget_type=\"text-editor.default\">\n\t\t\t\t<div class=\"elementor-widget-container\">\n\t\t\t\t\t\t\t\t\t<p><a href=\"https:\/\/www.ipa.ee\/de\/komplette-loesungen-im-bereich-auftragsfertigung\/\">Komplette L\u00f6sungen im Bereich Auftragsfertigung<\/a><\/p>\n<p><a href=\"https:\/\/www.ipa.ee\/de\/design-und-prototyping\/\">Design und Prototyping<\/a><\/p>\n<p><a href=\"https:\/\/www.ipa.ee\/de\/lieferkettenmanagement\/\">Lieferkettenmanagement<\/a><\/p>\n<p><a href=\"https:\/\/www.ipa.ee\/de\/kabelbaumfertigung\/\">Kabelbaumfertigung<\/a><\/p>\n<p><a href=\"https:\/\/www.ipa.ee\/de\/mechanische-montage\/\">Mechanische Montage<\/a><\/p>\n<p><a href=\"https:\/\/www.ipa.ee\/de\/elektromontage\/\">Elektromontage<\/a><\/p>\n<p><a href=\"https:\/\/www.ipa.ee\/de\/heizung-lueftung-klimaanlage-hlk\/\">Heizung, L\u00fcftung &#038; Klimaanlage (HLK)<\/a><\/p>\n<p><a href=\"https:\/\/www.ipa.ee\/de\/hub-sourcing\/\">HUB Sourcing<\/a><\/p>\n\t\t\t\t\t\t\t\t<\/div>\n\t\t\t\t<\/div>\n\t\t\t\t\t<\/div>\n\t\t<\/div>\n\t\t\t\t\t<\/div>\n\t\t<\/section>\n\t\t\t\t<\/div>\n\t\t<\/div>\n\t\t\t\t\t\t<\/div>\n\t\t\t\t<\/div>\n\t\t\t\t\t<\/div>\n\t\t<\/div>\n\t\t\t\t<div class=\"elementor-column elementor-col-50 elementor-inner-column elementor-element elementor-element-3501c0d\" data-id=\"3501c0d\" data-element_type=\"column\" data-settings=\"{&quot;background_background&quot;:&quot;classic&quot;}\">\n\t\t\t<div class=\"elementor-widget-wrap elementor-element-populated\">\n\t\t\t\t\t\t<div class=\"elementor-element elementor-element-eba61bb absolute elementor-widget elementor-widget-image\" data-id=\"eba61bb\" data-element_type=\"widget\" data-widget_type=\"image.default\">\n\t\t\t\t<div class=\"elementor-widget-container\">\n\t\t\t\t\t\t\t\t\t\t\t\t\t\t\t<img decoding=\"async\" src=\"https:\/\/www.ipa.ee\/wp-content\/uploads\/elementor\/thumbs\/ms-dynamics-nav-p5zqc1aqc11lczjc07wvpdwxcpt1ixxyeohd5q5cu8.jpg\" title=\"MS-Dynamics-NAV\" alt=\"MS-Dynamics-NAV\" loading=\"lazy\" \/>\t\t\t\t\t\t\t\t\t\t\t\t\t\t\t<\/div>\n\t\t\t\t<\/div>\n\t\t\t\t<div class=\"elementor-element elementor-element-0028ad7 elementor-widget elementor-widget-heading\" data-id=\"0028ad7\" data-element_type=\"widget\" data-widget_type=\"heading.default\">\n\t\t\t\t<div class=\"elementor-widget-container\">\n\t\t\t\t\t<h2 class=\"elementor-heading-title elementor-size-default\">Lieferkettenmanagement<\/h2>\t\t\t\t<\/div>\n\t\t\t\t<\/div>\n\t\t\t\t<div class=\"elementor-element elementor-element-1754d64 elementor-widget-divider--view-line elementor-widget elementor-widget-divider\" data-id=\"1754d64\" data-element_type=\"widget\" data-widget_type=\"divider.default\">\n\t\t\t\t<div class=\"elementor-widget-container\">\n\t\t\t\t\t\t\t<div class=\"elementor-divider\">\n\t\t\t<span class=\"elementor-divider-separator\">\n\t\t\t\t\t\t<\/span>\n\t\t<\/div>\n\t\t\t\t\t\t<\/div>\n\t\t\t\t<\/div>\n\t\t\t\t\t<\/div>\n\t\t<\/div>\n\t\t\t\t\t<\/div>\n\t\t<\/section>\n\t\t\t\t<section class=\"elementor-section elementor-inner-section elementor-element elementor-element-69ab6ef elementor-section-boxed elementor-section-height-default elementor-section-height-default\" data-id=\"69ab6ef\" data-element_type=\"section\">\n\t\t\t\t\t\t<div class=\"elementor-container elementor-column-gap-default\">\n\t\t\t\t\t<div class=\"elementor-column elementor-col-25 elementor-inner-column elementor-element elementor-element-60fce23 yellow-block\" data-id=\"60fce23\" data-element_type=\"column\" data-settings=\"{&quot;background_background&quot;:&quot;classic&quot;}\">\n\t\t\t<div class=\"elementor-widget-wrap elementor-element-populated\">\n\t\t\t\t\t\t<div class=\"elementor-element elementor-element-94b7f33 elementor-widget elementor-widget-html\" data-id=\"94b7f33\" data-element_type=\"widget\" data-widget_type=\"html.default\">\n\t\t\t\t<div class=\"elementor-widget-container\">\n\t\t\t\t\t<div style=\"background:#FCFF54;width:100%;height:90px;\"><\/div>\t\t\t\t<\/div>\n\t\t\t\t<\/div>\n\t\t\t\t\t<\/div>\n\t\t<\/div>\n\t\t\t\t<div class=\"elementor-column elementor-col-25 elementor-inner-column elementor-element elementor-element-fb24ca1\" data-id=\"fb24ca1\" data-element_type=\"column\">\n\t\t\t<div class=\"elementor-widget-wrap elementor-element-populated\">\n\t\t\t\t\t\t<div class=\"elementor-element elementor-element-c562f95 content-page-yellow-bar elementor-widget elementor-widget-heading\" data-id=\"c562f95\" data-element_type=\"widget\" data-widget_type=\"heading.default\">\n\t\t\t\t<div class=\"elementor-widget-container\">\n\t\t\t\t\t<h1 class=\"elementor-heading-title elementor-size-default\">Lieferkettenmanagement<\/h1>\t\t\t\t<\/div>\n\t\t\t\t<\/div>\n\t\t\t\t<div class=\"elementor-element elementor-element-e6ff73b elementor-widget elementor-widget-text-editor\" data-id=\"e6ff73b\" data-element_type=\"widget\" data-widget_type=\"text-editor.default\">\n\t\t\t\t<div class=\"elementor-widget-container\">\n\t\t\t\t\t\t\t\t\t<p>IPA nutzt das Microsoft Dynamics NAV ERP-System, um jeden Aspekt des Betriebs zu verwalten, die effizienteste Verwaltung von Materialien und Ressourcen zu gew\u00e4hrleisten und f\u00fcr eine genaue R\u00fcckverfolgbarkeit zu sorgen.<\/p>\n<p>IPA bezieht nur Komponenten von namhaften Lieferanten.<\/p>\n<p>Alle beschafften Materialien werden darauf kontrolliert, dass sie sowohl den Spezifikationen des Herstellers als auch der Kunden entsprechen. Au\u00dferdem h\u00e4lt sich unser Lager streng an die FIFO-Prinzipien.<\/p>\n\t\t\t\t\t\t\t\t<\/div>\n\t\t\t\t<\/div>\n\t\t\t\t\t<\/div>\n\t\t<\/div>\n\t\t\t\t<div class=\"elementor-column elementor-col-50 elementor-inner-column elementor-element elementor-element-66bca8b\" data-id=\"66bca8b\" data-element_type=\"column\" data-settings=\"{&quot;background_background&quot;:&quot;classic&quot;}\">\n\t\t\t<div class=\"elementor-widget-wrap elementor-element-populated\">\n\t\t\t\t\t\t<div class=\"elementor-element elementor-element-12d4bd8 elementor-widget elementor-widget-shortcode\" data-id=\"12d4bd8\" data-element_type=\"widget\" data-widget_type=\"shortcode.default\">\n\t\t\t\t<div class=\"elementor-widget-container\">\n\t\t\t\t\t\t\t<div class=\"elementor-shortcode\">\n<\/div>\n\t\t\t\t\t\t<\/div>\n\t\t\t\t<\/div>\n\t\t\t\t<div class=\"elementor-element elementor-element-b8d0af8 elementor-widget elementor-widget-shortcode\" data-id=\"b8d0af8\" data-element_type=\"widget\" data-widget_type=\"shortcode.default\">\n\t\t\t\t<div class=\"elementor-widget-container\">\n\t\t\t\t\t\t\t<div class=\"elementor-shortcode\">\t\t<div data-elementor-type=\"single-post\" data-elementor-id=\"9316\" class=\"elementor elementor-9316 elementor-6813\" data-elementor-post-type=\"elementor_library\">\n\t\t\t\t\t<section class=\"elementor-section elementor-top-section elementor-element elementor-element-130fa6e0 elementor-section-boxed elementor-section-height-default elementor-section-height-default\" data-id=\"130fa6e0\" data-element_type=\"section\">\n\t\t\t\t\t\t<div class=\"elementor-container elementor-column-gap-default\">\n\t\t\t\t\t<div class=\"elementor-column elementor-col-100 elementor-top-column elementor-element elementor-element-35c5e58e\" data-id=\"35c5e58e\" data-element_type=\"column\" data-settings=\"{&quot;background_background&quot;:&quot;classic&quot;}\">\n\t\t\t<div class=\"elementor-widget-wrap elementor-element-populated\">\n\t\t\t\t\t\t<div class=\"elementor-element elementor-element-050e91a elementor-widget elementor-widget-heading\" data-id=\"050e91a\" data-element_type=\"widget\" data-widget_type=\"heading.default\">\n\t\t\t\t<div class=\"elementor-widget-container\">\n\t\t\t\t\t<h4 class=\"elementor-heading-title elementor-size-default\"><a href=\"https:\/\/www.ipa.ee\/de\/dienstleistungen\/\">Dienstleistungen<\/a><\/h4>\t\t\t\t<\/div>\n\t\t\t\t<\/div>\n\t\t\t\t<div class=\"elementor-element elementor-element-dd14b76 elementor-widget elementor-widget-text-editor\" data-id=\"dd14b76\" data-element_type=\"widget\" data-widget_type=\"text-editor.default\">\n\t\t\t\t<div class=\"elementor-widget-container\">\n\t\t\t\t\t\t\t\t\t<p><a class=\"content-page-sec-menu\" href=\"https:\/\/www.ipa.ee\/de\/komplette-loesungen-im-bereich-auftragsfertigung\/\">Komplette L\u00f6sungen im Bereich Auftragsfertigung<\/a><\/p>\n<p><a class=\"content-page-sec-menu\" href=\"https:\/\/www.ipa.ee\/de\/design-und-prototyping\/\">Design und Prototyping<\/a><\/p>\n<p><a class=\"content-page-sec-menu\" href=\"https:\/\/www.ipa.ee\/de\/lieferkettenmanagement\/\">Lieferkettenmanagement<\/a><\/p>\n<p><a class=\"content-page-sec-menu\" href=\"https:\/\/www.ipa.ee\/de\/kabelbaumfertigung\/\">Kabelbaumfertigung<\/a><\/p>\n<p><a class=\"content-page-sec-menu\" href=\"https:\/\/www.ipa.ee\/de\/mechanische-montage\/\">Mechanische Montage<\/a><\/p>\n<p><a class=\"content-page-sec-menu\" href=\"https:\/\/www.ipa.ee\/de\/elektromontage\/\">Elektromontage<\/a><\/p>\n<p><a class=\"content-page-sec-menu\" href=\"https:\/\/www.ipa.ee\/de\/heizung-lueftung-klimaanlage-hlk\/\">Heizung, L\u00fcftung &#038; Klimaanlage (HLK)<\/a><\/p>\n<p><a class=\"content-page-sec-menu\" href=\"https:\/\/www.ipa.ee\/de\/hub-sourcing\/\">HUB Sourcing<\/a><\/p>\n\t\t\t\t\t\t\t\t<\/div>\n\t\t\t\t<\/div>\n\t\t\t\t\t<\/div>\n\t\t<\/div>\n\t\t\t\t\t<\/div>\n\t\t<\/section>\n\t\t\t\t<\/div>\n\t\t<\/div>\n\t\t\t\t\t\t<\/div>\n\t\t\t\t<\/div>\n\t\t\t\t\t<\/div>\n\t\t<\/div>\n\t\t\t\t\t<\/div>\n\t\t<\/section>\n\t\t\t\t\t<\/div>\n\t\t<\/div>\n\t\t\t\t\t<\/div>\n\t\t<\/section>\n\t\t\t\t<\/div>\n\t\t","protected":false},"excerpt":{"rendered":"<p>Lieferkettenmanagement Lieferkettenmanagement IPA nutzt das Microsoft Dynamics NAV ERP-System, um jeden Aspekt des Betriebs zu verwalten, die effizienteste Verwaltung von Materialien und Ressourcen zu gew\u00e4hrleisten und f\u00fcr eine genaue R\u00fcckverfolgbarkeit zu sorgen. IPA bezieht nur Komponenten von namhaften Lieferanten. Alle beschafften Materialien werden darauf kontrolliert, dass sie sowohl den Spezifikationen des Herstellers als auch der [&hellip;]<\/p>\n","protected":false},"author":5,"featured_media":0,"parent":0,"menu_order":0,"comment_status":"closed","ping_status":"closed","template":"","meta":{"_monsterinsights_skip_tracking":false,"_monsterinsights_sitenote_active":false,"_monsterinsights_sitenote_note":"","_monsterinsights_sitenote_category":0,"footnotes":""},"class_list":["post-9267","page","type-page","status-publish","hentry"],"aioseo_notices":[],"_links":{"self":[{"href":"https:\/\/www.ipa.ee\/de\/wp-json\/wp\/v2\/pages\/9267","targetHints":{"allow":["GET"]}}],"collection":[{"href":"https:\/\/www.ipa.ee\/de\/wp-json\/wp\/v2\/pages"}],"about":[{"href":"https:\/\/www.ipa.ee\/de\/wp-json\/wp\/v2\/types\/page"}],"author":[{"embeddable":true,"href":"https:\/\/www.ipa.ee\/de\/wp-json\/wp\/v2\/users\/5"}],"replies":[{"embeddable":true,"href":"https:\/\/www.ipa.ee\/de\/wp-json\/wp\/v2\/comments?post=9267"}],"version-history":[{"count":5,"href":"https:\/\/www.ipa.ee\/de\/wp-json\/wp\/v2\/pages\/9267\/revisions"}],"predecessor-version":[{"id":11722,"href":"https:\/\/www.ipa.ee\/de\/wp-json\/wp\/v2\/pages\/9267\/revisions\/11722"}],"wp:attachment":[{"href":"https:\/\/www.ipa.ee\/de\/wp-json\/wp\/v2\/media?parent=9267"}],"curies":[{"name":"wp","href":"https:\/\/api.w.org\/{rel}","templated":true}]}}