{"id":9277,"date":"2020-10-09T15:02:49","date_gmt":"2020-10-09T12:02:49","guid":{"rendered":"https:\/\/www.ipa.ee\/ueber-uns\/"},"modified":"2021-05-18T13:00:19","modified_gmt":"2021-05-18T10:00:19","slug":"ueber-uns","status":"publish","type":"page","link":"https:\/\/www.ipa.ee\/de\/ueber-uns\/","title":{"rendered":"\u00dcber uns"},"content":{"rendered":"\t\t<div data-elementor-type=\"wp-page\" data-elementor-id=\"9277\" class=\"elementor elementor-9277 elementor-4831\" data-elementor-post-type=\"page\">\n\t\t\t\t\t\t<section class=\"elementor-section elementor-top-section elementor-element elementor-element-a16a284 elementor-section-full_width elementor-section-stretched elementor-section-height-default elementor-section-height-default\" data-id=\"a16a284\" data-element_type=\"section\" data-settings=\"{&quot;stretch_section&quot;:&quot;section-stretched&quot;}\">\n\t\t\t\t\t\t<div class=\"elementor-container elementor-column-gap-default\">\n\t\t\t\t\t<div class=\"elementor-column elementor-col-100 elementor-top-column elementor-element elementor-element-5d5c5d7\" data-id=\"5d5c5d7\" data-element_type=\"column\">\n\t\t\t<div class=\"elementor-widget-wrap elementor-element-populated\">\n\t\t\t\t\t\t<section class=\"elementor-section elementor-inner-section elementor-element elementor-element-27a4542 elementor-section-boxed elementor-section-height-default elementor-section-height-default\" data-id=\"27a4542\" data-element_type=\"section\">\n\t\t\t\t\t\t<div class=\"elementor-container elementor-column-gap-default\">\n\t\t\t\t\t<div class=\"elementor-column elementor-col-50 elementor-inner-column elementor-element elementor-element-ff6a459\" data-id=\"ff6a459\" data-element_type=\"column\" data-settings=\"{&quot;background_background&quot;:&quot;classic&quot;}\">\n\t\t\t<div class=\"elementor-widget-wrap elementor-element-populated\">\n\t\t\t\t\t\t<div class=\"elementor-element elementor-element-c692b59 elementor-widget elementor-widget-shortcode\" data-id=\"c692b59\" data-element_type=\"widget\" data-widget_type=\"shortcode.default\">\n\t\t\t\t<div class=\"elementor-widget-container\">\n\t\t\t\t\t\t\t<div class=\"elementor-shortcode\">\t\t<div data-elementor-type=\"single-post\" data-elementor-id=\"9311\" class=\"elementor elementor-9311 elementor-6692\" data-elementor-post-type=\"elementor_library\">\n\t\t\t\t\t<section class=\"elementor-section elementor-top-section elementor-element elementor-element-3fac42d8 white-links elementor-section-boxed elementor-section-height-default elementor-section-height-default\" data-id=\"3fac42d8\" data-element_type=\"section\">\n\t\t\t\t\t\t<div class=\"elementor-container elementor-column-gap-default\">\n\t\t\t\t\t<div class=\"elementor-column elementor-col-100 elementor-top-column elementor-element elementor-element-1abfc1fb\" data-id=\"1abfc1fb\" data-element_type=\"column\" data-settings=\"{&quot;background_background&quot;:&quot;classic&quot;}\">\n\t\t\t<div class=\"elementor-widget-wrap elementor-element-populated\">\n\t\t\t\t\t\t<div class=\"elementor-element elementor-element-da98a85 elementor-widget elementor-widget-heading\" data-id=\"da98a85\" data-element_type=\"widget\" data-widget_type=\"heading.default\">\n\t\t\t\t<div class=\"elementor-widget-container\">\n\t\t\t\t\t<h4 class=\"elementor-heading-title elementor-size-default\"><a href=\"https:\/\/www.ipa.ee\/de\/ueber-uns\/\">\u00dcber uns<\/a><\/h4>\t\t\t\t<\/div>\n\t\t\t\t<\/div>\n\t\t\t\t<div class=\"elementor-element elementor-element-28092c74 elementor-widget elementor-widget-text-editor\" data-id=\"28092c74\" data-element_type=\"widget\" data-widget_type=\"text-editor.default\">\n\t\t\t\t<div class=\"elementor-widget-container\">\n\t\t\t\t\t\t\t\t\t<p><a href=\"https:\/\/www.ipa.ee\/de\/vision-und-mission\/\">Vision und Mission<\/a><\/p>\n<p><a href=\"https:\/\/www.ipa.ee\/de\/estland\/\">Estland<\/a><\/p>\n\t\t\t\t\t\t\t\t<\/div>\n\t\t\t\t<\/div>\n\t\t\t\t\t<\/div>\n\t\t<\/div>\n\t\t\t\t\t<\/div>\n\t\t<\/section>\n\t\t\t\t<\/div>\n\t\t<\/div>\n\t\t\t\t\t\t<\/div>\n\t\t\t\t<\/div>\n\t\t\t\t\t<\/div>\n\t\t<\/div>\n\t\t\t\t<div class=\"elementor-column elementor-col-50 elementor-inner-column elementor-element elementor-element-b5f1fb4\" data-id=\"b5f1fb4\" data-element_type=\"column\" data-settings=\"{&quot;background_background&quot;:&quot;classic&quot;}\">\n\t\t\t<div class=\"elementor-widget-wrap elementor-element-populated\">\n\t\t\t\t\t\t<div class=\"elementor-element elementor-element-2c53c32 text-border elementor-widget elementor-widget-heading\" data-id=\"2c53c32\" data-element_type=\"widget\" data-widget_type=\"heading.default\">\n\t\t\t\t<div class=\"elementor-widget-container\">\n\t\t\t\t\t<h2 class=\"elementor-heading-title elementor-size-default\">\u00dcber uns<\/h2>\t\t\t\t<\/div>\n\t\t\t\t<\/div>\n\t\t\t\t<div class=\"elementor-element elementor-element-d8e9c1a elementor-widget-divider--view-line elementor-widget elementor-widget-divider\" data-id=\"d8e9c1a\" data-element_type=\"widget\" data-widget_type=\"divider.default\">\n\t\t\t\t<div class=\"elementor-widget-container\">\n\t\t\t\t\t\t\t<div class=\"elementor-divider\">\n\t\t\t<span class=\"elementor-divider-separator\">\n\t\t\t\t\t\t<\/span>\n\t\t<\/div>\n\t\t\t\t\t\t<\/div>\n\t\t\t\t<\/div>\n\t\t\t\t\t<\/div>\n\t\t<\/div>\n\t\t\t\t\t<\/div>\n\t\t<\/section>\n\t\t\t\t<section class=\"elementor-section elementor-inner-section elementor-element elementor-element-34a181f elementor-section-boxed elementor-section-height-default elementor-section-height-default\" data-id=\"34a181f\" data-element_type=\"section\">\n\t\t\t\t\t\t<div class=\"elementor-container elementor-column-gap-default\">\n\t\t\t\t\t<div class=\"elementor-column elementor-col-50 elementor-inner-column elementor-element elementor-element-23043cf yellow-block\" data-id=\"23043cf\" data-element_type=\"column\" data-settings=\"{&quot;background_background&quot;:&quot;classic&quot;}\">\n\t\t\t<div class=\"elementor-widget-wrap elementor-element-populated\">\n\t\t\t\t\t\t<div class=\"elementor-element elementor-element-9a63978 elementor-widget elementor-widget-html\" data-id=\"9a63978\" data-element_type=\"widget\" data-widget_type=\"html.default\">\n\t\t\t\t<div class=\"elementor-widget-container\">\n\t\t\t\t\t<div style=\"background:#FCFF54;width:100%;height:90px;\"><\/div>\t\t\t\t<\/div>\n\t\t\t\t<\/div>\n\t\t\t\t\t<\/div>\n\t\t<\/div>\n\t\t\t\t<div class=\"elementor-column elementor-col-25 elementor-inner-column elementor-element elementor-element-b5da461\" data-id=\"b5da461\" data-element_type=\"column\">\n\t\t\t<div class=\"elementor-widget-wrap elementor-element-populated\">\n\t\t\t\t\t\t<div class=\"elementor-element elementor-element-24bdcb8 elementor-widget elementor-widget-video\" data-id=\"24bdcb8\" data-element_type=\"widget\" data-settings=\"{&quot;video_type&quot;:&quot;hosted&quot;,&quot;start&quot;:1,&quot;controls&quot;:&quot;yes&quot;}\" data-widget_type=\"video.default\">\n\t\t\t\t<div class=\"elementor-widget-container\">\n\t\t\t\t\t\t\t<div class=\"e-hosted-video elementor-wrapper elementor-open-inline\">\n\t\t\t\t\t<video class=\"elementor-video\" src=\"https:\/\/www.ipa.ee\/wp-content\/uploads\/2020\/12\/ipa-video-2020-copy.mp4#t=1\" controls=\"\" preload=\"metadata\" controlsList=\"nodownload\"><\/video>\n\t\t\t\t<\/div>\n\t\t\t\t\t\t<\/div>\n\t\t\t\t<\/div>\n\t\t\t\t<div class=\"elementor-element elementor-element-e11a8db content-page-yellow-bar elementor-widget elementor-widget-heading\" data-id=\"e11a8db\" data-element_type=\"widget\" data-widget_type=\"heading.default\">\n\t\t\t\t<div class=\"elementor-widget-container\">\n\t\t\t\t\t<h1 class=\"elementor-heading-title elementor-size-default\">\u00dcber uns<\/h1>\t\t\t\t<\/div>\n\t\t\t\t<\/div>\n\t\t\t\t<div class=\"elementor-element elementor-element-37aad27 elementor-widget elementor-widget-text-editor\" data-id=\"37aad27\" data-element_type=\"widget\" data-widget_type=\"text-editor.default\">\n\t\t\t\t<div class=\"elementor-widget-container\">\n\t\t\t\t\t\t\t\t\t<p>Interconnect Product Assembly AS wurde 1999 gegr\u00fcndet und ist ein unabh\u00e4ngiges, privates Auftragsfertigungsunternehmen, das sich auf die Herstellung von Kabelb\u00e4umen und kundenspezifischen elektrischen Baugruppen spezialisiert hat, einschlie\u00dflich komplexer Montage und Box-Build. Unser Leistungsspektrum umfasst Prototyping, Serienfertigung, Lieferkettenmanagement und Instandhaltung der Konstruktion.<span class=\"Apple-converted-space\">\u00a0<\/span> Aufgrund seiner Kultur der kontinuierlichen Verbesserung hat IPA in modernste automatisierte Ger\u00e4te, in die Informationstechnologie sowie in die Ausbildung und Entwicklung seiner Mitarbeiter investiert.<span class=\"Apple-converted-space\">\u00a0<\/span> Der Erfolg des Unternehmens basiert auf einer flexiblen Herangehensweise und der Verpflichtung, mit den Kunden zusammenzuarbeiten, um Fertigungsl\u00f6sungen bereitzustellen, welche ihnen die Erreichung ihrer Gesch\u00e4ftsziele in einem zunehmend wettbewerbsorientierten Umfeld erm\u00f6glichen. 2006 verlagerte IPA seinen Betrieb in eine neue, speziell errichtete Anlage auf einer Fl\u00e4che von 5.600 Quadratmetern, die von HRH Prinz Philip w\u00e4hrend eines k\u00f6niglichen Besuchs in Estland offiziell er\u00f6ffnet wurde. Diese neue Anlage befindet sich 10 Minuten vom Stadtzentrum und 2 Minuten vom internationalen Flughafen entfernt. IPA besch\u00e4ftigt \u00fcber 220 hochqualifizierte Mitarbeiter. 90\u00a0% des Gesch\u00e4fts findet nicht im Inland statt. Wir haben Kunden mit Sitz in Gro\u00dfbritannien, D\u00e4nemark, den USA, Belgien, Schweden, Deutschland, Spanien und weiteren L\u00e4ndern. <a style=\"color: #005a9c; font-weight: 500;\" href=\"https:\/\/www.ipa.ee\/de\/vision-und-mission\/\">Unsere Mission und Vision<\/a><\/p>\n\t\t\t\t\t\t\t\t<\/div>\n\t\t\t\t<\/div>\n\t\t\t\t\t<\/div>\n\t\t<\/div>\n\t\t\t\t<div class=\"elementor-column elementor-col-25 elementor-inner-column elementor-element elementor-element-c4fbfd8\" data-id=\"c4fbfd8\" data-element_type=\"column\" data-settings=\"{&quot;background_background&quot;:&quot;classic&quot;}\">\n\t\t\t<div class=\"elementor-widget-wrap elementor-element-populated\">\n\t\t\t\t\t\t<div class=\"elementor-element elementor-element-21ce924 elementor-widget elementor-widget-image\" data-id=\"21ce924\" data-element_type=\"widget\" data-widget_type=\"image.default\">\n\t\t\t\t<div class=\"elementor-widget-container\">\n\t\t\t\t\t\t\t\t\t\t\t\t\t\t\t<img fetchpriority=\"high\" decoding=\"async\" width=\"2560\" height=\"1700\" src=\"https:\/\/www.ipa.ee\/wp-content\/uploads\/2020\/12\/ukq_0530-copy-scaled.jpg\" class=\"attachment-full size-full wp-image-8949\" alt=\"\" srcset=\"https:\/\/www.ipa.ee\/wp-content\/uploads\/2020\/12\/ukq_0530-copy-scaled.jpg 2560w, https:\/\/www.ipa.ee\/wp-content\/uploads\/2020\/12\/ukq_0530-copy-300x199.jpg 300w, https:\/\/www.ipa.ee\/wp-content\/uploads\/2020\/12\/ukq_0530-copy-1030x684.jpg 1030w, https:\/\/www.ipa.ee\/wp-content\/uploads\/2020\/12\/ukq_0530-copy-768x510.jpg 768w, https:\/\/www.ipa.ee\/wp-content\/uploads\/2020\/12\/ukq_0530-copy-1536x1020.jpg 1536w, https:\/\/www.ipa.ee\/wp-content\/uploads\/2020\/12\/ukq_0530-copy-2048x1360.jpg 2048w\" sizes=\"(max-width: 2560px) 100vw, 2560px\" \/>\t\t\t\t\t\t\t\t\t\t\t\t\t\t\t<\/div>\n\t\t\t\t<\/div>\n\t\t\t\t<div class=\"elementor-element elementor-element-9f94e23 elementor-widget elementor-widget-shortcode\" data-id=\"9f94e23\" data-element_type=\"widget\" data-widget_type=\"shortcode.default\">\n\t\t\t\t<div class=\"elementor-widget-container\">\n\t\t\t\t\t\t\t<div class=\"elementor-shortcode\"><div class=\"visualizer-front-container\" id=\"chart_wrapper_visualizer-3323-33943346\"><style type=\"text\/css\" name=\"visualizer-custom-css\" id=\"customcss-visualizer-3323\">.locker,.locker-loader{position:absolute;top:0;left:0;width:100%;height:100%}.locker{z-index:1000;opacity:.8;background-color:#fff;-ms-filter:\"progid:DXImageTransform.Microsoft.Alpha(Opacity=80)\";filter:alpha(opacity=80)}.locker-loader{z-index:1001;background:url(https:\/\/www.ipa.ee\/wp-content\/plugins\/visualizer\/images\/ajax-loader.gif) no-repeat center center}.dt-button{display:none!important}.visualizer-front-container.visualizer-lazy-render{content-visibility: auto;}.google-visualization-controls-categoryfilter label.google-visualization-controls-label {vertical-align: middle;}.google-visualization-controls-categoryfilter li.goog-inline-block {margin: 0 0.2em;}.google-visualization-controls-categoryfilter li {padding: 0 0.2em;}.visualizer-front-container .dataTables_scrollHeadInner{margin: 0 auto;}<\/style><div id=\"visualizer-3323-33943346\" class=\"visualizer-front  visualizer-front-3323\"><\/div><!-- Not showing structured data for chart 3323 because title is empty --><\/div><\/div>\n\t\t\t\t\t\t<\/div>\n\t\t\t\t<\/div>\n\t\t\t\t<div class=\"elementor-element elementor-element-a190cf8 elementor-widget elementor-widget-shortcode\" data-id=\"a190cf8\" data-element_type=\"widget\" data-widget_type=\"shortcode.default\">\n\t\t\t\t<div class=\"elementor-widget-container\">\n\t\t\t\t\t\t\t<div class=\"elementor-shortcode\">\t\t<div data-elementor-type=\"single-post\" data-elementor-id=\"9317\" class=\"elementor elementor-9317 elementor-6831\" data-elementor-post-type=\"elementor_library\">\n\t\t\t\t\t<section class=\"elementor-section elementor-top-section elementor-element elementor-element-19566333 elementor-section-boxed elementor-section-height-default elementor-section-height-default\" data-id=\"19566333\" data-element_type=\"section\">\n\t\t\t\t\t\t<div class=\"elementor-container elementor-column-gap-default\">\n\t\t\t\t\t<div class=\"elementor-column elementor-col-100 elementor-top-column elementor-element elementor-element-752919ce\" data-id=\"752919ce\" data-element_type=\"column\" data-settings=\"{&quot;background_background&quot;:&quot;classic&quot;}\">\n\t\t\t<div class=\"elementor-widget-wrap elementor-element-populated\">\n\t\t\t\t\t\t<div class=\"elementor-element elementor-element-3ce2264 elementor-widget elementor-widget-heading\" data-id=\"3ce2264\" data-element_type=\"widget\" data-widget_type=\"heading.default\">\n\t\t\t\t<div class=\"elementor-widget-container\">\n\t\t\t\t\t<h4 class=\"elementor-heading-title elementor-size-default\"><a href=\"https:\/\/www.ipa.ee\/de\/ueber-uns\/\">\u00dcber uns<\/a><\/h4>\t\t\t\t<\/div>\n\t\t\t\t<\/div>\n\t\t\t\t<div class=\"elementor-element elementor-element-25897d2 elementor-widget elementor-widget-text-editor\" data-id=\"25897d2\" data-element_type=\"widget\" data-widget_type=\"text-editor.default\">\n\t\t\t\t<div class=\"elementor-widget-container\">\n\t\t\t\t\t\t\t\t\t<p><a class=\"content-page-sec-menu\" href=\"https:\/\/www.ipa.ee\/de\/vision-und-mission\/\">Vision und Mission<\/a><\/p>\n<p><a class=\"content-page-sec-menu\" href=\"https:\/\/www.ipa.ee\/de\/estland\/\">Estland<\/a><\/p>\n\t\t\t\t\t\t\t\t<\/div>\n\t\t\t\t<\/div>\n\t\t\t\t\t<\/div>\n\t\t<\/div>\n\t\t\t\t\t<\/div>\n\t\t<\/section>\n\t\t\t\t<\/div>\n\t\t<\/div>\n\t\t\t\t\t\t<\/div>\n\t\t\t\t<\/div>\n\t\t\t\t\t<\/div>\n\t\t<\/div>\n\t\t\t\t\t<\/div>\n\t\t<\/section>\n\t\t\t\t\t<\/div>\n\t\t<\/div>\n\t\t\t\t\t<\/div>\n\t\t<\/section>\n\t\t\t\t<\/div>\n\t\t","protected":false},"excerpt":{"rendered":"<p>\u00dcber uns https:\/\/www.ipa.ee\/wp-content\/uploads\/2020\/12\/ipa-video-2020-copy.mp4#t=1 \u00dcber uns Interconnect Product Assembly AS wurde 1999 gegr\u00fcndet und ist ein unabh\u00e4ngiges, privates Auftragsfertigungsunternehmen, das sich auf die Herstellung von Kabelb\u00e4umen und kundenspezifischen elektrischen Baugruppen spezialisiert hat, einschlie\u00dflich komplexer Montage und Box-Build. Unser Leistungsspektrum umfasst Prototyping, Serienfertigung, Lieferkettenmanagement und Instandhaltung der Konstruktion.\u00a0 Aufgrund seiner Kultur der kontinuierlichen Verbesserung hat IPA in [&hellip;]<\/p>\n","protected":false},"author":5,"featured_media":0,"parent":0,"menu_order":0,"comment_status":"closed","ping_status":"closed","template":"","meta":{"_monsterinsights_skip_tracking":false,"_monsterinsights_sitenote_active":false,"_monsterinsights_sitenote_note":"","_monsterinsights_sitenote_category":0,"footnotes":""},"class_list":["post-9277","page","type-page","status-publish","hentry"],"aioseo_notices":[],"_links":{"self":[{"href":"https:\/\/www.ipa.ee\/de\/wp-json\/wp\/v2\/pages\/9277","targetHints":{"allow":["GET"]}}],"collection":[{"href":"https:\/\/www.ipa.ee\/de\/wp-json\/wp\/v2\/pages"}],"about":[{"href":"https:\/\/www.ipa.ee\/de\/wp-json\/wp\/v2\/types\/page"}],"author":[{"embeddable":true,"href":"https:\/\/www.ipa.ee\/de\/wp-json\/wp\/v2\/users\/5"}],"replies":[{"embeddable":true,"href":"https:\/\/www.ipa.ee\/de\/wp-json\/wp\/v2\/comments?post=9277"}],"version-history":[{"count":5,"href":"https:\/\/www.ipa.ee\/de\/wp-json\/wp\/v2\/pages\/9277\/revisions"}],"predecessor-version":[{"id":11797,"href":"https:\/\/www.ipa.ee\/de\/wp-json\/wp\/v2\/pages\/9277\/revisions\/11797"}],"wp:attachment":[{"href":"https:\/\/www.ipa.ee\/de\/wp-json\/wp\/v2\/media?parent=9277"}],"curies":[{"name":"wp","href":"https:\/\/api.w.org\/{rel}","templated":true}]}}