{"id":9283,"date":"2020-10-09T12:20:02","date_gmt":"2020-10-09T09:20:02","guid":{"rendered":"https:\/\/www.ipa.ee\/transport\/"},"modified":"2021-05-18T12:49:26","modified_gmt":"2021-05-18T09:49:26","slug":"transport","status":"publish","type":"page","link":"https:\/\/www.ipa.ee\/de\/transport\/","title":{"rendered":"Transport"},"content":{"rendered":"\t\t<div data-elementor-type=\"wp-page\" data-elementor-id=\"9283\" class=\"elementor elementor-9283 elementor-4700\" data-elementor-post-type=\"page\">\n\t\t\t\t\t\t<section class=\"elementor-section elementor-top-section elementor-element elementor-element-329d376 elementor-section-full_width elementor-section-stretched elementor-section-height-default elementor-section-height-default\" data-id=\"329d376\" data-element_type=\"section\" data-settings=\"{&quot;stretch_section&quot;:&quot;section-stretched&quot;}\">\n\t\t\t\t\t\t<div class=\"elementor-container elementor-column-gap-default\">\n\t\t\t\t\t<div class=\"elementor-column elementor-col-100 elementor-top-column elementor-element elementor-element-418a701\" data-id=\"418a701\" data-element_type=\"column\">\n\t\t\t<div class=\"elementor-widget-wrap elementor-element-populated\">\n\t\t\t\t\t\t<section class=\"elementor-section elementor-inner-section elementor-element elementor-element-4b4fe6e elementor-section-boxed elementor-section-height-default elementor-section-height-default\" data-id=\"4b4fe6e\" data-element_type=\"section\">\n\t\t\t\t\t\t<div class=\"elementor-container elementor-column-gap-default\">\n\t\t\t\t\t<div class=\"elementor-column elementor-col-50 elementor-inner-column elementor-element elementor-element-194d3b0\" data-id=\"194d3b0\" data-element_type=\"column\" data-settings=\"{&quot;background_background&quot;:&quot;classic&quot;}\">\n\t\t\t<div class=\"elementor-widget-wrap elementor-element-populated\">\n\t\t\t\t\t\t<div class=\"elementor-element elementor-element-bb07c3f elementor-widget elementor-widget-template\" data-id=\"bb07c3f\" data-element_type=\"widget\" data-widget_type=\"template.default\">\n\t\t\t\t<div class=\"elementor-widget-container\">\n\t\t\t\t\t\t\t<div class=\"elementor-template\">\n\t\t\t\t\t<div data-elementor-type=\"single-post\" data-elementor-id=\"9310\" class=\"elementor elementor-9310 elementor-6564\" data-elementor-post-type=\"elementor_library\">\n\t\t\t\t\t<section class=\"elementor-section elementor-top-section elementor-element elementor-element-17e1aab5 white-links elementor-section-boxed elementor-section-height-default elementor-section-height-default\" data-id=\"17e1aab5\" data-element_type=\"section\">\n\t\t\t\t\t\t<div class=\"elementor-container elementor-column-gap-default\">\n\t\t\t\t\t<div class=\"elementor-column elementor-col-100 elementor-top-column elementor-element elementor-element-60442f54\" data-id=\"60442f54\" data-element_type=\"column\" data-settings=\"{&quot;background_background&quot;:&quot;classic&quot;}\">\n\t\t\t<div class=\"elementor-widget-wrap elementor-element-populated\">\n\t\t\t\t\t\t<div class=\"elementor-element elementor-element-7fd283eb elementor-widget elementor-widget-heading\" data-id=\"7fd283eb\" data-element_type=\"widget\" data-widget_type=\"heading.default\">\n\t\t\t\t<div class=\"elementor-widget-container\">\n\t\t\t\t\t<h4 class=\"elementor-heading-title elementor-size-default\"><a href=\"https:\/\/www.ipa.ee\/de\/taetigkeitsfeld\/\">T\u00e4tigkeitsfeld<\/a><\/h4>\t\t\t\t<\/div>\n\t\t\t\t<\/div>\n\t\t\t\t<div class=\"elementor-element elementor-element-34dec3b3 elementor-widget elementor-widget-text-editor\" data-id=\"34dec3b3\" data-element_type=\"widget\" data-widget_type=\"text-editor.default\">\n\t\t\t\t<div class=\"elementor-widget-container\">\n\t\t\t\t\t\t\t\t\t<p><a href=\"https:\/\/www.ipa.ee\/de\/energie-und-infrastruktur\/\">Energie und Infrastruktur<\/a><\/p>\n<p><a href=\"https:\/\/www.ipa.ee\/de\/industrie-und-gewerbe\/\">Industrie und Gewerbe<\/a><\/p>\n<p><a href=\"https:\/\/www.ipa.ee\/de\/eisenbahn\/\">Eisenbahn<\/a><\/p>\n<p><a href=\"https:\/\/www.ipa.ee\/de\/transport\/\">Transport<\/a><\/p>\n<p><a href=\"https:\/\/www.ipa.ee\/de\/emissionsmanagement\/\">Emissionsmanagement<\/a><\/p>\n<p><a href=\"https:\/\/www.ipa.ee\/de\/medizin\/\">Medizin<\/a><\/p>\n\t\t\t\t\t\t\t\t<\/div>\n\t\t\t\t<\/div>\n\t\t\t\t\t<\/div>\n\t\t<\/div>\n\t\t\t\t\t<\/div>\n\t\t<\/section>\n\t\t\t\t<\/div>\n\t\t\t\t<\/div>\n\t\t\t\t\t\t<\/div>\n\t\t\t\t<\/div>\n\t\t\t\t\t<\/div>\n\t\t<\/div>\n\t\t\t\t<div class=\"elementor-column elementor-col-50 elementor-inner-column elementor-element elementor-element-bb1e68d\" data-id=\"bb1e68d\" data-element_type=\"column\" data-settings=\"{&quot;background_background&quot;:&quot;classic&quot;}\">\n\t\t\t<div class=\"elementor-widget-wrap elementor-element-populated\">\n\t\t\t\t\t\t<div class=\"elementor-element elementor-element-f7d9ccd elementor-widget elementor-widget-image\" data-id=\"f7d9ccd\" data-element_type=\"widget\" data-widget_type=\"image.default\">\n\t\t\t\t<div class=\"elementor-widget-container\">\n\t\t\t\t\t\t\t\t\t\t\t\t\t\t\t<img decoding=\"async\" src=\"https:\/\/www.ipa.ee\/wp-content\/uploads\/2020\/12\/transport.svg\" class=\"attachment-full size-full wp-image-8847\" alt=\"\" \/>\t\t\t\t\t\t\t\t\t\t\t\t\t\t\t<\/div>\n\t\t\t\t<\/div>\n\t\t\t\t<div class=\"elementor-element elementor-element-da82be1 elementor-widget elementor-widget-heading\" data-id=\"da82be1\" data-element_type=\"widget\" data-widget_type=\"heading.default\">\n\t\t\t\t<div class=\"elementor-widget-container\">\n\t\t\t\t\t<h2 class=\"elementor-heading-title elementor-size-default\">Transport<\/h2>\t\t\t\t<\/div>\n\t\t\t\t<\/div>\n\t\t\t\t<div class=\"elementor-element elementor-element-e315c4f elementor-widget-divider--view-line elementor-widget elementor-widget-divider\" data-id=\"e315c4f\" data-element_type=\"widget\" data-widget_type=\"divider.default\">\n\t\t\t\t<div class=\"elementor-widget-container\">\n\t\t\t\t\t\t\t<div class=\"elementor-divider\">\n\t\t\t<span class=\"elementor-divider-separator\">\n\t\t\t\t\t\t<\/span>\n\t\t<\/div>\n\t\t\t\t\t\t<\/div>\n\t\t\t\t<\/div>\n\t\t\t\t\t<\/div>\n\t\t<\/div>\n\t\t\t\t\t<\/div>\n\t\t<\/section>\n\t\t\t\t<section class=\"elementor-section elementor-inner-section elementor-element elementor-element-bf06be0 elementor-section-boxed elementor-section-height-default elementor-section-height-default\" data-id=\"bf06be0\" data-element_type=\"section\">\n\t\t\t\t\t\t<div class=\"elementor-container elementor-column-gap-default\">\n\t\t\t\t\t<div class=\"elementor-column elementor-col-50 elementor-inner-column elementor-element elementor-element-9a676db yellow-block\" data-id=\"9a676db\" data-element_type=\"column\" data-settings=\"{&quot;background_background&quot;:&quot;classic&quot;}\">\n\t\t\t<div class=\"elementor-widget-wrap elementor-element-populated\">\n\t\t\t\t\t\t<div class=\"elementor-element elementor-element-39fcf39 elementor-widget elementor-widget-html\" data-id=\"39fcf39\" data-element_type=\"widget\" data-widget_type=\"html.default\">\n\t\t\t\t<div class=\"elementor-widget-container\">\n\t\t\t\t\t<div style=\"background:#FCFF54;width:100%;height:90px;\"><\/div>\t\t\t\t<\/div>\n\t\t\t\t<\/div>\n\t\t\t\t\t<\/div>\n\t\t<\/div>\n\t\t\t\t<div class=\"elementor-column elementor-col-25 elementor-inner-column elementor-element elementor-element-d549a1e\" data-id=\"d549a1e\" data-element_type=\"column\">\n\t\t\t<div class=\"elementor-widget-wrap elementor-element-populated\">\n\t\t\t\t\t\t<div class=\"elementor-element elementor-element-1d9592f elementor-widget elementor-widget-heading\" data-id=\"1d9592f\" data-element_type=\"widget\" data-widget_type=\"heading.default\">\n\t\t\t\t<div class=\"elementor-widget-container\">\n\t\t\t\t\t<h1 class=\"elementor-heading-title elementor-size-default\">Transport<\/h1>\t\t\t\t<\/div>\n\t\t\t\t<\/div>\n\t\t\t\t<div class=\"elementor-element elementor-element-17c330c elementor-widget elementor-widget-text-editor\" data-id=\"17c330c\" data-element_type=\"widget\" data-widget_type=\"text-editor.default\">\n\t\t\t\t<div class=\"elementor-widget-container\">\n\t\t\t\t\t\t\t\t\t<p>IPA blickt auf eine lange Erfolgsgeschichte als Zulieferer f\u00fcr die Automobilindustrie zur\u00fcck und konzentriert sich nun \u00fcberwiegend auf den Off-Highway-Bereich (Konstruktion, Bergbau, Containerumschlag usw.) und Nutzfahrzeuge (Lkw).<span class=\"Apple-converted-space\">\u00a0<\/span><\/p>\n<p>Unser Leistungsspektrum reicht von einfachen Kabelfertigungen bis hin zu voll funktionsf\u00e4higen Temperaturmanagementsystemen.<\/p>\n\t\t\t\t\t\t\t\t<\/div>\n\t\t\t\t<\/div>\n\t\t\t\t<div class=\"elementor-element elementor-element-95d75b5 elementor-widget elementor-widget-heading\" data-id=\"95d75b5\" data-element_type=\"widget\" data-widget_type=\"heading.default\">\n\t\t\t\t<div class=\"elementor-widget-container\">\n\t\t\t\t\t<h4 class=\"elementor-heading-title elementor-size-default\">Unsere Produktpalette umfasst:<\/h4>\t\t\t\t<\/div>\n\t\t\t\t<\/div>\n\t\t\t\t<div class=\"elementor-element elementor-element-7d2ec90 elementor-widget elementor-widget-text-editor\" data-id=\"7d2ec90\" data-element_type=\"widget\" data-widget_type=\"text-editor.default\">\n\t\t\t\t<div class=\"elementor-widget-container\">\n\t\t\t\t\t\t\t\t\t<ul>\n<li>Komplette Heiz- und K\u00fchlsysteme<\/li>\n<li>Heiz- und L\u00fcftungsger\u00e4te<\/li>\n<li>Elektromechanische Montagen<\/li>\n<li>Kabelbaumfertigung\/-pakete<\/li>\n<\/ul>\n\t\t\t\t\t\t\t\t<\/div>\n\t\t\t\t<\/div>\n\t\t\t\t\t<\/div>\n\t\t<\/div>\n\t\t\t\t<div class=\"elementor-column elementor-col-25 elementor-inner-column elementor-element elementor-element-fde35dd\" data-id=\"fde35dd\" data-element_type=\"column\" data-settings=\"{&quot;background_background&quot;:&quot;classic&quot;}\">\n\t\t\t<div class=\"elementor-widget-wrap elementor-element-populated\">\n\t\t\t\t\t\t<div class=\"elementor-element elementor-element-b96d23f elementor-widget elementor-widget-shortcode\" data-id=\"b96d23f\" data-element_type=\"widget\" data-widget_type=\"shortcode.default\">\n\t\t\t\t<div class=\"elementor-widget-container\">\n\t\t\t\t\t\t\t<div class=\"elementor-shortcode\"><\/div>\n\t\t\t\t\t\t<\/div>\n\t\t\t\t<\/div>\n\t\t\t\t<div class=\"elementor-element elementor-element-bd4dc7c elementor-widget elementor-widget-template\" data-id=\"bd4dc7c\" data-element_type=\"widget\" data-widget_type=\"template.default\">\n\t\t\t\t<div class=\"elementor-widget-container\">\n\t\t\t\t\t\t\t<div class=\"elementor-template\">\n\t\t\t\t\t<div data-elementor-type=\"single-post\" data-elementor-id=\"9309\" class=\"elementor elementor-9309 elementor-6548\" data-elementor-post-type=\"elementor_library\">\n\t\t\t\t\t<section class=\"elementor-section elementor-top-section elementor-element elementor-element-fcc82c7 elementor-section-boxed elementor-section-height-default elementor-section-height-default\" data-id=\"fcc82c7\" data-element_type=\"section\">\n\t\t\t\t\t\t<div class=\"elementor-container elementor-column-gap-default\">\n\t\t\t\t\t<div class=\"elementor-column elementor-col-100 elementor-top-column elementor-element elementor-element-604386b\" data-id=\"604386b\" data-element_type=\"column\" data-settings=\"{&quot;background_background&quot;:&quot;classic&quot;}\">\n\t\t\t<div class=\"elementor-widget-wrap elementor-element-populated\">\n\t\t\t\t\t\t<div class=\"elementor-element elementor-element-0d52326 elementor-widget elementor-widget-heading\" data-id=\"0d52326\" data-element_type=\"widget\" data-widget_type=\"heading.default\">\n\t\t\t\t<div class=\"elementor-widget-container\">\n\t\t\t\t\t<h4 class=\"elementor-heading-title elementor-size-default\"><a href=\"https:\/\/www.ipa.ee\/de\/taetigkeitsfeld\/\">T\u00e4tigkeitsfeld<\/a><\/h4>\t\t\t\t<\/div>\n\t\t\t\t<\/div>\n\t\t\t\t<div class=\"elementor-element elementor-element-2f9c73a elementor-widget elementor-widget-text-editor\" data-id=\"2f9c73a\" data-element_type=\"widget\" data-widget_type=\"text-editor.default\">\n\t\t\t\t<div class=\"elementor-widget-container\">\n\t\t\t\t\t\t\t\t\t<p><a class=\"content-page-sec-menu\" href=\"https:\/\/www.ipa.ee\/de\/energie-und-infrastruktur\/\">Energie und Infrastruktur<\/a><\/p>\n<p><a class=\"content-page-sec-menu\" href=\"https:\/\/www.ipa.ee\/de\/industrie-und-gewerbe\/\">Industrie und Gewerbe<\/a><\/p>\n<p><a class=\"content-page-sec-menu\" href=\"https:\/\/www.ipa.ee\/de\/eisenbahn\/\">Eisenbahn<\/a><\/p>\n<p><a class=\"content-page-sec-menu\" href=\"https:\/\/www.ipa.ee\/de\/transport\/\">Transport<\/a><\/p>\n<p><a class=\"content-page-sec-menu\" href=\"https:\/\/www.ipa.ee\/de\/emissionsmanagement\/\">Emissionsmanagement<\/a><\/p>\n<p><a class=\"content-page-sec-menu\" href=\"https:\/\/www.ipa.ee\/de\/medizin\/\">Medizin<\/a><\/p>\n\t\t\t\t\t\t\t\t<\/div>\n\t\t\t\t<\/div>\n\t\t\t\t\t<\/div>\n\t\t<\/div>\n\t\t\t\t\t<\/div>\n\t\t<\/section>\n\t\t\t\t<\/div>\n\t\t\t\t<\/div>\n\t\t\t\t\t\t<\/div>\n\t\t\t\t<\/div>\n\t\t\t\t\t<\/div>\n\t\t<\/div>\n\t\t\t\t\t<\/div>\n\t\t<\/section>\n\t\t\t\t\t<\/div>\n\t\t<\/div>\n\t\t\t\t\t<\/div>\n\t\t<\/section>\n\t\t\t\t<\/div>\n\t\t","protected":false},"excerpt":{"rendered":"<p>Transport Transport IPA blickt auf eine lange Erfolgsgeschichte als Zulieferer f\u00fcr die Automobilindustrie zur\u00fcck und konzentriert sich nun \u00fcberwiegend auf den Off-Highway-Bereich (Konstruktion, Bergbau, Containerumschlag usw.) und Nutzfahrzeuge (Lkw).\u00a0 Unser Leistungsspektrum reicht von einfachen Kabelfertigungen bis hin zu voll funktionsf\u00e4higen Temperaturmanagementsystemen. Unsere Produktpalette umfasst: Komplette Heiz- und K\u00fchlsysteme Heiz- und L\u00fcftungsger\u00e4te Elektromechanische Montagen Kabelbaumfertigung\/-pakete<\/p>\n","protected":false},"author":5,"featured_media":0,"parent":0,"menu_order":0,"comment_status":"closed","ping_status":"closed","template":"","meta":{"_monsterinsights_skip_tracking":false,"_monsterinsights_sitenote_active":false,"_monsterinsights_sitenote_note":"","_monsterinsights_sitenote_category":0,"footnotes":""},"class_list":["post-9283","page","type-page","status-publish","hentry"],"aioseo_notices":[],"_links":{"self":[{"href":"https:\/\/www.ipa.ee\/de\/wp-json\/wp\/v2\/pages\/9283","targetHints":{"allow":["GET"]}}],"collection":[{"href":"https:\/\/www.ipa.ee\/de\/wp-json\/wp\/v2\/pages"}],"about":[{"href":"https:\/\/www.ipa.ee\/de\/wp-json\/wp\/v2\/types\/page"}],"author":[{"embeddable":true,"href":"https:\/\/www.ipa.ee\/de\/wp-json\/wp\/v2\/users\/5"}],"replies":[{"embeddable":true,"href":"https:\/\/www.ipa.ee\/de\/wp-json\/wp\/v2\/comments?post=9283"}],"version-history":[{"count":5,"href":"https:\/\/www.ipa.ee\/de\/wp-json\/wp\/v2\/pages\/9283\/revisions"}],"predecessor-version":[{"id":11530,"href":"https:\/\/www.ipa.ee\/de\/wp-json\/wp\/v2\/pages\/9283\/revisions\/11530"}],"wp:attachment":[{"href":"https:\/\/www.ipa.ee\/de\/wp-json\/wp\/v2\/media?parent=9283"}],"curies":[{"name":"wp","href":"https:\/\/api.w.org\/{rel}","templated":true}]}}