{"id":16398,"date":"2023-09-27T16:03:48","date_gmt":"2023-09-27T13:03:48","guid":{"rendered":"https:\/\/www.ipa.ee\/?page_id=16398"},"modified":"2024-10-21T10:20:09","modified_gmt":"2024-10-21T07:20:09","slug":"uudised","status":"publish","type":"page","link":"https:\/\/www.ipa.ee\/et\/meist\/uudised\/","title":{"rendered":"Uudised"},"content":{"rendered":"\t\t<div data-elementor-type=\"wp-page\" data-elementor-id=\"16398\" class=\"elementor elementor-16398\" data-elementor-post-type=\"page\">\n\t\t\t\t\t\t<section class=\"elementor-section elementor-top-section elementor-element elementor-element-1e235a1 elementor-section-boxed elementor-section-height-default elementor-section-height-default\" data-id=\"1e235a1\" data-element_type=\"section\">\n\t\t\t\t\t\t<div class=\"elementor-container elementor-column-gap-default\">\n\t\t\t\t\t<div class=\"elementor-column elementor-col-100 elementor-top-column elementor-element elementor-element-ace2d73\" data-id=\"ace2d73\" data-element_type=\"column\">\n\t\t\t<div class=\"elementor-widget-wrap elementor-element-populated\">\n\t\t\t\t\t\t<div class=\"elementor-element elementor-element-f332190 elementor-widget elementor-widget-heading\" data-id=\"f332190\" data-element_type=\"widget\" data-widget_type=\"heading.default\">\n\t\t\t\t<div class=\"elementor-widget-container\">\n\t\t\t\t\t<h2 class=\"elementor-heading-title elementor-size-default\">IPA projektid:<\/h2>\t\t\t\t<\/div>\n\t\t\t\t<\/div>\n\t\t\t\t<div class=\"elementor-element elementor-element-af59eab elementor-widget elementor-widget-spacer\" data-id=\"af59eab\" data-element_type=\"widget\" data-widget_type=\"spacer.default\">\n\t\t\t\t<div class=\"elementor-widget-container\">\n\t\t\t\t\t\t\t<div class=\"elementor-spacer\">\n\t\t\t<div class=\"elementor-spacer-inner\"><\/div>\n\t\t<\/div>\n\t\t\t\t\t\t<\/div>\n\t\t\t\t<\/div>\n\t\t\t\t\t<\/div>\n\t\t<\/div>\n\t\t\t\t\t<\/div>\n\t\t<\/section>\n\t\t\t\t<section class=\"elementor-section elementor-top-section elementor-element elementor-element-0591330 elementor-section-boxed elementor-section-height-default elementor-section-height-default\" data-id=\"0591330\" data-element_type=\"section\">\n\t\t\t\t\t\t<div class=\"elementor-container elementor-column-gap-default\">\n\t\t\t\t\t<div class=\"elementor-column elementor-col-100 elementor-top-column elementor-element elementor-element-2be7fde\" data-id=\"2be7fde\" data-element_type=\"column\">\n\t\t\t<div class=\"elementor-widget-wrap elementor-element-populated\">\n\t\t\t\t\t\t<div class=\"elementor-element elementor-element-312ca61 elementor-widget elementor-widget-heading\" data-id=\"312ca61\" data-element_type=\"widget\" data-widget_type=\"heading.default\">\n\t\t\t\t<div class=\"elementor-widget-container\">\n\t\t\t\t\t<h2 class=\"elementor-heading-title elementor-size-default\">K\u00fcberturvalisus (21.09.2023)<\/h2>\t\t\t\t<\/div>\n\t\t\t\t<\/div>\n\t\t\t\t<div class=\"elementor-element elementor-element-2e5e8d2 elementor-widget__width-initial elementor-widget elementor-widget-spacer\" data-id=\"2e5e8d2\" data-element_type=\"widget\" data-widget_type=\"spacer.default\">\n\t\t\t\t<div class=\"elementor-widget-container\">\n\t\t\t\t\t\t\t<div class=\"elementor-spacer\">\n\t\t\t<div class=\"elementor-spacer-inner\"><\/div>\n\t\t<\/div>\n\t\t\t\t\t\t<\/div>\n\t\t\t\t<\/div>\n\t\t\t\t<div class=\"elementor-element elementor-element-d5bda7d elementor-widget__width-initial elementor-widget elementor-widget-text-editor\" data-id=\"d5bda7d\" data-element_type=\"widget\" data-widget_type=\"text-editor.default\">\n\t\t\t\t<div class=\"elementor-widget-container\">\n\t\t\t\t\t\t\t\t\t<p>Edendamaks Interconnect Product Assembly AS k\u00fcberturvalisust, viisime l\u00e4bi p\u00f5hjaliku k\u00fcberturvalisuse auditi. Septembris 2023 valmis \u201eInterconnect Product Assembly AS k\u00fcberturvalisuse teekaart\u201d, mille tulemusel tehti p\u00f5hjalik \u00fclevaade hetkeseisust ja selgitati v\u00e4lja vajadused mida tuleks kindlasti parendada. T\u00f6\u00f6tame igap\u00e4evaselt selle nimel, et t\u00f5sta k\u00fcberturvalisuse alast teadlikkust ning juurutada lahendusi, mis aitavad meid kaitsta v\u00f5imalike k\u00fcberr\u00fcnnakute ja nendest tingitud kahjude eest.<\/p>\t\t\t\t\t\t\t\t<\/div>\n\t\t\t\t<\/div>\n\t\t\t\t<div class=\"elementor-element elementor-element-70fb028 elementor-widget elementor-widget-spacer\" data-id=\"70fb028\" data-element_type=\"widget\" data-widget_type=\"spacer.default\">\n\t\t\t\t<div class=\"elementor-widget-container\">\n\t\t\t\t\t\t\t<div class=\"elementor-spacer\">\n\t\t\t<div class=\"elementor-spacer-inner\"><\/div>\n\t\t<\/div>\n\t\t\t\t\t\t<\/div>\n\t\t\t\t<\/div>\n\t\t\t\t<div class=\"elementor-element elementor-element-0a476af elementor-widget__width-initial elementor-widget elementor-widget-heading\" data-id=\"0a476af\" data-element_type=\"widget\" data-widget_type=\"heading.default\">\n\t\t\t\t<div class=\"elementor-widget-container\">\n\t\t\t\t\t<h2 class=\"elementor-heading-title elementor-size-default\">Mitmekesisuse kokkulepe (25.04.2023)<\/h2>\t\t\t\t<\/div>\n\t\t\t\t<\/div>\n\t\t\t\t<div class=\"elementor-element elementor-element-ca6b10a elementor-widget elementor-widget-spacer\" data-id=\"ca6b10a\" data-element_type=\"widget\" data-widget_type=\"spacer.default\">\n\t\t\t\t<div class=\"elementor-widget-container\">\n\t\t\t\t\t\t\t<div class=\"elementor-spacer\">\n\t\t\t<div class=\"elementor-spacer-inner\"><\/div>\n\t\t<\/div>\n\t\t\t\t\t\t<\/div>\n\t\t\t\t<\/div>\n\t\t\t\t<div class=\"elementor-element elementor-element-b1d6327 elementor-widget__width-initial elementor-widget elementor-widget-image\" data-id=\"b1d6327\" data-element_type=\"widget\" data-widget_type=\"image.default\">\n\t\t\t\t<div class=\"elementor-widget-container\">\n\t\t\t\t\t\t\t\t\t\t\t\t\t\t\t<img decoding=\"async\" src=\"https:\/\/www.ipa.ee\/wp-content\/uploads\/elementor\/thumbs\/mitmekesisus_IPA-qd29go8gu9thjxxs9ahg5jmzfwfs2l0mxzetvyigm8.png\" title=\"mitmekesisus_IPA\" alt=\"mitmekesisus_IPA\" loading=\"lazy\" \/>\t\t\t\t\t\t\t\t\t\t\t\t\t\t\t<\/div>\n\t\t\t\t<\/div>\n\t\t\t\t<div class=\"elementor-element elementor-element-0c8e939 elementor-widget__width-initial elementor-widget elementor-widget-spacer\" data-id=\"0c8e939\" data-element_type=\"widget\" data-widget_type=\"spacer.default\">\n\t\t\t\t<div class=\"elementor-widget-container\">\n\t\t\t\t\t\t\t<div class=\"elementor-spacer\">\n\t\t\t<div class=\"elementor-spacer-inner\"><\/div>\n\t\t<\/div>\n\t\t\t\t\t\t<\/div>\n\t\t\t\t<\/div>\n\t\t\t\t<div class=\"elementor-element elementor-element-43d8f79 elementor-align-left elementor-widget__width-initial elementor-icon-list--layout-traditional elementor-list-item-link-full_width elementor-widget elementor-widget-icon-list\" data-id=\"43d8f79\" data-element_type=\"widget\" data-widget_type=\"icon-list.default\">\n\t\t\t\t<div class=\"elementor-widget-container\">\n\t\t\t\t\t\t\t<ul class=\"elementor-icon-list-items\">\n\t\t\t\t\t\t\t<li class=\"elementor-icon-list-item\">\n\t\t\t\t\t\t\t\t\t\t<span class=\"elementor-icon-list-text\">M\u00f6\u00f6dunud n\u00e4dalal allkirjastas IPA kvaliteedijuht Tanel mitmekesisuse kokkuleppe, millega on t\u00e4naseks liitunud juba ligi 150 ettev\u00f5tet, avaliku sektori organisatsiooni ja vaba\u00fchendust.  Ettev\u00f5tted, kes mitmekesisuse kokkuleppega on liitunud on kokku leppinud j\u00e4rgnevas:<\/span>\n\t\t\t\t\t\t\t\t\t<\/li>\n\t\t\t\t\t\t\t\t<li class=\"elementor-icon-list-item\">\n\t\t\t\t\t\t\t\t\t\t\t<span class=\"elementor-icon-list-icon\">\n\t\t\t\t\t\t\t<i aria-hidden=\"true\" class=\"fas fa-check-circle\"><\/i>\t\t\t\t\t\t<\/span>\n\t\t\t\t\t\t\t\t\t\t<span class=\"elementor-icon-list-text\">V\u00e4\u00e4rtustame oma organisatsioonis teineteise austamist, mitmekesisust ja v\u00f5rdse kohtlemise p\u00f5him\u00f5tet.<\/span>\n\t\t\t\t\t\t\t\t\t<\/li>\n\t\t\t\t\t\t\t\t<li class=\"elementor-icon-list-item\">\n\t\t\t\t\t\t\t\t\t\t\t<span class=\"elementor-icon-list-icon\">\n\t\t\t\t\t\t\t<i aria-hidden=\"true\" class=\"fas fa-check-circle\"><\/i>\t\t\t\t\t\t<\/span>\n\t\t\t\t\t\t\t\t\t\t<span class=\"elementor-icon-list-text\">T\u00f5stame organisatsiooni juhtimises kesksele kohale mitmekesisusega arvestamise.<\/span>\n\t\t\t\t\t\t\t\t\t<\/li>\n\t\t\t\t\t\t\t\t<li class=\"elementor-icon-list-item\">\n\t\t\t\t\t\t\t\t\t\t\t<span class=\"elementor-icon-list-icon\">\n\t\t\t\t\t\t\t<i aria-hidden=\"true\" class=\"fas fa-check-circle\"><\/i>\t\t\t\t\t\t<\/span>\n\t\t\t\t\t\t\t\t\t\t<span class=\"elementor-icon-list-text\">Edendame personalipoliitikat, mis tagab k\u00f5ikide t\u00f6\u00f6tajate potentsiaali kasutamise ja v\u00f5rdse kohtlemise, olenemata soost, rassist v\u00f5i etnilisest p\u00e4ritolust, rahvusest, nahav\u00e4rvusest, vanusest, puudest, seksuaalsest s\u00e4ttumusest ning usulistest ja poliitilistest veendumustest.<\/span>\n\t\t\t\t\t\t\t\t\t<\/li>\n\t\t\t\t\t\t\t\t<li class=\"elementor-icon-list-item\">\n\t\t\t\t\t\t\t\t\t\t\t<span class=\"elementor-icon-list-icon\">\n\t\t\t\t\t\t\t<i aria-hidden=\"true\" class=\"fas fa-check-circle\"><\/i>\t\t\t\t\t\t<\/span>\n\t\t\t\t\t\t\t\t\t\t<span class=\"elementor-icon-list-text\">Kaitseme oma t\u00f6\u00f6tajaid diskrimineerimise eest.<\/span>\n\t\t\t\t\t\t\t\t\t<\/li>\n\t\t\t\t\t\t\t\t<li class=\"elementor-icon-list-item\">\n\t\t\t\t\t\t\t\t\t\t\t<span class=\"elementor-icon-list-icon\">\n\t\t\t\t\t\t\t<i aria-hidden=\"true\" class=\"fas fa-check-circle\"><\/i>\t\t\t\t\t\t<\/span>\n\t\t\t\t\t\t\t\t\t\t<span class=\"elementor-icon-list-text\">Teavitame t\u00f6\u00f6tajaid nende \u00f5igustest ja kohustustest v\u00f5rdse kohtlemise p\u00f5him\u00f5tte rakendamisel.<\/span>\n\t\t\t\t\t\t\t\t\t<\/li>\n\t\t\t\t\t\t\t\t<li class=\"elementor-icon-list-item\">\n\t\t\t\t\t\t\t\t\t\t\t<span class=\"elementor-icon-list-icon\">\n\t\t\t\t\t\t\t<i aria-hidden=\"true\" class=\"fas fa-check-circle\"><\/i>\t\t\t\t\t\t<\/span>\n\t\t\t\t\t\t\t\t\t\t<span class=\"elementor-icon-list-text\">Loome oma organisatsioonis t\u00f6\u00f6tajatele ja klientidele v\u00f5imalused v\u00f5rdse kohtlemise p\u00f5him\u00f5tte rikkumisest teavitamiseks ning tagame diskrimineerimisjuhtumite erapooletu ja t\u00f5husa lahendamise.<\/span>\n\t\t\t\t\t\t\t\t\t<\/li>\n\t\t\t\t\t\t<\/ul>\n\t\t\t\t\t\t<\/div>\n\t\t\t\t<\/div>\n\t\t\t\t<div class=\"elementor-element elementor-element-fbeb3bf elementor-widget elementor-widget-spacer\" data-id=\"fbeb3bf\" data-element_type=\"widget\" data-widget_type=\"spacer.default\">\n\t\t\t\t<div class=\"elementor-widget-container\">\n\t\t\t\t\t\t\t<div class=\"elementor-spacer\">\n\t\t\t<div class=\"elementor-spacer-inner\"><\/div>\n\t\t<\/div>\n\t\t\t\t\t\t<\/div>\n\t\t\t\t<\/div>\n\t\t\t\t<div class=\"elementor-element elementor-element-10931a8 elementor-widget elementor-widget-heading\" data-id=\"10931a8\" data-element_type=\"widget\" data-widget_type=\"heading.default\">\n\t\t\t\t<div class=\"elementor-widget-container\">\n\t\t\t\t\t<h2 class=\"elementor-heading-title elementor-size-default\">Hea t\u00f6\u00f6keskkond (02.11.2022)<\/h2>\t\t\t\t<\/div>\n\t\t\t\t<\/div>\n\t\t\t\t<div class=\"elementor-element elementor-element-682d471 elementor-widget__width-initial elementor-widget elementor-widget-image\" data-id=\"682d471\" data-element_type=\"widget\" data-widget_type=\"image.default\">\n\t\t\t\t<div class=\"elementor-widget-container\">\n\t\t\t\t\t\t\t\t\t\t\t\t\t\t\t<img fetchpriority=\"high\" decoding=\"async\" width=\"800\" height=\"533\" src=\"https:\/\/www.ipa.ee\/wp-content\/uploads\/2023\/09\/Suurettevote_IPA_foto_Tiit_Motus.png\" class=\"attachment-large size-large wp-image-16498\" alt=\"\" srcset=\"https:\/\/www.ipa.ee\/wp-content\/uploads\/2023\/09\/Suurettevote_IPA_foto_Tiit_Motus.png 960w, https:\/\/www.ipa.ee\/wp-content\/uploads\/2023\/09\/Suurettevote_IPA_foto_Tiit_Motus-300x200.png 300w, https:\/\/www.ipa.ee\/wp-content\/uploads\/2023\/09\/Suurettevote_IPA_foto_Tiit_Motus-768x512.png 768w\" sizes=\"(max-width: 800px) 100vw, 800px\" \/>\t\t\t\t\t\t\t\t\t\t\t\t\t\t\t<\/div>\n\t\t\t\t<\/div>\n\t\t\t\t<div class=\"elementor-element elementor-element-d430fc7 elementor-widget__width-initial elementor-widget elementor-widget-spacer\" data-id=\"d430fc7\" data-element_type=\"widget\" data-widget_type=\"spacer.default\">\n\t\t\t\t<div class=\"elementor-widget-container\">\n\t\t\t\t\t\t\t<div class=\"elementor-spacer\">\n\t\t\t<div class=\"elementor-spacer-inner\"><\/div>\n\t\t<\/div>\n\t\t\t\t\t\t<\/div>\n\t\t\t\t<\/div>\n\t\t\t\t<div class=\"elementor-element elementor-element-15a17c4 elementor-widget__width-initial elementor-widget elementor-widget-text-editor\" data-id=\"15a17c4\" data-element_type=\"widget\" data-widget_type=\"text-editor.default\">\n\t\t\t\t<div class=\"elementor-widget-container\">\n\t\t\t\t\t\t\t\t\t<p>R\u00f5\u00f5muga anname teada et 02.11.2022 v\u00f5itis IPA T\u00f6\u00f6inspektsiooni poolt korraldatud konkursil auhinna \u201eHea t\u00f6\u00f6keskkond 2022\u201c suurettev\u00f5tete kategoorias.&nbsp;<span style=\"color: var( --e-global-color-text ); font-family: var( --e-global-typography-text-font-family ), Sans-serif; font-weight: var( --e-global-typography-text-font-weight ); font-size: 1rem;\">Konkurssi \u017e\u00fcriile j\u00e4i silma see, kuidas IPA-s hea t\u00f6\u00f6keskkonna loomisse suudetud kaasata t\u00f6\u00f6tajad, panustades palju nende koolitusse. Selle tulemusena oli t\u00f6\u00f6keskkonnavolinike valimisel \u00fchele voliniku kohale lausa viis kandidaati.<\/span><\/p>\n<p>Auhinnaga \u201eHea t\u00f6\u00f6keskkond\u201c soovib T\u00f6\u00f6inspektsioon t\u00f5sta esile ettev\u00f5tteid, kus v\u00e4\u00e4rtustatakse t\u00f6\u00f6tajate tervist s\u00e4\u00e4stvat t\u00f6\u00f6keskkonda ja ohutut t\u00f6\u00f6tamist. Tunnustuse saanud ettev\u00f5tetes on t\u00f6\u00f6andjad teadlikud riskidest, riskide anal\u00fc\u00fcs on integreeritud t\u00f6\u00f6protsessi, t\u00f6\u00f6tajate tervist m\u00f5jutavaid ohte hinnatakse pidevalt ning neid maandatakse kiiresti ja tulemuslikult.<\/p>\n<p><\/p>\t\t\t\t\t\t\t\t<\/div>\n\t\t\t\t<\/div>\n\t\t\t\t\t<\/div>\n\t\t<\/div>\n\t\t\t\t\t<\/div>\n\t\t<\/section>\n\t\t\t\t<section class=\"elementor-section elementor-top-section elementor-element elementor-element-7c807fb elementor-section-boxed elementor-section-height-default elementor-section-height-default\" data-id=\"7c807fb\" data-element_type=\"section\">\n\t\t\t\t\t\t<div class=\"elementor-container elementor-column-gap-default\">\n\t\t\t\t\t<div class=\"elementor-column elementor-col-100 elementor-top-column elementor-element elementor-element-e308b51\" data-id=\"e308b51\" data-element_type=\"column\">\n\t\t\t<div class=\"elementor-widget-wrap elementor-element-populated\">\n\t\t\t\t\t\t<div class=\"elementor-element elementor-element-288257e elementor-widget elementor-widget-spacer\" data-id=\"288257e\" data-element_type=\"widget\" data-widget_type=\"spacer.default\">\n\t\t\t\t<div class=\"elementor-widget-container\">\n\t\t\t\t\t\t\t<div class=\"elementor-spacer\">\n\t\t\t<div class=\"elementor-spacer-inner\"><\/div>\n\t\t<\/div>\n\t\t\t\t\t\t<\/div>\n\t\t\t\t<\/div>\n\t\t\t\t\t<\/div>\n\t\t<\/div>\n\t\t\t\t\t<\/div>\n\t\t<\/section>\n\t\t\t\t<\/div>\n\t\t","protected":false},"excerpt":{"rendered":"<p>IPA projektid: K\u00fcberturvalisus (21.09.2023) Edendamaks Interconnect Product Assembly AS k\u00fcberturvalisust, viisime l\u00e4bi p\u00f5hjaliku k\u00fcberturvalisuse auditi. Septembris 2023 valmis \u201eInterconnect Product Assembly AS k\u00fcberturvalisuse teekaart\u201d, mille tulemusel tehti p\u00f5hjalik \u00fclevaade hetkeseisust ja selgitati v\u00e4lja vajadused mida tuleks kindlasti parendada. T\u00f6\u00f6tame igap\u00e4evaselt selle nimel, et t\u00f5sta k\u00fcberturvalisuse alast teadlikkust ning juurutada lahendusi, mis aitavad meid kaitsta v\u00f5imalike [&hellip;]<\/p>\n","protected":false},"author":4,"featured_media":0,"parent":8945,"menu_order":2,"comment_status":"closed","ping_status":"closed","template":"","meta":{"_monsterinsights_skip_tracking":false,"_monsterinsights_sitenote_active":false,"_monsterinsights_sitenote_note":"","_monsterinsights_sitenote_category":0,"footnotes":""},"class_list":["post-16398","page","type-page","status-publish","hentry"],"aioseo_notices":[],"_links":{"self":[{"href":"https:\/\/www.ipa.ee\/et\/wp-json\/wp\/v2\/pages\/16398","targetHints":{"allow":["GET"]}}],"collection":[{"href":"https:\/\/www.ipa.ee\/et\/wp-json\/wp\/v2\/pages"}],"about":[{"href":"https:\/\/www.ipa.ee\/et\/wp-json\/wp\/v2\/types\/page"}],"author":[{"embeddable":true,"href":"https:\/\/www.ipa.ee\/et\/wp-json\/wp\/v2\/users\/4"}],"replies":[{"embeddable":true,"href":"https:\/\/www.ipa.ee\/et\/wp-json\/wp\/v2\/comments?post=16398"}],"version-history":[{"count":71,"href":"https:\/\/www.ipa.ee\/et\/wp-json\/wp\/v2\/pages\/16398\/revisions"}],"predecessor-version":[{"id":17356,"href":"https:\/\/www.ipa.ee\/et\/wp-json\/wp\/v2\/pages\/16398\/revisions\/17356"}],"up":[{"embeddable":true,"href":"https:\/\/www.ipa.ee\/et\/wp-json\/wp\/v2\/pages\/8945"}],"wp:attachment":[{"href":"https:\/\/www.ipa.ee\/et\/wp-json\/wp\/v2\/media?parent=16398"}],"curies":[{"name":"wp","href":"https:\/\/api.w.org\/{rel}","templated":true}]}}