{"id":16774,"date":"2023-10-31T09:40:27","date_gmt":"2023-10-31T07:40:27","guid":{"rendered":"https:\/\/www.ipa.ee\/tootervishoiu-ja-ohutuse-juhtpohimote\/"},"modified":"2023-11-10T14:03:47","modified_gmt":"2023-11-10T12:03:47","slug":"tootervishoiu-ja-ohutuse-juhtpohimote","status":"publish","type":"page","link":"https:\/\/www.ipa.ee\/et\/tootervishoiu-ja-ohutuse-juhtpohimote\/","title":{"rendered":"T\u00f6\u00f6tervishoiu ja -ohutuse juhtp\u00f5him\u00f5te"},"content":{"rendered":"\t\t<div data-elementor-type=\"wp-page\" data-elementor-id=\"16774\" class=\"elementor elementor-16774 elementor-16632\" data-elementor-post-type=\"page\">\n\t\t\t\t\t\t<section class=\"elementor-section elementor-top-section elementor-element elementor-element-66e3ef2 elementor-section-full_width elementor-section-stretched elementor-section-height-default elementor-section-height-default\" data-id=\"66e3ef2\" data-element_type=\"section\" data-settings=\"{&quot;stretch_section&quot;:&quot;section-stretched&quot;}\">\n\t\t\t\t\t\t<div class=\"elementor-container elementor-column-gap-default\">\n\t\t\t\t\t<div class=\"elementor-column elementor-col-100 elementor-top-column elementor-element elementor-element-980b126\" data-id=\"980b126\" data-element_type=\"column\">\n\t\t\t<div class=\"elementor-widget-wrap elementor-element-populated\">\n\t\t\t\t\t\t<section class=\"elementor-section elementor-inner-section elementor-element elementor-element-3d6adb8 elementor-section-boxed elementor-section-height-default elementor-section-height-default\" data-id=\"3d6adb8\" data-element_type=\"section\">\n\t\t\t\t\t\t<div class=\"elementor-container elementor-column-gap-default\">\n\t\t\t\t\t<div class=\"elementor-column elementor-col-50 elementor-inner-column elementor-element elementor-element-869e584\" data-id=\"869e584\" data-element_type=\"column\" data-settings=\"{&quot;background_background&quot;:&quot;classic&quot;}\">\n\t\t\t<div class=\"elementor-widget-wrap elementor-element-populated\">\n\t\t\t\t\t\t<div class=\"elementor-element elementor-element-33004dd elementor-widget elementor-widget-shortcode\" data-id=\"33004dd\" data-element_type=\"widget\" data-widget_type=\"shortcode.default\">\n\t\t\t\t<div class=\"elementor-widget-container\">\n\t\t\t\t\t\t\t<div class=\"elementor-shortcode\">\t\t<div data-elementor-type=\"single-post\" data-elementor-id=\"9059\" class=\"elementor elementor-9059 elementor-6798\" data-elementor-post-type=\"elementor_library\">\n\t\t\t\t\t<section class=\"elementor-section elementor-top-section elementor-element elementor-element-e5004fb white-links elementor-section-boxed elementor-section-height-default elementor-section-height-default\" data-id=\"e5004fb\" data-element_type=\"section\">\n\t\t\t\t\t\t<div class=\"elementor-container elementor-column-gap-default\">\n\t\t\t\t\t<div class=\"elementor-column elementor-col-100 elementor-top-column elementor-element elementor-element-e2687fe\" data-id=\"e2687fe\" data-element_type=\"column\" data-settings=\"{&quot;background_background&quot;:&quot;classic&quot;}\">\n\t\t\t<div class=\"elementor-widget-wrap elementor-element-populated\">\n\t\t\t\t\t\t<div class=\"elementor-element elementor-element-1f479a5 elementor-widget elementor-widget-heading\" data-id=\"1f479a5\" data-element_type=\"widget\" data-widget_type=\"heading.default\">\n\t\t\t\t<div class=\"elementor-widget-container\">\n\t\t\t\t\t<h4 class=\"elementor-heading-title elementor-size-default\"><a href=\"https:\/\/www.ipa.ee\/et\/kvaliteet-ja-jatkusuutlikkus\/\">Kvaliteet ja J\u00e4tkusuutlikkus<\/a><\/h4>\t\t\t\t<\/div>\n\t\t\t\t<\/div>\n\t\t\t\t<div class=\"elementor-element elementor-element-8ab6449 elementor-widget elementor-widget-text-editor\" data-id=\"8ab6449\" data-element_type=\"widget\" data-widget_type=\"text-editor.default\">\n\t\t\t\t<div class=\"elementor-widget-container\">\n\t\t\t\t\t\t\t\t\t<p><a href=\"https:\/\/www.ipa.ee\/et\/keskkonna-juhtpohimote\/\">Keskkonna juhtp\u00f5him\u00f5te<\/a><\/p><p><a href=\"https:\/\/www.ipa.ee\/et\/tootervishoiu-ja-ohutuse-juhtpohimote\/\">T\u00f6\u00f6tervishoiu ja -ohutus juhtp\u00f5him\u00f5te<\/a><\/p><p><a href=\"https:\/\/www.ipa.ee\/et\/sertifikaadid\/\">Sertifikaadid<\/a><\/p><p><a href=\"https:\/\/www.ipa.ee\/et\/dokumendid\/\">Dokumendid<\/a><\/p>\t\t\t\t\t\t\t\t<\/div>\n\t\t\t\t<\/div>\n\t\t\t\t\t<\/div>\n\t\t<\/div>\n\t\t\t\t\t<\/div>\n\t\t<\/section>\n\t\t\t\t<\/div>\n\t\t<\/div>\n\t\t\t\t\t\t<\/div>\n\t\t\t\t<\/div>\n\t\t\t\t\t<\/div>\n\t\t<\/div>\n\t\t\t\t<div class=\"elementor-column elementor-col-50 elementor-inner-column elementor-element elementor-element-9ae44d2\" data-id=\"9ae44d2\" data-element_type=\"column\" data-settings=\"{&quot;background_background&quot;:&quot;classic&quot;}\">\n\t\t\t<div class=\"elementor-widget-wrap\">\n\t\t\t\t\t\t\t<\/div>\n\t\t<\/div>\n\t\t\t\t\t<\/div>\n\t\t<\/section>\n\t\t\t\t<section class=\"elementor-section elementor-inner-section elementor-element elementor-element-94f5373 elementor-section-boxed elementor-section-height-default elementor-section-height-default\" data-id=\"94f5373\" data-element_type=\"section\">\n\t\t\t\t\t\t<div class=\"elementor-container elementor-column-gap-default\">\n\t\t\t\t\t<div class=\"elementor-column elementor-col-25 elementor-inner-column elementor-element elementor-element-8700d2c yellow-block\" data-id=\"8700d2c\" data-element_type=\"column\" data-settings=\"{&quot;background_background&quot;:&quot;classic&quot;}\">\n\t\t\t<div class=\"elementor-widget-wrap elementor-element-populated\">\n\t\t\t\t\t\t<div class=\"elementor-element elementor-element-319d484 elementor-widget elementor-widget-html\" data-id=\"319d484\" data-element_type=\"widget\" data-widget_type=\"html.default\">\n\t\t\t\t<div class=\"elementor-widget-container\">\n\t\t\t\t\t<div style=\"background:#FCFF54;width:100%;height:90px;\"><\/div>\t\t\t\t<\/div>\n\t\t\t\t<\/div>\n\t\t\t\t\t<\/div>\n\t\t<\/div>\n\t\t\t\t<div class=\"elementor-column elementor-col-25 elementor-inner-column elementor-element elementor-element-955dc04\" data-id=\"955dc04\" data-element_type=\"column\">\n\t\t\t<div class=\"elementor-widget-wrap elementor-element-populated\">\n\t\t\t\t\t\t<div class=\"elementor-element elementor-element-bb1d163 content-page-yellow-bar elementor-widget elementor-widget-heading\" data-id=\"bb1d163\" data-element_type=\"widget\" data-widget_type=\"heading.default\">\n\t\t\t\t<div class=\"elementor-widget-container\">\n\t\t\t\t\t<h1 class=\"elementor-heading-title elementor-size-default\">T\u00f6\u00f6tervishoiu ja -ohutus juhtp\u00f5him\u00f5te<\/h1>\t\t\t\t<\/div>\n\t\t\t\t<\/div>\n\t\t\t\t<div class=\"elementor-element elementor-element-dea073e elementor-widget__width-initial elementor-widget elementor-widget-text-editor\" data-id=\"dea073e\" data-element_type=\"widget\" data-widget_type=\"text-editor.default\">\n\t\t\t\t<div class=\"elementor-widget-container\">\n\t\t\t\t\t\t\t\t\t<p>Iga t\u00f6\u00f6\u00fclesanne meie ettev\u00f5ttes peab saama tehtud ohutult ja tervist s\u00e4\u00e4stvalt. Soovime tagada igale meie t\u00f6\u00f6tajale, k\u00fclalisele ja koost\u00f6\u00f6partnerile turvalise ja s\u00f5braliku keskkonna.<\/p>\n<ul>\n<li>Oleme seadnud endale eesm\u00e4rgi ennetada t\u00f6\u00f6ga seotud vigastusi ja haigestumisi ning tagada ohutud ja tervislikud t\u00f6\u00f6tingimused.<\/li>\n<li>Kohustume j\u00e4rgima k\u00f5iki meile kohalduvaid \u00f5igusaktide ja teisi n\u00f5udeid.<\/li>\n<li>Hindame t\u00f6\u00f6keskkonna ohte ja riske ning teeme k\u00f5ik endast oleneva, et need k\u00f5rvaldada v\u00f5i nende m\u00f5ju v\u00e4hendada.<\/li>\n<li>Otsime ja kasutame j\u00e4rjepidevalt v\u00f5imalusi t\u00f6\u00f6keskkonna parendamiseks.<\/li>\n<li>Juhendame ja koolitame oma t\u00f6\u00f6tajaid kasutama ohutuid t\u00f6\u00f6v\u00f5tteid.<\/li>\n<li>Kindlustame t\u00f6\u00f6tajad ohutuse tagamiseks sobivate t\u00f6\u00f6- ja isikukaitsevahenditega.<\/li>\n<li>Peame oluliseks koost\u00f6\u00f6d ning kaasame t\u00f6\u00f6tajaid ja nende esindajaid parema ja turvalisema t\u00f6\u00f6keskkonna loomisesse.<\/li>\n<li>Meie jaoks on oluline, et iga t\u00f6\u00f6taja tunneks ennast t\u00f6\u00f6l h\u00e4sti ning teda koheldakse \u00f5iglaselt ja lugupidamisega.<\/li>\n<li>Innustame t\u00f6\u00f6tajaid j\u00e4rgima tervislikke eluviise ja pakume t\u00f6\u00f6tajatele mitmeid soodustusi.<\/li>\n<li>T\u00e4iustame\u00a0 j\u00e4rjepidevalt t\u00f6\u00f6tervishoiu ja t\u00f6\u00f6ohutuse juhtimiss\u00fcsteemi.<\/li>\n<\/ul>\n\t\t\t\t\t\t\t\t<\/div>\n\t\t\t\t<\/div>\n\t\t\t\t\t<\/div>\n\t\t<\/div>\n\t\t\t\t<div class=\"elementor-column elementor-col-50 elementor-inner-column elementor-element elementor-element-73e921e\" data-id=\"73e921e\" data-element_type=\"column\" data-settings=\"{&quot;background_background&quot;:&quot;classic&quot;}\">\n\t\t\t<div class=\"elementor-widget-wrap elementor-element-populated\">\n\t\t\t\t\t\t<div class=\"elementor-element elementor-element-7488df2 elementor-widget elementor-widget-shortcode\" data-id=\"7488df2\" data-element_type=\"widget\" data-widget_type=\"shortcode.default\">\n\t\t\t\t<div class=\"elementor-widget-container\">\n\t\t\t\t\t\t\t<div class=\"elementor-shortcode\">\t\t<div data-elementor-type=\"single-post\" data-elementor-id=\"9066\" class=\"elementor elementor-9066 elementor-6793\" data-elementor-post-type=\"elementor_library\">\n\t\t\t\t\t<section class=\"elementor-section elementor-top-section elementor-element elementor-element-7369c76 elementor-section-boxed elementor-section-height-default elementor-section-height-default\" data-id=\"7369c76\" data-element_type=\"section\">\n\t\t\t\t\t\t<div class=\"elementor-container elementor-column-gap-default\">\n\t\t\t\t\t<div class=\"elementor-column elementor-col-100 elementor-top-column elementor-element elementor-element-fc02917\" data-id=\"fc02917\" data-element_type=\"column\">\n\t\t\t<div class=\"elementor-widget-wrap elementor-element-populated\">\n\t\t\t\t\t\t<div class=\"elementor-element elementor-element-ce24459 elementor-widget elementor-widget-shortcode\" data-id=\"ce24459\" data-element_type=\"widget\" data-widget_type=\"shortcode.default\">\n\t\t\t\t<div class=\"elementor-widget-container\">\n\t\t\t\t\t\t\t<div class=\"elementor-shortcode\"><\/div>\n\t\t\t\t\t\t<\/div>\n\t\t\t\t<\/div>\n\t\t\t\t<div class=\"elementor-element elementor-element-31a457d elementor-widget elementor-widget-heading\" data-id=\"31a457d\" data-element_type=\"widget\" data-widget_type=\"heading.default\">\n\t\t\t\t<div class=\"elementor-widget-container\">\n\t\t\t\t\t<h4 class=\"elementor-heading-title elementor-size-default\"><a href=\"https:\/\/www.ipa.ee\/et\/kvaliteet\/\">Kvaliteet ja J\u00e4tkusuutlikkus<\/a><\/h4>\t\t\t\t<\/div>\n\t\t\t\t<\/div>\n\t\t\t\t<div class=\"elementor-element elementor-element-4265804 elementor-widget elementor-widget-text-editor\" data-id=\"4265804\" data-element_type=\"widget\" data-widget_type=\"text-editor.default\">\n\t\t\t\t<div class=\"elementor-widget-container\">\n\t\t\t\t\t\t\t\t\t<p><a class=\"content-page-sec-menu\" href=\"https:\/\/www.ipa.ee\/environmental\">Keskkonna juhtp\u00f5him\u00f5te<\/a><\/p>\n<p><a class=\"content-page-sec-menu\" href=\"https:\/\/www.ipa.ee\/occupational-health-and-safety\">T\u00f6\u00f6tervishoiu ja -ohutuse juhtp\u00f5him\u00f5te<\/a><\/p>\n<p><span style=\"color: #005a9c;\"><a style=\"color: #005a9c;\" href=\"https:\/\/www.ipa.ee\/code-of-conduct\/\">\u00c4rieetika koodeks<\/a><\/span><\/p>\n<p><a class=\"content-page-sec-menu\" href=\"https:\/\/www.ipa.ee\/certificates\">Sertifikaadid<\/a><\/p>\n<p><a class=\"content-page-sec-menu\" href=\"https:\/\/www.ipa.ee\/et\/dokumendid\/\">Dokumendid<\/a><\/p>\n\t\t\t\t\t\t\t\t<\/div>\n\t\t\t\t<\/div>\n\t\t\t\t\t<\/div>\n\t\t<\/div>\n\t\t\t\t\t<\/div>\n\t\t<\/section>\n\t\t\t\t<\/div>\n\t\t<\/div>\n\t\t\t\t\t\t<\/div>\n\t\t\t\t<\/div>\n\t\t\t\t\t<\/div>\n\t\t<\/div>\n\t\t\t\t\t<\/div>\n\t\t<\/section>\n\t\t\t\t\t<\/div>\n\t\t<\/div>\n\t\t\t\t\t<\/div>\n\t\t<\/section>\n\t\t\t\t<\/div>\n\t\t","protected":false},"excerpt":{"rendered":"<p>T\u00f6\u00f6tervishoiu ja -ohutus juhtp\u00f5him\u00f5te Iga t\u00f6\u00f6\u00fclesanne meie ettev\u00f5ttes peab saama tehtud ohutult ja tervist s\u00e4\u00e4stvalt. Soovime tagada igale meie t\u00f6\u00f6tajale, k\u00fclalisele ja koost\u00f6\u00f6partnerile turvalise ja s\u00f5braliku keskkonna. Oleme seadnud endale eesm\u00e4rgi ennetada t\u00f6\u00f6ga seotud vigastusi ja haigestumisi ning tagada ohutud ja tervislikud t\u00f6\u00f6tingimused. Kohustume j\u00e4rgima k\u00f5iki meile kohalduvaid \u00f5igusaktide ja teisi n\u00f5udeid. Hindame t\u00f6\u00f6keskkonna ohte [&hellip;]<\/p>\n","protected":false},"author":4,"featured_media":0,"parent":0,"menu_order":0,"comment_status":"closed","ping_status":"closed","template":"","meta":{"_monsterinsights_skip_tracking":false,"_monsterinsights_sitenote_active":false,"_monsterinsights_sitenote_note":"","_monsterinsights_sitenote_category":0,"footnotes":""},"class_list":["post-16774","page","type-page","status-publish","hentry"],"aioseo_notices":[],"_links":{"self":[{"href":"https:\/\/www.ipa.ee\/et\/wp-json\/wp\/v2\/pages\/16774","targetHints":{"allow":["GET"]}}],"collection":[{"href":"https:\/\/www.ipa.ee\/et\/wp-json\/wp\/v2\/pages"}],"about":[{"href":"https:\/\/www.ipa.ee\/et\/wp-json\/wp\/v2\/types\/page"}],"author":[{"embeddable":true,"href":"https:\/\/www.ipa.ee\/et\/wp-json\/wp\/v2\/users\/4"}],"replies":[{"embeddable":true,"href":"https:\/\/www.ipa.ee\/et\/wp-json\/wp\/v2\/comments?post=16774"}],"version-history":[{"count":13,"href":"https:\/\/www.ipa.ee\/et\/wp-json\/wp\/v2\/pages\/16774\/revisions"}],"predecessor-version":[{"id":16817,"href":"https:\/\/www.ipa.ee\/et\/wp-json\/wp\/v2\/pages\/16774\/revisions\/16817"}],"wp:attachment":[{"href":"https:\/\/www.ipa.ee\/et\/wp-json\/wp\/v2\/media?parent=16774"}],"curies":[{"name":"wp","href":"https:\/\/api.w.org\/{rel}","templated":true}]}}