{"id":8975,"date":"2020-10-10T17:32:53","date_gmt":"2020-10-10T14:32:53","guid":{"rendered":"https:\/\/www.ipa.ee\/visioon-ja-eesmark\/"},"modified":"2021-05-18T12:41:26","modified_gmt":"2021-05-18T09:41:26","slug":"visioon-ja-eesmark","status":"publish","type":"page","link":"https:\/\/www.ipa.ee\/et\/visioon-ja-eesmark\/","title":{"rendered":"Visioon ja eesm\u00e4rk"},"content":{"rendered":"\t\t<div data-elementor-type=\"single-post\" data-elementor-id=\"9082\" class=\"elementor elementor-9082 elementor-6692\" data-elementor-post-type=\"elementor_library\">\n\t\t\t\t\t<section class=\"elementor-section elementor-top-section elementor-element elementor-element-3fac42d8 white-links elementor-section-boxed elementor-section-height-default elementor-section-height-default\" data-id=\"3fac42d8\" data-element_type=\"section\">\n\t\t\t\t\t\t<div class=\"elementor-container elementor-column-gap-default\">\n\t\t\t\t\t<div class=\"elementor-column elementor-col-100 elementor-top-column elementor-element elementor-element-1abfc1fb\" data-id=\"1abfc1fb\" data-element_type=\"column\" data-settings=\"{&quot;background_background&quot;:&quot;classic&quot;}\">\n\t\t\t<div class=\"elementor-widget-wrap elementor-element-populated\">\n\t\t\t\t\t\t<div class=\"elementor-element elementor-element-da98a85 elementor-widget elementor-widget-heading\" data-id=\"da98a85\" data-element_type=\"widget\" data-widget_type=\"heading.default\">\n\t\t\t\t<div class=\"elementor-widget-container\">\n\t\t\t\t\t<h4 class=\"elementor-heading-title elementor-size-default\"><a href=\"https:\/\/www.ipa.ee\/et\/meist\/\">Meist<\/a><\/h4>\t\t\t\t<\/div>\n\t\t\t\t<\/div>\n\t\t\t\t<div class=\"elementor-element elementor-element-28092c74 elementor-widget elementor-widget-text-editor\" data-id=\"28092c74\" data-element_type=\"widget\" data-widget_type=\"text-editor.default\">\n\t\t\t\t<div class=\"elementor-widget-container\">\n\t\t\t\t\t\t\t\t\t<p><a href=\"https:\/\/www.ipa.ee\/et\/visioon-ja-eesmark\/\">Visioon ja eesm\u00e4rk<\/a><\/p><p><a href=\"https:\/\/www.ipa.ee\/et\/visioon-ja-eesmark-2\/\">Ettev\u00f5te t\u00f6\u00f6andjana<\/a><\/p><p><a href=\"https:\/\/www.ipa.ee\/et\/eesti\/\">Eesti<\/a><\/p><p><a href=\"https:\/\/www.ipa.ee\/et\/news\/\">Uudised<\/a><\/p>\t\t\t\t\t\t\t\t<\/div>\n\t\t\t\t<\/div>\n\t\t\t\t\t<\/div>\n\t\t<\/div>\n\t\t\t\t\t<\/div>\n\t\t<\/section>\n\t\t\t\t<\/div>\n\t\t\n<h2>Visioon ja eesm\u00e4rk<\/h2>\n<h1>Visioon ja eesm\u00e4rk<\/h1>\n<p><strong><em>Eesm\u00e4rk<\/em><\/strong> \u2013 Interconnect Product Assembly pakub klientidele nende ootustele vastavat v\u00f5i neid \u00fcletavat tootmisteenust, mis p\u00f5hineb j\u00e4rgmistel kriteeriumidel:<\/p>\n<ul>\n<li>Kvaliteet<\/li>\n<li>V\u00e4\u00e4rtus<\/li>\n<li>Tarne<\/li>\n<li>Teenindus<\/li>\n<\/ul>\n<p>Arendame pidevalt oma t\u00f6\u00f6tajaid ja protsesse, et s\u00e4ilitada enda positsioon parima tootmisteenuse pakkujana oma valdkonnas.<\/p>\n<p><strong><em>Visioon<\/em><\/strong> \u2013 saavutame oma eesm\u00e4rgid pideva t\u00e4iustamise ja protsesside arendamise abil igas tegevusvaldkonnas. Erit\u00e4helepanu p\u00f6\u00f6rame suhetele klientide ja tarnijatega, t\u00f6\u00f6tajate arendamisele ning keskkonnateadlikkusele.<\/p>\n<p>\t\t\t\t\t\t\t\t\t\t\t\t<img fetchpriority=\"high\" decoding=\"async\" width=\"2560\" height=\"1700\" src=\"https:\/\/www.ipa.ee\/wp-content\/uploads\/2020\/12\/ukq_0530-copy-scaled.jpg\" alt=\"\" srcset=\"https:\/\/www.ipa.ee\/wp-content\/uploads\/2020\/12\/ukq_0530-copy-scaled.jpg 2560w, https:\/\/www.ipa.ee\/wp-content\/uploads\/2020\/12\/ukq_0530-copy-300x199.jpg 300w, https:\/\/www.ipa.ee\/wp-content\/uploads\/2020\/12\/ukq_0530-copy-1030x684.jpg 1030w, https:\/\/www.ipa.ee\/wp-content\/uploads\/2020\/12\/ukq_0530-copy-768x510.jpg 768w, https:\/\/www.ipa.ee\/wp-content\/uploads\/2020\/12\/ukq_0530-copy-1536x1020.jpg 1536w, https:\/\/www.ipa.ee\/wp-content\/uploads\/2020\/12\/ukq_0530-copy-2048x1360.jpg 2048w\" sizes=\"(max-width: 2560px) 100vw, 2560px\" \/><br \/>\n\t\t\t\t<div data-elementor-type=\"single-post\" data-elementor-id=\"9038\" class=\"elementor elementor-9038 elementor-6831\" data-elementor-post-type=\"elementor_library\">\n\t\t\t\t\t<section class=\"elementor-section elementor-top-section elementor-element elementor-element-19566333 elementor-section-boxed elementor-section-height-default elementor-section-height-default\" data-id=\"19566333\" data-element_type=\"section\">\n\t\t\t\t\t\t<div class=\"elementor-container elementor-column-gap-default\">\n\t\t\t\t\t<div class=\"elementor-column elementor-col-100 elementor-top-column elementor-element elementor-element-752919ce\" data-id=\"752919ce\" data-element_type=\"column\" data-settings=\"{&quot;background_background&quot;:&quot;classic&quot;}\">\n\t\t\t<div class=\"elementor-widget-wrap elementor-element-populated\">\n\t\t\t\t\t\t<div class=\"elementor-element elementor-element-3ce2264 elementor-widget elementor-widget-heading\" data-id=\"3ce2264\" data-element_type=\"widget\" data-widget_type=\"heading.default\">\n\t\t\t\t<div class=\"elementor-widget-container\">\n\t\t\t\t\t<h4 class=\"elementor-heading-title elementor-size-default\"><a href=\"https:\/\/www.ipa.ee\/et\/meist\/\">Meist<\/a><\/h4>\t\t\t\t<\/div>\n\t\t\t\t<\/div>\n\t\t\t\t<div class=\"elementor-element elementor-element-25897d2 elementor-widget elementor-widget-text-editor\" data-id=\"25897d2\" data-element_type=\"widget\" data-widget_type=\"text-editor.default\">\n\t\t\t\t<div class=\"elementor-widget-container\">\n\t\t\t\t\t\t\t\t\t<p><a class=\"content-page-sec-menu\" href=\"https:\/\/www.ipa.ee\/et\/visioon-ja-eesmark\/\">Visioon ja eesm\u00e4rk<\/a><\/p><p><a class=\"content-page-sec-menu\" href=\"https:\/\/www.ipa.ee\/et\/visioon-ja-eesmark-2\/(opens in a new tab)\">Ettev\u00f5te t\u00f6\u00f6andjana<\/a><\/p><p><a class=\"content-page-sec-menu\" href=\"https:\/\/www.ipa.ee\/et\/eesti\/\">Eesti<\/a><\/p><p><a class=\"content-page-sec-menu\" href=\"https:\/\/www.ipa.ee\/et\/news\/\">Uudised<\/a><\/p>\t\t\t\t\t\t\t\t<\/div>\n\t\t\t\t<\/div>\n\t\t\t\t\t<\/div>\n\t\t<\/div>\n\t\t\t\t\t<\/div>\n\t\t<\/section>\n\t\t\t\t<\/div>\n\t\t<\/p>\n","protected":false},"excerpt":{"rendered":"<p>Visioon ja eesm\u00e4rk Visioon ja eesm\u00e4rk Eesm\u00e4rk \u2013 Interconnect Product Assembly pakub klientidele nende ootustele vastavat v\u00f5i neid \u00fcletavat tootmisteenust, mis p\u00f5hineb j\u00e4rgmistel kriteeriumidel: Kvaliteet V\u00e4\u00e4rtus Tarne Teenindus Arendame pidevalt oma t\u00f6\u00f6tajaid ja protsesse, et s\u00e4ilitada enda positsioon parima tootmisteenuse pakkujana oma valdkonnas. Visioon \u2013 saavutame oma eesm\u00e4rgid pideva t\u00e4iustamise ja protsesside arendamise abil igas [&hellip;]<\/p>\n","protected":false},"author":5,"featured_media":0,"parent":0,"menu_order":0,"comment_status":"closed","ping_status":"closed","template":"","meta":{"_monsterinsights_skip_tracking":false,"_monsterinsights_sitenote_active":false,"_monsterinsights_sitenote_note":"","_monsterinsights_sitenote_category":0,"footnotes":""},"class_list":["post-8975","page","type-page","status-publish","hentry"],"aioseo_notices":[],"_links":{"self":[{"href":"https:\/\/www.ipa.ee\/et\/wp-json\/wp\/v2\/pages\/8975","targetHints":{"allow":["GET"]}}],"collection":[{"href":"https:\/\/www.ipa.ee\/et\/wp-json\/wp\/v2\/pages"}],"about":[{"href":"https:\/\/www.ipa.ee\/et\/wp-json\/wp\/v2\/types\/page"}],"author":[{"embeddable":true,"href":"https:\/\/www.ipa.ee\/et\/wp-json\/wp\/v2\/users\/5"}],"replies":[{"embeddable":true,"href":"https:\/\/www.ipa.ee\/et\/wp-json\/wp\/v2\/comments?post=8975"}],"version-history":[{"count":5,"href":"https:\/\/www.ipa.ee\/et\/wp-json\/wp\/v2\/pages\/8975\/revisions"}],"predecessor-version":[{"id":11302,"href":"https:\/\/www.ipa.ee\/et\/wp-json\/wp\/v2\/pages\/8975\/revisions\/11302"}],"wp:attachment":[{"href":"https:\/\/www.ipa.ee\/et\/wp-json\/wp\/v2\/media?parent=8975"}],"curies":[{"name":"wp","href":"https:\/\/api.w.org\/{rel}","templated":true}]}}