{"id":8977,"date":"2020-10-10T17:34:27","date_gmt":"2020-10-10T14:34:27","guid":{"rendered":"https:\/\/www.ipa.ee\/eesti\/"},"modified":"2021-05-18T12:56:54","modified_gmt":"2021-05-18T09:56:54","slug":"eesti","status":"publish","type":"page","link":"https:\/\/www.ipa.ee\/et\/eesti\/","title":{"rendered":"Eesti"},"content":{"rendered":"\t\t<div data-elementor-type=\"wp-page\" data-elementor-id=\"8977\" class=\"elementor elementor-8977 elementor-4985\" data-elementor-post-type=\"page\">\n\t\t\t\t\t\t<section class=\"elementor-section elementor-top-section elementor-element elementor-element-c82e157 elementor-section-full_width elementor-section-stretched elementor-section-height-default elementor-section-height-default\" data-id=\"c82e157\" data-element_type=\"section\" data-settings=\"{&quot;stretch_section&quot;:&quot;section-stretched&quot;}\">\n\t\t\t\t\t\t<div class=\"elementor-container elementor-column-gap-default\">\n\t\t\t\t\t<div class=\"elementor-column elementor-col-100 elementor-top-column elementor-element elementor-element-cd26b54\" data-id=\"cd26b54\" data-element_type=\"column\">\n\t\t\t<div class=\"elementor-widget-wrap elementor-element-populated\">\n\t\t\t\t\t\t<section class=\"elementor-section elementor-inner-section elementor-element elementor-element-62cb9ec elementor-section-boxed elementor-section-height-default elementor-section-height-default\" data-id=\"62cb9ec\" data-element_type=\"section\">\n\t\t\t\t\t\t<div class=\"elementor-container elementor-column-gap-default\">\n\t\t\t\t\t<div class=\"elementor-column elementor-col-50 elementor-inner-column elementor-element elementor-element-0ec0bb4\" data-id=\"0ec0bb4\" data-element_type=\"column\" data-settings=\"{&quot;background_background&quot;:&quot;classic&quot;}\">\n\t\t\t<div class=\"elementor-widget-wrap elementor-element-populated\">\n\t\t\t\t\t\t<div class=\"elementor-element elementor-element-6f96ec3 elementor-widget elementor-widget-shortcode\" data-id=\"6f96ec3\" data-element_type=\"widget\" data-widget_type=\"shortcode.default\">\n\t\t\t\t<div class=\"elementor-widget-container\">\n\t\t\t\t\t\t\t<div class=\"elementor-shortcode\">\t\t<div data-elementor-type=\"single-post\" data-elementor-id=\"9082\" class=\"elementor elementor-9082 elementor-6692\" data-elementor-post-type=\"elementor_library\">\n\t\t\t\t\t<section class=\"elementor-section elementor-top-section elementor-element elementor-element-3fac42d8 white-links elementor-section-boxed elementor-section-height-default elementor-section-height-default\" data-id=\"3fac42d8\" data-element_type=\"section\">\n\t\t\t\t\t\t<div class=\"elementor-container elementor-column-gap-default\">\n\t\t\t\t\t<div class=\"elementor-column elementor-col-100 elementor-top-column elementor-element elementor-element-1abfc1fb\" data-id=\"1abfc1fb\" data-element_type=\"column\" data-settings=\"{&quot;background_background&quot;:&quot;classic&quot;}\">\n\t\t\t<div class=\"elementor-widget-wrap elementor-element-populated\">\n\t\t\t\t\t\t<div class=\"elementor-element elementor-element-da98a85 elementor-widget elementor-widget-heading\" data-id=\"da98a85\" data-element_type=\"widget\" data-widget_type=\"heading.default\">\n\t\t\t\t<div class=\"elementor-widget-container\">\n\t\t\t\t\t<h4 class=\"elementor-heading-title elementor-size-default\"><a href=\"https:\/\/www.ipa.ee\/et\/meist\/\">Meist<\/a><\/h4>\t\t\t\t<\/div>\n\t\t\t\t<\/div>\n\t\t\t\t<div class=\"elementor-element elementor-element-28092c74 elementor-widget elementor-widget-text-editor\" data-id=\"28092c74\" data-element_type=\"widget\" data-widget_type=\"text-editor.default\">\n\t\t\t\t<div class=\"elementor-widget-container\">\n\t\t\t\t\t\t\t\t\t<p><a href=\"https:\/\/www.ipa.ee\/et\/visioon-ja-eesmark\/\">Visioon ja eesm\u00e4rk<\/a><\/p><p><a href=\"https:\/\/www.ipa.ee\/et\/visioon-ja-eesmark-2\/\">Ettev\u00f5te t\u00f6\u00f6andjana<\/a><\/p><p><a href=\"https:\/\/www.ipa.ee\/et\/eesti\/\">Eesti<\/a><\/p><p><a href=\"https:\/\/www.ipa.ee\/et\/news\/\">Uudised<\/a><\/p>\t\t\t\t\t\t\t\t<\/div>\n\t\t\t\t<\/div>\n\t\t\t\t\t<\/div>\n\t\t<\/div>\n\t\t\t\t\t<\/div>\n\t\t<\/section>\n\t\t\t\t<\/div>\n\t\t<\/div>\n\t\t\t\t\t\t<\/div>\n\t\t\t\t<\/div>\n\t\t\t\t\t<\/div>\n\t\t<\/div>\n\t\t\t\t<div class=\"elementor-column elementor-col-50 elementor-inner-column elementor-element elementor-element-5251896\" data-id=\"5251896\" data-element_type=\"column\" data-settings=\"{&quot;background_background&quot;:&quot;classic&quot;}\">\n\t\t\t<div class=\"elementor-widget-wrap elementor-element-populated\">\n\t\t\t\t\t\t<div class=\"elementor-element elementor-element-f1261b2 elementor-widget elementor-widget-heading\" data-id=\"f1261b2\" data-element_type=\"widget\" data-widget_type=\"heading.default\">\n\t\t\t\t<div class=\"elementor-widget-container\">\n\t\t\t\t\t<h2 class=\"elementor-heading-title elementor-size-default\">Eesti<\/h2>\t\t\t\t<\/div>\n\t\t\t\t<\/div>\n\t\t\t\t<div class=\"elementor-element elementor-element-f908f6b elementor-widget-divider--view-line elementor-widget elementor-widget-divider\" data-id=\"f908f6b\" data-element_type=\"widget\" data-widget_type=\"divider.default\">\n\t\t\t\t<div class=\"elementor-widget-container\">\n\t\t\t\t\t\t\t<div class=\"elementor-divider\">\n\t\t\t<span class=\"elementor-divider-separator\">\n\t\t\t\t\t\t<\/span>\n\t\t<\/div>\n\t\t\t\t\t\t<\/div>\n\t\t\t\t<\/div>\n\t\t\t\t\t<\/div>\n\t\t<\/div>\n\t\t\t\t\t<\/div>\n\t\t<\/section>\n\t\t\t\t<section class=\"elementor-section elementor-inner-section elementor-element elementor-element-314fb67 elementor-section-boxed elementor-section-height-default elementor-section-height-default\" data-id=\"314fb67\" data-element_type=\"section\">\n\t\t\t\t\t\t<div class=\"elementor-container elementor-column-gap-default\">\n\t\t\t\t\t<div class=\"elementor-column elementor-col-25 elementor-inner-column elementor-element elementor-element-bb7582e yellow-block\" data-id=\"bb7582e\" data-element_type=\"column\" data-settings=\"{&quot;background_background&quot;:&quot;classic&quot;}\">\n\t\t\t<div class=\"elementor-widget-wrap elementor-element-populated\">\n\t\t\t\t\t\t<div class=\"elementor-element elementor-element-7db6d1e elementor-widget elementor-widget-html\" data-id=\"7db6d1e\" data-element_type=\"widget\" data-widget_type=\"html.default\">\n\t\t\t\t<div class=\"elementor-widget-container\">\n\t\t\t\t\t<div style=\"background:#FCFF54;width:100%;height:90px;\"><\/div>\t\t\t\t<\/div>\n\t\t\t\t<\/div>\n\t\t\t\t\t<\/div>\n\t\t<\/div>\n\t\t\t\t<div class=\"elementor-column elementor-col-25 elementor-inner-column elementor-element elementor-element-3127b1e\" data-id=\"3127b1e\" data-element_type=\"column\">\n\t\t\t<div class=\"elementor-widget-wrap elementor-element-populated\">\n\t\t\t\t\t\t<div class=\"elementor-element elementor-element-1f2cc0a content-page-yellow-bar elementor-widget elementor-widget-heading\" data-id=\"1f2cc0a\" data-element_type=\"widget\" data-widget_type=\"heading.default\">\n\t\t\t\t<div class=\"elementor-widget-container\">\n\t\t\t\t\t<h1 class=\"elementor-heading-title elementor-size-default\">Eesti<\/h1>\t\t\t\t<\/div>\n\t\t\t\t<\/div>\n\t\t\t\t<div class=\"elementor-element elementor-element-e5da2b9 elementor-widget elementor-widget-text-editor\" data-id=\"e5da2b9\" data-element_type=\"widget\" data-widget_type=\"text-editor.default\">\n\t\t\t\t<div class=\"elementor-widget-container\">\n\t\t\t\t\t\t\t\t\t<p>Eesti on alates 2004. aastast NATO ja Euroopa Liidu liige.<\/p>\n<p>T\u00f6\u00f6stus on Eesti majanduse suurim sektor, mida toetab terviklik ja koost\u00f6\u00f6d soodustav \u00f6kos\u00fcsteem ning \u00e4ris\u00f5bralik poliitiline kultuur.<\/p>\n<p>Eestis on kvalifitseeritud t\u00f6\u00f6tajad, kes on ise\u00e4ranis tugevad inseneriteaduses, elektroonikas, IT uuendamises ning protot\u00fc\u00fcpide, t\u00e4ppiskomponentide ja komplekssete s\u00fcsteemide tootmise kogu v\u00e4\u00e4rtusahelas.<\/p>\n<p>Eesti on P\u00f5hjamaade ja Kesk-Euroopa jaoks k\u00f5ige t\u00f5husam tarneahelakeskus t\u00e4nu strateegilisele asukohale ning t\u00e4nap\u00e4evasele taristule.<\/p>\n<p>Eestis kasutatakse \u00e4rikeelena inglise keelt.<\/p>\n<p>Lisateavet Eesti kohta leiate Eesti ametlikult veebisaidilt <a style=\"color: blue;\" href=\"http:\/\/www.estonia.ee\">www.estonia.ee<\/a>.<\/p>\n\t\t\t\t\t\t\t\t<\/div>\n\t\t\t\t<\/div>\n\t\t\t\t\t<\/div>\n\t\t<\/div>\n\t\t\t\t<div class=\"elementor-column elementor-col-50 elementor-inner-column elementor-element elementor-element-b96e848\" data-id=\"b96e848\" data-element_type=\"column\" data-settings=\"{&quot;background_background&quot;:&quot;classic&quot;}\">\n\t\t\t<div class=\"elementor-widget-wrap elementor-element-populated\">\n\t\t\t\t\t\t<div class=\"elementor-element elementor-element-a3e897f elementor-widget elementor-widget-image\" data-id=\"a3e897f\" data-element_type=\"widget\" data-widget_type=\"image.default\">\n\t\t\t\t<div class=\"elementor-widget-container\">\n\t\t\t\t\t\t\t\t\t\t\t\t\t\t\t<img fetchpriority=\"high\" decoding=\"async\" width=\"1000\" height=\"397\" src=\"https:\/\/www.ipa.ee\/wp-content\/uploads\/2020\/12\/shutterstock_1574355355.jpg\" class=\"attachment-full size-full wp-image-7204\" alt=\"\" srcset=\"https:\/\/www.ipa.ee\/wp-content\/uploads\/2020\/12\/shutterstock_1574355355.jpg 1000w, https:\/\/www.ipa.ee\/wp-content\/uploads\/2020\/12\/shutterstock_1574355355-300x119.jpg 300w, https:\/\/www.ipa.ee\/wp-content\/uploads\/2020\/12\/shutterstock_1574355355-768x305.jpg 768w\" sizes=\"(max-width: 1000px) 100vw, 1000px\" \/>\t\t\t\t\t\t\t\t\t\t\t\t\t\t\t<\/div>\n\t\t\t\t<\/div>\n\t\t\t\t<div class=\"elementor-element elementor-element-a1155d0 elementor-widget elementor-widget-shortcode\" data-id=\"a1155d0\" data-element_type=\"widget\" data-widget_type=\"shortcode.default\">\n\t\t\t\t<div class=\"elementor-widget-container\">\n\t\t\t\t\t\t\t<div class=\"elementor-shortcode\">\t\t<div data-elementor-type=\"single-post\" data-elementor-id=\"9038\" class=\"elementor elementor-9038 elementor-6831\" data-elementor-post-type=\"elementor_library\">\n\t\t\t\t\t<section class=\"elementor-section elementor-top-section elementor-element elementor-element-19566333 elementor-section-boxed elementor-section-height-default elementor-section-height-default\" data-id=\"19566333\" data-element_type=\"section\">\n\t\t\t\t\t\t<div class=\"elementor-container elementor-column-gap-default\">\n\t\t\t\t\t<div class=\"elementor-column elementor-col-100 elementor-top-column elementor-element elementor-element-752919ce\" data-id=\"752919ce\" data-element_type=\"column\" data-settings=\"{&quot;background_background&quot;:&quot;classic&quot;}\">\n\t\t\t<div class=\"elementor-widget-wrap elementor-element-populated\">\n\t\t\t\t\t\t<div class=\"elementor-element elementor-element-3ce2264 elementor-widget elementor-widget-heading\" data-id=\"3ce2264\" data-element_type=\"widget\" data-widget_type=\"heading.default\">\n\t\t\t\t<div class=\"elementor-widget-container\">\n\t\t\t\t\t<h4 class=\"elementor-heading-title elementor-size-default\"><a href=\"https:\/\/www.ipa.ee\/et\/meist\/\">Meist<\/a><\/h4>\t\t\t\t<\/div>\n\t\t\t\t<\/div>\n\t\t\t\t<div class=\"elementor-element elementor-element-25897d2 elementor-widget elementor-widget-text-editor\" data-id=\"25897d2\" data-element_type=\"widget\" data-widget_type=\"text-editor.default\">\n\t\t\t\t<div class=\"elementor-widget-container\">\n\t\t\t\t\t\t\t\t\t<p><a class=\"content-page-sec-menu\" href=\"https:\/\/www.ipa.ee\/et\/visioon-ja-eesmark\/\">Visioon ja eesm\u00e4rk<\/a><\/p><p><a class=\"content-page-sec-menu\" href=\"https:\/\/www.ipa.ee\/et\/visioon-ja-eesmark-2\/(opens in a new tab)\">Ettev\u00f5te t\u00f6\u00f6andjana<\/a><\/p><p><a class=\"content-page-sec-menu\" href=\"https:\/\/www.ipa.ee\/et\/eesti\/\">Eesti<\/a><\/p><p><a class=\"content-page-sec-menu\" href=\"https:\/\/www.ipa.ee\/et\/news\/\">Uudised<\/a><\/p>\t\t\t\t\t\t\t\t<\/div>\n\t\t\t\t<\/div>\n\t\t\t\t\t<\/div>\n\t\t<\/div>\n\t\t\t\t\t<\/div>\n\t\t<\/section>\n\t\t\t\t<\/div>\n\t\t<\/div>\n\t\t\t\t\t\t<\/div>\n\t\t\t\t<\/div>\n\t\t\t\t\t<\/div>\n\t\t<\/div>\n\t\t\t\t\t<\/div>\n\t\t<\/section>\n\t\t\t\t\t<\/div>\n\t\t<\/div>\n\t\t\t\t\t<\/div>\n\t\t<\/section>\n\t\t\t\t<\/div>\n\t\t","protected":false},"excerpt":{"rendered":"<p>Eesti Eesti Eesti on alates 2004. aastast NATO ja Euroopa Liidu liige. T\u00f6\u00f6stus on Eesti majanduse suurim sektor, mida toetab terviklik ja koost\u00f6\u00f6d soodustav \u00f6kos\u00fcsteem ning \u00e4ris\u00f5bralik poliitiline kultuur. Eestis on kvalifitseeritud t\u00f6\u00f6tajad, kes on ise\u00e4ranis tugevad inseneriteaduses, elektroonikas, IT uuendamises ning protot\u00fc\u00fcpide, t\u00e4ppiskomponentide ja komplekssete s\u00fcsteemide tootmise kogu v\u00e4\u00e4rtusahelas. Eesti on P\u00f5hjamaade ja Kesk-Euroopa [&hellip;]<\/p>\n","protected":false},"author":5,"featured_media":0,"parent":0,"menu_order":0,"comment_status":"closed","ping_status":"closed","template":"","meta":{"_monsterinsights_skip_tracking":false,"_monsterinsights_sitenote_active":false,"_monsterinsights_sitenote_note":"","_monsterinsights_sitenote_category":0,"footnotes":""},"class_list":["post-8977","page","type-page","status-publish","hentry"],"aioseo_notices":[],"_links":{"self":[{"href":"https:\/\/www.ipa.ee\/et\/wp-json\/wp\/v2\/pages\/8977","targetHints":{"allow":["GET"]}}],"collection":[{"href":"https:\/\/www.ipa.ee\/et\/wp-json\/wp\/v2\/pages"}],"about":[{"href":"https:\/\/www.ipa.ee\/et\/wp-json\/wp\/v2\/types\/page"}],"author":[{"embeddable":true,"href":"https:\/\/www.ipa.ee\/et\/wp-json\/wp\/v2\/users\/5"}],"replies":[{"embeddable":true,"href":"https:\/\/www.ipa.ee\/et\/wp-json\/wp\/v2\/comments?post=8977"}],"version-history":[{"count":5,"href":"https:\/\/www.ipa.ee\/et\/wp-json\/wp\/v2\/pages\/8977\/revisions"}],"predecessor-version":[{"id":11726,"href":"https:\/\/www.ipa.ee\/et\/wp-json\/wp\/v2\/pages\/8977\/revisions\/11726"}],"wp:attachment":[{"href":"https:\/\/www.ipa.ee\/et\/wp-json\/wp\/v2\/media?parent=8977"}],"curies":[{"name":"wp","href":"https:\/\/api.w.org\/{rel}","templated":true}]}}