{"id":9096,"date":"2020-10-11T16:56:34","date_gmt":"2020-10-11T13:56:34","guid":{"rendered":"https:\/\/www.ipa.ee\/elektrikoostud\/"},"modified":"2021-05-18T12:53:32","modified_gmt":"2021-05-18T09:53:32","slug":"elektrikoostud","status":"publish","type":"page","link":"https:\/\/www.ipa.ee\/et\/elektrikoostud\/","title":{"rendered":"Elektrikoostud"},"content":{"rendered":"\t\t<div data-elementor-type=\"wp-page\" data-elementor-id=\"9096\" class=\"elementor elementor-9096 elementor-5034\" data-elementor-post-type=\"page\">\n\t\t\t\t\t\t<section class=\"elementor-section elementor-top-section elementor-element elementor-element-9ec947d elementor-section-full_width elementor-section-stretched elementor-section-height-default elementor-section-height-default\" data-id=\"9ec947d\" data-element_type=\"section\" data-settings=\"{&quot;stretch_section&quot;:&quot;section-stretched&quot;}\">\n\t\t\t\t\t\t<div class=\"elementor-container elementor-column-gap-default\">\n\t\t\t\t\t<div class=\"elementor-column elementor-col-100 elementor-top-column elementor-element elementor-element-edc47a2\" data-id=\"edc47a2\" data-element_type=\"column\">\n\t\t\t<div class=\"elementor-widget-wrap elementor-element-populated\">\n\t\t\t\t\t\t<section class=\"elementor-section elementor-inner-section elementor-element elementor-element-4b484a7 elementor-section-boxed elementor-section-height-default elementor-section-height-default\" data-id=\"4b484a7\" data-element_type=\"section\">\n\t\t\t\t\t\t<div class=\"elementor-container elementor-column-gap-default\">\n\t\t\t\t\t<div class=\"elementor-column elementor-col-50 elementor-inner-column elementor-element elementor-element-837b2e4\" data-id=\"837b2e4\" data-element_type=\"column\" data-settings=\"{&quot;background_background&quot;:&quot;classic&quot;}\">\n\t\t\t<div class=\"elementor-widget-wrap elementor-element-populated\">\n\t\t\t\t\t\t<div class=\"elementor-element elementor-element-a9d2847 elementor-widget elementor-widget-shortcode\" data-id=\"a9d2847\" data-element_type=\"widget\" data-widget_type=\"shortcode.default\">\n\t\t\t\t<div class=\"elementor-widget-container\">\n\t\t\t\t\t\t\t<div class=\"elementor-shortcode\">\t\t<div data-elementor-type=\"single-post\" data-elementor-id=\"9052\" class=\"elementor elementor-9052 elementor-6809\" data-elementor-post-type=\"elementor_library\">\n\t\t\t\t\t<section class=\"elementor-section elementor-top-section elementor-element elementor-element-49731177 white-links elementor-section-boxed elementor-section-height-default elementor-section-height-default\" data-id=\"49731177\" data-element_type=\"section\">\n\t\t\t\t\t\t<div class=\"elementor-container elementor-column-gap-default\">\n\t\t\t\t\t<div class=\"elementor-column elementor-col-100 elementor-top-column elementor-element elementor-element-326cf704\" data-id=\"326cf704\" data-element_type=\"column\" data-settings=\"{&quot;background_background&quot;:&quot;classic&quot;}\">\n\t\t\t<div class=\"elementor-widget-wrap elementor-element-populated\">\n\t\t\t\t\t\t<div class=\"elementor-element elementor-element-0a906bb elementor-widget elementor-widget-heading\" data-id=\"0a906bb\" data-element_type=\"widget\" data-widget_type=\"heading.default\">\n\t\t\t\t<div class=\"elementor-widget-container\">\n\t\t\t\t\t<h4 class=\"elementor-heading-title elementor-size-default\"><a href=\"https:\/\/www.ipa.ee\/et\/teenused\/\">Teenused<\/a><\/h4>\t\t\t\t<\/div>\n\t\t\t\t<\/div>\n\t\t\t\t<div class=\"elementor-element elementor-element-5d9a0df elementor-widget elementor-widget-text-editor\" data-id=\"5d9a0df\" data-element_type=\"widget\" data-widget_type=\"text-editor.default\">\n\t\t\t\t<div class=\"elementor-widget-container\">\n\t\t\t\t\t\t\t\t\t<p><a href=\"https:\/\/www.ipa.ee\/et\/terviklikud-tellimuspohised-tootmislahendused\/\">Terviklikud tellimusp\u00f5hised tootmislahendused<\/a><\/p>\n<p><a href=\"https:\/\/www.ipa.ee\/et\/projekteerimine-prototuupide-valmistamine\/\">Projekteerimine, protot\u00fc\u00fcpide valmistamine<\/a><\/p>\n<p><a href=\"https:\/\/www.ipa.ee\/et\/tarneahela-juhtimine\/\">Tarneahela juhtimine<\/a><\/p>\n<p><a href=\"https:\/\/www.ipa.ee\/et\/uhenduskaablite-koostud\/\">\u00dchenduskaablite koostud<\/a><\/p>\n<p><a href=\"https:\/\/www.ipa.ee\/et\/mehaanilised-koostud\/\">Mehaanilised koostud<\/a><\/p>\n<p><a href=\"https:\/\/www.ipa.ee\/et\/elektrikoostud\/\">Elektrikoostud<\/a><\/p>\n<p><a href=\"https:\/\/www.ipa.ee\/et\/kutte-ventilatsiooni-ja-kliimaseadmed-hvac\/\">K\u00fctte-, ventilatsiooni- ja kliimaseadmed (HVAC)<\/a><\/p>\n<p><a href=\"https:\/\/www.ipa.ee\/et\/teenuste-koondamine\/\">Teenuste koondamine<\/a><\/p>\n\t\t\t\t\t\t\t\t<\/div>\n\t\t\t\t<\/div>\n\t\t\t\t\t<\/div>\n\t\t<\/div>\n\t\t\t\t\t<\/div>\n\t\t<\/section>\n\t\t\t\t<\/div>\n\t\t<\/div>\n\t\t\t\t\t\t<\/div>\n\t\t\t\t<\/div>\n\t\t\t\t\t<\/div>\n\t\t<\/div>\n\t\t\t\t<div class=\"elementor-column elementor-col-50 elementor-inner-column elementor-element elementor-element-3501c0d\" data-id=\"3501c0d\" data-element_type=\"column\" data-settings=\"{&quot;background_background&quot;:&quot;classic&quot;}\">\n\t\t\t<div class=\"elementor-widget-wrap elementor-element-populated\">\n\t\t\t\t\t\t<div class=\"elementor-element elementor-element-0028ad7 elementor-widget elementor-widget-heading\" data-id=\"0028ad7\" data-element_type=\"widget\" data-widget_type=\"heading.default\">\n\t\t\t\t<div class=\"elementor-widget-container\">\n\t\t\t\t\t<h2 class=\"elementor-heading-title elementor-size-default\">Elektrikoostud<\/h2>\t\t\t\t<\/div>\n\t\t\t\t<\/div>\n\t\t\t\t<div class=\"elementor-element elementor-element-1754d64 elementor-widget-divider--view-line elementor-widget elementor-widget-divider\" data-id=\"1754d64\" data-element_type=\"widget\" data-widget_type=\"divider.default\">\n\t\t\t\t<div class=\"elementor-widget-container\">\n\t\t\t\t\t\t\t<div class=\"elementor-divider\">\n\t\t\t<span class=\"elementor-divider-separator\">\n\t\t\t\t\t\t<\/span>\n\t\t<\/div>\n\t\t\t\t\t\t<\/div>\n\t\t\t\t<\/div>\n\t\t\t\t\t<\/div>\n\t\t<\/div>\n\t\t\t\t\t<\/div>\n\t\t<\/section>\n\t\t\t\t<section class=\"elementor-section elementor-inner-section elementor-element elementor-element-69ab6ef elementor-section-boxed elementor-section-height-default elementor-section-height-default\" data-id=\"69ab6ef\" data-element_type=\"section\">\n\t\t\t\t\t\t<div class=\"elementor-container elementor-column-gap-default\">\n\t\t\t\t\t<div class=\"elementor-column elementor-col-25 elementor-inner-column elementor-element elementor-element-60fce23 yellow-block\" data-id=\"60fce23\" data-element_type=\"column\" data-settings=\"{&quot;background_background&quot;:&quot;classic&quot;}\">\n\t\t\t<div class=\"elementor-widget-wrap elementor-element-populated\">\n\t\t\t\t\t\t<div class=\"elementor-element elementor-element-94b7f33 elementor-widget elementor-widget-html\" data-id=\"94b7f33\" data-element_type=\"widget\" data-widget_type=\"html.default\">\n\t\t\t\t<div class=\"elementor-widget-container\">\n\t\t\t\t\t<div style=\"background:#FCFF54;width:100%;height:90px;\"><\/div>\t\t\t\t<\/div>\n\t\t\t\t<\/div>\n\t\t\t\t\t<\/div>\n\t\t<\/div>\n\t\t\t\t<div class=\"elementor-column elementor-col-25 elementor-inner-column elementor-element elementor-element-fb24ca1\" data-id=\"fb24ca1\" data-element_type=\"column\">\n\t\t\t<div class=\"elementor-widget-wrap elementor-element-populated\">\n\t\t\t\t\t\t<div class=\"elementor-element elementor-element-c562f95 content-page-yellow-bar elementor-widget elementor-widget-heading\" data-id=\"c562f95\" data-element_type=\"widget\" data-widget_type=\"heading.default\">\n\t\t\t\t<div class=\"elementor-widget-container\">\n\t\t\t\t\t<h1 class=\"elementor-heading-title elementor-size-default\">Elektrikoostud<\/h1>\t\t\t\t<\/div>\n\t\t\t\t<\/div>\n\t\t\t\t<div class=\"elementor-element elementor-element-e6ff73b elementor-widget elementor-widget-text-editor\" data-id=\"e6ff73b\" data-element_type=\"widget\" data-widget_type=\"text-editor.default\">\n\t\t\t\t<div class=\"elementor-widget-container\">\n\t\t\t\t\t\t\t\t\t<p>Elektrikoostud on IPA \u00fcks p\u00f5hip\u00e4devusi ning h\u00f5lmavad lihtsaid jaotuskarpe ja juhtpaneele, aga ka terviklikke tootekooste (terviklahendusi), sealhulgas k\u00f5ikeh\u00f5lmavat tehnilist ja funktsionaalset kontrolli.<\/p>\n<p>IPA-l on selles valdkonnas rohkelt kogemusi. Oleme kindlad, et suudame toota kvaliteetseid ja usaldusv\u00e4\u00e4rseid lahendusi ning vajaduse korral m\u00f5jutada nende projekteerimist.<\/p>\n<p>Tooteid katsetatakse tavaliselt IEC standardite 61439-1 ja 61439-2 alusel.<\/p>\n\t\t\t\t\t\t\t\t<\/div>\n\t\t\t\t<\/div>\n\t\t\t\t\t<\/div>\n\t\t<\/div>\n\t\t\t\t<div class=\"elementor-column elementor-col-50 elementor-inner-column elementor-element elementor-element-66bca8b\" data-id=\"66bca8b\" data-element_type=\"column\" data-settings=\"{&quot;background_background&quot;:&quot;classic&quot;}\">\n\t\t\t<div class=\"elementor-widget-wrap elementor-element-populated\">\n\t\t\t\t\t\t<div class=\"elementor-element elementor-element-7bac4c8 elementor-widget elementor-widget-shortcode\" data-id=\"7bac4c8\" data-element_type=\"widget\" data-widget_type=\"shortcode.default\">\n\t\t\t\t<div class=\"elementor-widget-container\">\n\t\t\t\t\t\t\t<div class=\"elementor-shortcode\">\n<\/div>\n\t\t\t\t\t\t<\/div>\n\t\t\t\t<\/div>\n\t\t\t\t<div class=\"elementor-element elementor-element-608a64c elementor-widget elementor-widget-shortcode\" data-id=\"608a64c\" data-element_type=\"widget\" data-widget_type=\"shortcode.default\">\n\t\t\t\t<div class=\"elementor-widget-container\">\n\t\t\t\t\t\t\t<div class=\"elementor-shortcode\">\t\t<div data-elementor-type=\"single-post\" data-elementor-id=\"9045\" class=\"elementor elementor-9045 elementor-6813\" data-elementor-post-type=\"elementor_library\">\n\t\t\t\t\t<section class=\"elementor-section elementor-top-section elementor-element elementor-element-130fa6e0 elementor-section-boxed elementor-section-height-default elementor-section-height-default\" data-id=\"130fa6e0\" data-element_type=\"section\">\n\t\t\t\t\t\t<div class=\"elementor-container elementor-column-gap-default\">\n\t\t\t\t\t<div class=\"elementor-column elementor-col-100 elementor-top-column elementor-element elementor-element-35c5e58e\" data-id=\"35c5e58e\" data-element_type=\"column\" data-settings=\"{&quot;background_background&quot;:&quot;classic&quot;}\">\n\t\t\t<div class=\"elementor-widget-wrap elementor-element-populated\">\n\t\t\t\t\t\t<div class=\"elementor-element elementor-element-050e91a elementor-widget elementor-widget-heading\" data-id=\"050e91a\" data-element_type=\"widget\" data-widget_type=\"heading.default\">\n\t\t\t\t<div class=\"elementor-widget-container\">\n\t\t\t\t\t<h4 class=\"elementor-heading-title elementor-size-default\"><a href=\"https:\/\/www.ipa.ee\/et\/teenused\/\">Teenused<\/a><\/h4>\t\t\t\t<\/div>\n\t\t\t\t<\/div>\n\t\t\t\t<div class=\"elementor-element elementor-element-dd14b76 elementor-widget elementor-widget-text-editor\" data-id=\"dd14b76\" data-element_type=\"widget\" data-widget_type=\"text-editor.default\">\n\t\t\t\t<div class=\"elementor-widget-container\">\n\t\t\t\t\t\t\t\t\t<p><a class=\"content-page-sec-menu\" href=\"https:\/\/www.ipa.ee\/et\/terviklikud-tellimuspohised-tootmislahendused\/\">Terviklikud tellimusp\u00f5hised tootmislahendused<\/a><\/p>\n<p><a class=\"content-page-sec-menu\" href=\"https:\/\/www.ipa.ee\/et\/projekteerimine-prototuupide-valmistamine\/\">Projekteerimine, protot\u00fc\u00fcpide valmistamine<\/a><\/p>\n<p><a class=\"content-page-sec-menu\" href=\"https:\/\/www.ipa.ee\/et\/tarneahela-juhtimine\/\">Tarneahela juhtimine<\/a><\/p>\n<p><a class=\"content-page-sec-menu\" href=\"https:\/\/www.ipa.ee\/et\/uhenduskaablite-koostud\/\">\u00dchenduskaablite koostud<\/a><\/p>\n<p><a class=\"content-page-sec-menu\" href=\"https:\/\/www.ipa.ee\/et\/mehaanilised-koostud\/\">Mehaanilised koostud<\/a><\/p>\n<p><a class=\"content-page-sec-menu\" href=\"https:\/\/www.ipa.ee\/et\/elektrikoostud\/\">Elektrikoostud<\/a><\/p>\n<p><a class=\"content-page-sec-menu\" href=\"https:\/\/www.ipa.ee\/et\/kutte-ventilatsiooni-ja-kliimaseadmed-hvac\/\">K\u00fctte-, ventilatsiooni- ja kliimaseadmed (HVAC)<\/a><\/p>\n<p><a class=\"content-page-sec-menu\" href=\"https:\/\/www.ipa.ee\/et\/teenuste-koondamine\/\">Teenuste koondamine<\/a><\/p>\n\t\t\t\t\t\t\t\t<\/div>\n\t\t\t\t<\/div>\n\t\t\t\t\t<\/div>\n\t\t<\/div>\n\t\t\t\t\t<\/div>\n\t\t<\/section>\n\t\t\t\t<\/div>\n\t\t<\/div>\n\t\t\t\t\t\t<\/div>\n\t\t\t\t<\/div>\n\t\t\t\t\t<\/div>\n\t\t<\/div>\n\t\t\t\t\t<\/div>\n\t\t<\/section>\n\t\t\t\t\t<\/div>\n\t\t<\/div>\n\t\t\t\t\t<\/div>\n\t\t<\/section>\n\t\t\t\t<\/div>\n\t\t","protected":false},"excerpt":{"rendered":"<p>Elektrikoostud Elektrikoostud Elektrikoostud on IPA \u00fcks p\u00f5hip\u00e4devusi ning h\u00f5lmavad lihtsaid jaotuskarpe ja juhtpaneele, aga ka terviklikke tootekooste (terviklahendusi), sealhulgas k\u00f5ikeh\u00f5lmavat tehnilist ja funktsionaalset kontrolli. IPA-l on selles valdkonnas rohkelt kogemusi. Oleme kindlad, et suudame toota kvaliteetseid ja usaldusv\u00e4\u00e4rseid lahendusi ning vajaduse korral m\u00f5jutada nende projekteerimist. Tooteid katsetatakse tavaliselt IEC standardite 61439-1 ja 61439-2 alusel.<\/p>\n","protected":false},"author":5,"featured_media":0,"parent":0,"menu_order":0,"comment_status":"closed","ping_status":"closed","template":"","meta":{"_monsterinsights_skip_tracking":false,"_monsterinsights_sitenote_active":false,"_monsterinsights_sitenote_note":"","_monsterinsights_sitenote_category":0,"footnotes":""},"class_list":["post-9096","page","type-page","status-publish","hentry"],"aioseo_notices":[],"_links":{"self":[{"href":"https:\/\/www.ipa.ee\/et\/wp-json\/wp\/v2\/pages\/9096","targetHints":{"allow":["GET"]}}],"collection":[{"href":"https:\/\/www.ipa.ee\/et\/wp-json\/wp\/v2\/pages"}],"about":[{"href":"https:\/\/www.ipa.ee\/et\/wp-json\/wp\/v2\/types\/page"}],"author":[{"embeddable":true,"href":"https:\/\/www.ipa.ee\/et\/wp-json\/wp\/v2\/users\/5"}],"replies":[{"embeddable":true,"href":"https:\/\/www.ipa.ee\/et\/wp-json\/wp\/v2\/comments?post=9096"}],"version-history":[{"count":5,"href":"https:\/\/www.ipa.ee\/et\/wp-json\/wp\/v2\/pages\/9096\/revisions"}],"predecessor-version":[{"id":11638,"href":"https:\/\/www.ipa.ee\/et\/wp-json\/wp\/v2\/pages\/9096\/revisions\/11638"}],"wp:attachment":[{"href":"https:\/\/www.ipa.ee\/et\/wp-json\/wp\/v2\/media?parent=9096"}],"curies":[{"name":"wp","href":"https:\/\/api.w.org\/{rel}","templated":true}]}}