{"id":9134,"date":"2020-10-11T17:18:16","date_gmt":"2020-10-11T14:18:16","guid":{"rendered":"https:\/\/www.ipa.ee\/vabad-tookohad\/"},"modified":"2025-02-07T09:28:26","modified_gmt":"2025-02-07T07:28:26","slug":"vabad-tookohad","status":"publish","type":"page","link":"https:\/\/www.ipa.ee\/et\/vabad-tookohad\/","title":{"rendered":"Vabad t\u00f6\u00f6kohad"},"content":{"rendered":"\t\t<div data-elementor-type=\"wp-page\" data-elementor-id=\"9134\" class=\"elementor elementor-9134 elementor-5067\" data-elementor-post-type=\"page\">\n\t\t\t\t\t\t<section class=\"elementor-section elementor-top-section elementor-element elementor-element-90b7bc6 elementor-section-full_width elementor-section-stretched elementor-section-height-default elementor-section-height-default\" data-id=\"90b7bc6\" data-element_type=\"section\" data-settings=\"{&quot;stretch_section&quot;:&quot;section-stretched&quot;}\">\n\t\t\t\t\t\t<div class=\"elementor-container elementor-column-gap-default\">\n\t\t\t\t\t<div class=\"elementor-column elementor-col-100 elementor-top-column elementor-element elementor-element-cbc059f\" data-id=\"cbc059f\" data-element_type=\"column\">\n\t\t\t<div class=\"elementor-widget-wrap elementor-element-populated\">\n\t\t\t\t\t\t<section class=\"elementor-section elementor-inner-section elementor-element elementor-element-88c24ab elementor-section-boxed elementor-section-height-default elementor-section-height-default\" data-id=\"88c24ab\" data-element_type=\"section\">\n\t\t\t\t\t\t<div class=\"elementor-container elementor-column-gap-default\">\n\t\t\t\t\t<div class=\"elementor-column elementor-col-50 elementor-inner-column elementor-element elementor-element-e192a66\" data-id=\"e192a66\" data-element_type=\"column\" data-settings=\"{&quot;background_background&quot;:&quot;classic&quot;}\">\n\t\t\t<div class=\"elementor-widget-wrap elementor-element-populated\">\n\t\t\t\t\t\t<div class=\"elementor-element elementor-element-bd72461 elementor-widget elementor-widget-shortcode\" data-id=\"bd72461\" data-element_type=\"widget\" data-widget_type=\"shortcode.default\">\n\t\t\t\t<div class=\"elementor-widget-container\">\n\t\t\t\t\t\t\t<div class=\"elementor-shortcode\">\t\t<div data-elementor-type=\"single-post\" data-elementor-id=\"9031\" class=\"elementor elementor-9031 elementor-6838\" data-elementor-post-type=\"elementor_library\">\n\t\t\t\t\t<section class=\"elementor-section elementor-top-section elementor-element elementor-element-741570c4 white-links elementor-section-boxed elementor-section-height-default elementor-section-height-default\" data-id=\"741570c4\" data-element_type=\"section\">\n\t\t\t\t\t\t<div class=\"elementor-container elementor-column-gap-default\">\n\t\t\t\t\t<div class=\"elementor-column elementor-col-100 elementor-top-column elementor-element elementor-element-1bd65c0f\" data-id=\"1bd65c0f\" data-element_type=\"column\" data-settings=\"{&quot;background_background&quot;:&quot;classic&quot;}\">\n\t\t\t<div class=\"elementor-widget-wrap elementor-element-populated\">\n\t\t\t\t\t\t<div class=\"elementor-element elementor-element-09534d2 elementor-widget elementor-widget-heading\" data-id=\"09534d2\" data-element_type=\"widget\" data-widget_type=\"heading.default\">\n\t\t\t\t<div class=\"elementor-widget-container\">\n\t\t\t\t\t<h4 class=\"elementor-heading-title elementor-size-default\"><a href=\"https:\/\/www.ipa.ee\/et\/peamised-kontaktisikud\/\">Kontakt<\/a><\/h4>\t\t\t\t<\/div>\n\t\t\t\t<\/div>\n\t\t\t\t<div class=\"elementor-element elementor-element-8d96614 elementor-widget elementor-widget-text-editor\" data-id=\"8d96614\" data-element_type=\"widget\" data-widget_type=\"text-editor.default\">\n\t\t\t\t<div class=\"elementor-widget-container\">\n\t\t\t\t\t\t\t\t\t<p><a href=\"https:\/\/www.ipa.ee\/et\/peamised-kontaktisikud\/\" data-wplink-edit=\"true\">Peamised kontaktisikud<\/a><\/p>\n<p><a href=\"https:\/\/www.ipa.ee\/et\/asukoht\/\">Asukoht<\/a><\/p>\n<p><a href=\"https:\/\/www.ipa.ee\/et\/vabad-tookohad\/\">Vabad t\u00f6\u00f6kohad<\/a><\/p>\n\t\t\t\t\t\t\t\t<\/div>\n\t\t\t\t<\/div>\n\t\t\t\t\t<\/div>\n\t\t<\/div>\n\t\t\t\t\t<\/div>\n\t\t<\/section>\n\t\t\t\t<\/div>\n\t\t<\/div>\n\t\t\t\t\t\t<\/div>\n\t\t\t\t<\/div>\n\t\t\t\t\t<\/div>\n\t\t<\/div>\n\t\t\t\t<div class=\"elementor-column elementor-col-50 elementor-inner-column elementor-element elementor-element-9eeb957\" data-id=\"9eeb957\" data-element_type=\"column\" data-settings=\"{&quot;background_background&quot;:&quot;classic&quot;}\">\n\t\t\t<div class=\"elementor-widget-wrap elementor-element-populated\">\n\t\t\t\t\t\t<div class=\"elementor-element elementor-element-fa2f5e1 elementor-widget elementor-widget-heading\" data-id=\"fa2f5e1\" data-element_type=\"widget\" data-widget_type=\"heading.default\">\n\t\t\t\t<div class=\"elementor-widget-container\">\n\t\t\t\t\t<h2 class=\"elementor-heading-title elementor-size-default\">Vabad t\u00f6\u00f6kohad<\/h2>\t\t\t\t<\/div>\n\t\t\t\t<\/div>\n\t\t\t\t<div class=\"elementor-element elementor-element-1851d42 elementor-widget-divider--view-line elementor-widget elementor-widget-divider\" data-id=\"1851d42\" data-element_type=\"widget\" data-widget_type=\"divider.default\">\n\t\t\t\t<div class=\"elementor-widget-container\">\n\t\t\t\t\t\t\t<div class=\"elementor-divider\">\n\t\t\t<span class=\"elementor-divider-separator\">\n\t\t\t\t\t\t<\/span>\n\t\t<\/div>\n\t\t\t\t\t\t<\/div>\n\t\t\t\t<\/div>\n\t\t\t\t\t<\/div>\n\t\t<\/div>\n\t\t\t\t\t<\/div>\n\t\t<\/section>\n\t\t\t\t<section class=\"elementor-section elementor-inner-section elementor-element elementor-element-7a65440 elementor-section-boxed elementor-section-height-default elementor-section-height-default\" data-id=\"7a65440\" data-element_type=\"section\">\n\t\t\t\t\t\t<div class=\"elementor-container elementor-column-gap-default\">\n\t\t\t\t\t<div class=\"elementor-column elementor-col-25 elementor-inner-column elementor-element elementor-element-55faaa9\" data-id=\"55faaa9\" data-element_type=\"column\" data-settings=\"{&quot;background_background&quot;:&quot;classic&quot;}\">\n\t\t\t<div class=\"elementor-widget-wrap elementor-element-populated\">\n\t\t\t\t\t\t<div class=\"elementor-element elementor-element-d5b9c50 elementor-widget elementor-widget-html\" data-id=\"d5b9c50\" data-element_type=\"widget\" data-widget_type=\"html.default\">\n\t\t\t\t<div class=\"elementor-widget-container\">\n\t\t\t\t\t<div style=\"background:#FCFF54;width:100%;height:90px;\"><\/div>\t\t\t\t<\/div>\n\t\t\t\t<\/div>\n\t\t\t\t\t<\/div>\n\t\t<\/div>\n\t\t\t\t<div class=\"elementor-column elementor-col-25 elementor-inner-column elementor-element elementor-element-e12dd2d\" data-id=\"e12dd2d\" data-element_type=\"column\">\n\t\t\t<div class=\"elementor-widget-wrap elementor-element-populated\">\n\t\t\t\t\t\t<div class=\"elementor-element elementor-element-29d2b47 content-page-yellow-bar elementor-widget elementor-widget-heading\" data-id=\"29d2b47\" data-element_type=\"widget\" data-widget_type=\"heading.default\">\n\t\t\t\t<div class=\"elementor-widget-container\">\n\t\t\t\t\t<h1 class=\"elementor-heading-title elementor-size-default\">Vabad t\u00f6\u00f6kohad<\/h1>\t\t\t\t<\/div>\n\t\t\t\t<\/div>\n\t\t\t\t<div class=\"elementor-element elementor-element-0ba5442 elementor-widget elementor-widget-text-editor\" data-id=\"0ba5442\" data-element_type=\"widget\" data-widget_type=\"text-editor.default\">\n\t\t\t\t<div class=\"elementor-widget-container\">\n\t\t\t\t\t\t\t\t\t<p>Pakume t\u00f6\u00f6d:<\/p>\n<p>Meie vabade ametikohtadega saad tutvuda:&nbsp;<a href=\"https:\/\/www.cvkeskus.ee\/interconnect-product-assembly-as-toopakkumised-1393\" target=\"_blank\" rel=\"noopener\">SIIN<\/a><\/p>\t\t\t\t\t\t\t\t<\/div>\n\t\t\t\t<\/div>\n\t\t\t\t<div class=\"elementor-element elementor-element-0608a43 elementor-widget elementor-widget-spacer\" data-id=\"0608a43\" data-element_type=\"widget\" data-widget_type=\"spacer.default\">\n\t\t\t\t<div class=\"elementor-widget-container\">\n\t\t\t\t\t\t\t<div class=\"elementor-spacer\">\n\t\t\t<div class=\"elementor-spacer-inner\"><\/div>\n\t\t<\/div>\n\t\t\t\t\t\t<\/div>\n\t\t\t\t<\/div>\n\t\t\t\t<div class=\"elementor-element elementor-element-f5b08ee elementor-widget elementor-widget-heading\" data-id=\"f5b08ee\" data-element_type=\"widget\" data-widget_type=\"heading.default\">\n\t\t\t\t<div class=\"elementor-widget-container\">\n\t\t\t\t\t<h4 class=\"elementor-heading-title elementor-size-default\">Kui ei leidnud sobivat t\u00f6\u00f6pakkumist j\u00e4ta oma andmed siia:<\/h4>\t\t\t\t<\/div>\n\t\t\t\t<\/div>\n\t\t\t\t<div class=\"elementor-element elementor-element-ed39f1d elementor-widget elementor-widget-spacer\" data-id=\"ed39f1d\" data-element_type=\"widget\" data-widget_type=\"spacer.default\">\n\t\t\t\t<div class=\"elementor-widget-container\">\n\t\t\t\t\t\t\t<div class=\"elementor-spacer\">\n\t\t\t<div class=\"elementor-spacer-inner\"><\/div>\n\t\t<\/div>\n\t\t\t\t\t\t<\/div>\n\t\t\t\t<\/div>\n\t\t\t\t<div class=\"elementor-element elementor-element-c2711c8 elementor-button-align-stretch elementor-widget elementor-widget-form\" data-id=\"c2711c8\" data-element_type=\"widget\" data-settings=\"{&quot;step_next_label&quot;:&quot;Next&quot;,&quot;step_previous_label&quot;:&quot;Previous&quot;,&quot;button_width&quot;:&quot;100&quot;,&quot;step_type&quot;:&quot;number_text&quot;,&quot;step_icon_shape&quot;:&quot;circle&quot;}\" data-widget_type=\"form.default\">\n\t\t\t\t<div class=\"elementor-widget-container\">\n\t\t\t\t\t\t\t<form class=\"elementor-form\" method=\"post\" name=\"Kandideerimise vorm\">\n\t\t\t<input type=\"hidden\" name=\"post_id\" value=\"9134\"\/>\n\t\t\t<input type=\"hidden\" name=\"form_id\" value=\"c2711c8\"\/>\n\t\t\t<input type=\"hidden\" name=\"referer_title\" value=\"\" \/>\n\n\t\t\t\n\t\t\t<div class=\"elementor-form-fields-wrapper elementor-labels-above\">\n\t\t\t\t\t\t\t\t<div class=\"elementor-field-type-step elementor-field-group elementor-column elementor-field-group-field_4cbce4d elementor-col-100\">\n\t\t\t\t\t\t\t<div class=\"e-field-step elementor-hidden\" data-label=\"Kontakt andmed\" data-previousButton=\"\" data-nextButton=\"Edasi\" data-iconUrl=\"\" data-iconLibrary=\"fas fa-star\" data-icon=\"\" ><\/div>\n\n\t\t\t\t\t\t<\/div>\n\t\t\t\t\t\t\t\t<div class=\"elementor-field-type-text elementor-field-group elementor-column elementor-field-group-name elementor-col-60 elementor-field-required elementor-mark-required\">\n\t\t\t\t\t\t\t\t\t\t\t\t<label for=\"form-field-name\" class=\"elementor-field-label\">\n\t\t\t\t\t\t\t\tNimi\t\t\t\t\t\t\t<\/label>\n\t\t\t\t\t\t\t\t\t\t\t\t\t\t<input size=\"1\" type=\"text\" name=\"form_fields[name]\" id=\"form-field-name\" class=\"elementor-field elementor-size-sm  elementor-field-textual\" placeholder=\"Nimi\" required=\"required\">\n\t\t\t\t\t\t\t\t\t\t\t<\/div>\n\t\t\t\t\t\t\t\t<div class=\"elementor-field-type-email elementor-field-group elementor-column elementor-field-group-field_1c23c44 elementor-col-60 elementor-field-required elementor-mark-required\">\n\t\t\t\t\t\t\t\t\t\t\t\t<label for=\"form-field-field_1c23c44\" class=\"elementor-field-label\">\n\t\t\t\t\t\t\t\tEmail\t\t\t\t\t\t\t<\/label>\n\t\t\t\t\t\t\t\t\t\t\t\t\t\t<input size=\"1\" type=\"email\" name=\"form_fields[field_1c23c44]\" id=\"form-field-field_1c23c44\" class=\"elementor-field elementor-size-sm  elementor-field-textual\" placeholder=\"Email\" required=\"required\">\n\t\t\t\t\t\t\t\t\t\t\t<\/div>\n\t\t\t\t\t\t\t\t<div class=\"elementor-field-type-tel elementor-field-group elementor-column elementor-field-group-field_e5e093e elementor-col-60 elementor-field-required elementor-mark-required\">\n\t\t\t\t\t\t\t\t\t\t\t\t<label for=\"form-field-field_e5e093e\" class=\"elementor-field-label\">\n\t\t\t\t\t\t\t\tTelefon\t\t\t\t\t\t\t<\/label>\n\t\t\t\t\t\t\t\t<input size=\"1\" type=\"tel\" name=\"form_fields[field_e5e093e]\" id=\"form-field-field_e5e093e\" class=\"elementor-field elementor-size-sm  elementor-field-textual\" required=\"required\" pattern=\"[0-9()#&amp;+*-=.]+\" title=\"Only numbers and phone characters (#, -, *, etc) are accepted.\">\n\n\t\t\t\t\t\t<\/div>\n\t\t\t\t\t\t\t\t<div class=\"elementor-field-type-step elementor-field-group elementor-column elementor-field-group-field_caa776b elementor-col-100\">\n\t\t\t\t\t\t\t<div class=\"e-field-step elementor-hidden\" data-label=\"\u00dcldinfo\" data-previousButton=\"Tagasi\" data-nextButton=\"Edasi\" data-iconUrl=\"\" data-iconLibrary=\"fas fa-star\" data-icon=\"\" ><\/div>\n\n\t\t\t\t\t\t<\/div>\n\t\t\t\t\t\t\t\t<div class=\"elementor-field-type-text elementor-field-group elementor-column elementor-field-group-field_f47e601 elementor-col-60 elementor-field-required elementor-mark-required\">\n\t\t\t\t\t\t\t\t\t\t\t\t<label for=\"form-field-field_f47e601\" class=\"elementor-field-label\">\n\t\t\t\t\t\t\t\tMillisel ametikohal soovid t\u00f6\u00f6tada?\t\t\t\t\t\t\t<\/label>\n\t\t\t\t\t\t\t\t\t\t\t\t\t\t<input size=\"1\" type=\"text\" name=\"form_fields[field_f47e601]\" id=\"form-field-field_f47e601\" class=\"elementor-field elementor-size-sm  elementor-field-textual\" required=\"required\">\n\t\t\t\t\t\t\t\t\t\t\t<\/div>\n\t\t\t\t\t\t\t\t<div class=\"elementor-field-type-checkbox elementor-field-group elementor-column elementor-field-group-field_9ce0f51 elementor-col-100\">\n\t\t\t\t\t\t\t\t\t\t\t\t<label for=\"form-field-field_9ce0f51\" class=\"elementor-field-label\">\n\t\t\t\t\t\t\t\tKeelte oskus:\t\t\t\t\t\t\t<\/label>\n\t\t\t\t\t\t<div class=\"elementor-field-subgroup  elementor-subgroup-inline\"><span class=\"elementor-field-option\"><input type=\"checkbox\" value=\"Eesti (A1-A2)\" id=\"form-field-field_9ce0f51-0\" name=\"form_fields[field_9ce0f51][]\"> <label for=\"form-field-field_9ce0f51-0\">Eesti (A1-A2)<\/label><\/span><span class=\"elementor-field-option\"><input type=\"checkbox\" value=\"Eesti (B1-B2)\" id=\"form-field-field_9ce0f51-1\" name=\"form_fields[field_9ce0f51][]\"> <label for=\"form-field-field_9ce0f51-1\">Eesti (B1-B2)<\/label><\/span><span class=\"elementor-field-option\"><input type=\"checkbox\" value=\"Eesti (C1-C2)\" id=\"form-field-field_9ce0f51-2\" name=\"form_fields[field_9ce0f51][]\"> <label for=\"form-field-field_9ce0f51-2\">Eesti (C1-C2)<\/label><\/span><span class=\"elementor-field-option\"><input type=\"checkbox\" value=\"Eesti (suhtluskeel)\" id=\"form-field-field_9ce0f51-3\" name=\"form_fields[field_9ce0f51][]\"> <label for=\"form-field-field_9ce0f51-3\">Eesti (suhtluskeel)<\/label><\/span><\/div>\t\t\t\t<\/div>\n\t\t\t\t\t\t\t\t<div class=\"elementor-field-type-checkbox elementor-field-group elementor-column elementor-field-group-field_26197ba elementor-col-100\">\n\t\t\t\t\t<div class=\"elementor-field-subgroup  elementor-subgroup-inline\"><span class=\"elementor-field-option\"><input type=\"checkbox\" value=\"Inglise (ei oska \u00fcldse)\" id=\"form-field-field_26197ba-0\" name=\"form_fields[field_26197ba][]\"> <label for=\"form-field-field_26197ba-0\">Inglise (ei oska \u00fcldse)<\/label><\/span><span class=\"elementor-field-option\"><input type=\"checkbox\" value=\"Inglise (A1-A2)\" id=\"form-field-field_26197ba-1\" name=\"form_fields[field_26197ba][]\"> <label for=\"form-field-field_26197ba-1\">Inglise (A1-A2)<\/label><\/span><span class=\"elementor-field-option\"><input type=\"checkbox\" value=\"Inglise (B1-B2)\" id=\"form-field-field_26197ba-2\" name=\"form_fields[field_26197ba][]\"> <label for=\"form-field-field_26197ba-2\">Inglise (B1-B2)<\/label><\/span><span class=\"elementor-field-option\"><input type=\"checkbox\" value=\"Inglise (C1-C2)\" id=\"form-field-field_26197ba-3\" name=\"form_fields[field_26197ba][]\"> <label for=\"form-field-field_26197ba-3\">Inglise (C1-C2)<\/label><\/span><\/div>\t\t\t\t<\/div>\n\t\t\t\t\t\t\t\t<div class=\"elementor-field-type-checkbox elementor-field-group elementor-column elementor-field-group-field_2a8c66c elementor-col-100\">\n\t\t\t\t\t<div class=\"elementor-field-subgroup  elementor-subgroup-inline\"><span class=\"elementor-field-option\"><input type=\"checkbox\" value=\"Vene (ei oska \u00fcldse)\" id=\"form-field-field_2a8c66c-0\" name=\"form_fields[field_2a8c66c][]\"> <label for=\"form-field-field_2a8c66c-0\">Vene (ei oska \u00fcldse)<\/label><\/span><span class=\"elementor-field-option\"><input type=\"checkbox\" value=\"Vene (A1-A2)\" id=\"form-field-field_2a8c66c-1\" name=\"form_fields[field_2a8c66c][]\"> <label for=\"form-field-field_2a8c66c-1\">Vene (A1-A2)<\/label><\/span><span class=\"elementor-field-option\"><input type=\"checkbox\" value=\"Vene (B1-B2)\" id=\"form-field-field_2a8c66c-2\" name=\"form_fields[field_2a8c66c][]\"> <label for=\"form-field-field_2a8c66c-2\">Vene (B1-B2)<\/label><\/span><span class=\"elementor-field-option\"><input type=\"checkbox\" value=\"Vene (C1-C2)\" id=\"form-field-field_2a8c66c-3\" name=\"form_fields[field_2a8c66c][]\"> <label for=\"form-field-field_2a8c66c-3\">Vene (C1-C2)<\/label><\/span><\/div>\t\t\t\t<\/div>\n\t\t\t\t\t\t\t\t<div class=\"elementor-field-type-text elementor-field-group elementor-column elementor-field-group-field_d742270 elementor-col-60 elementor-field-required elementor-mark-required\">\n\t\t\t\t\t\t\t\t\t\t\t\t<label for=\"form-field-field_d742270\" class=\"elementor-field-label\">\n\t\t\t\t\t\t\t\tMilline on Su t\u00f6\u00f6tasuootus?\t\t\t\t\t\t\t<\/label>\n\t\t\t\t\t\t\t\t\t\t\t\t\t\t<input size=\"1\" type=\"text\" name=\"form_fields[field_d742270]\" id=\"form-field-field_d742270\" class=\"elementor-field elementor-size-sm  elementor-field-textual\" required=\"required\">\n\t\t\t\t\t\t\t\t\t\t\t<\/div>\n\t\t\t\t\t\t\t\t<div class=\"elementor-field-type-step elementor-field-group elementor-column elementor-field-group-field_2636794 elementor-col-100\">\n\t\t\t\t\t\t\t<div class=\"e-field-step elementor-hidden\" data-label=\"Lisan oma CV\" data-previousButton=\"Tagasi\" data-nextButton=\"Edasi\" data-iconUrl=\"\" data-iconLibrary=\"fas fa-star\" data-icon=\"\" ><\/div>\n\n\t\t\t\t\t\t<\/div>\n\t\t\t\t\t\t\t\t<div class=\"elementor-field-type-upload elementor-field-group elementor-column elementor-field-group-field_eb76b48 elementor-col-100\">\n\t\t\t\t\t\t\t\t\t\t\t\t<label for=\"form-field-field_eb76b48\" class=\"elementor-field-label\">\n\t\t\t\t\t\t\t\tLisan oma CV\t\t\t\t\t\t\t<\/label>\n\t\t\t\t\t\t\t\t<input type=\"file\" name=\"form_fields[field_eb76b48][]\" id=\"form-field-field_eb76b48\" class=\"elementor-field elementor-size-sm  elementor-upload-field\" multiple=\"multiple\">\n\n\t\t\t\t\t\t<\/div>\n\t\t\t\t\t\t\t\t<div class=\"elementor-field-type-textarea elementor-field-group elementor-column elementor-field-group-field_c8854c2 elementor-col-100\">\n\t\t\t\t\t\t\t\t\t\t\t\t<label for=\"form-field-field_c8854c2\" class=\"elementor-field-label\">\n\t\t\t\t\t\t\t\tHaridus\t\t\t\t\t\t\t<\/label>\n\t\t\t\t\t\t<textarea class=\"elementor-field-textual elementor-field  elementor-size-sm\" name=\"form_fields[field_c8854c2]\" id=\"form-field-field_c8854c2\" rows=\"4\"><\/textarea>\t\t\t\t<\/div>\n\t\t\t\t\t\t\t\t<div class=\"elementor-field-type-textarea elementor-field-group elementor-column elementor-field-group-field_cb2d7b5 elementor-col-100\">\n\t\t\t\t\t\t\t\t\t\t\t\t<label for=\"form-field-field_cb2d7b5\" class=\"elementor-field-label\">\n\t\t\t\t\t\t\t\tT\u00f6\u00f6kogemus\t\t\t\t\t\t\t<\/label>\n\t\t\t\t\t\t<textarea class=\"elementor-field-textual elementor-field  elementor-size-sm\" name=\"form_fields[field_cb2d7b5]\" id=\"form-field-field_cb2d7b5\" rows=\"4\"><\/textarea>\t\t\t\t<\/div>\n\t\t\t\t\t\t\t\t<div class=\"elementor-field-type-textarea elementor-field-group elementor-column elementor-field-group-field_866d019 elementor-col-100\">\n\t\t\t\t\t\t\t\t\t\t\t\t<label for=\"form-field-field_866d019\" class=\"elementor-field-label\">\n\t\t\t\t\t\t\t\tOskused\t\t\t\t\t\t\t<\/label>\n\t\t\t\t\t\t<textarea class=\"elementor-field-textual elementor-field  elementor-size-sm\" name=\"form_fields[field_866d019]\" id=\"form-field-field_866d019\" rows=\"4\"><\/textarea>\t\t\t\t<\/div>\n\t\t\t\t\t\t\t\t<div class=\"elementor-field-type-textarea elementor-field-group elementor-column elementor-field-group-field_e969a94 elementor-col-100\">\n\t\t\t\t\t\t\t\t\t\t\t\t<label for=\"form-field-field_e969a94\" class=\"elementor-field-label\">\n\t\t\t\t\t\t\t\tLisainfo\t\t\t\t\t\t\t<\/label>\n\t\t\t\t\t\t<textarea class=\"elementor-field-textual elementor-field  elementor-size-sm\" name=\"form_fields[field_e969a94]\" id=\"form-field-field_e969a94\" rows=\"4\"><\/textarea>\t\t\t\t<\/div>\n\t\t\t\t\t\t\t\t<div class=\"elementor-field-group elementor-column elementor-field-type-submit elementor-col-100 e-form__buttons\">\n\t\t\t\t\t<button class=\"elementor-button elementor-size-sm\" type=\"submit\">\n\t\t\t\t\t\t<span class=\"elementor-button-content-wrapper\">\n\t\t\t\t\t\t\t\t\t\t\t\t\t\t\t\t\t\t\t\t\t\t<span class=\"elementor-button-text\">Saadan<\/span>\n\t\t\t\t\t\t\t\t\t\t\t\t\t<\/span>\n\t\t\t\t\t<\/button>\n\t\t\t\t<\/div>\n\t\t\t<\/div>\n\t\t<\/form>\n\t\t\t\t\t\t<\/div>\n\t\t\t\t<\/div>\n\t\t\t\t\t<\/div>\n\t\t<\/div>\n\t\t\t\t<div class=\"elementor-column elementor-col-50 elementor-inner-column elementor-element elementor-element-d13b9ba\" data-id=\"d13b9ba\" data-element_type=\"column\" data-settings=\"{&quot;background_background&quot;:&quot;classic&quot;}\">\n\t\t\t<div class=\"elementor-widget-wrap\">\n\t\t\t\t\t\t\t<\/div>\n\t\t<\/div>\n\t\t\t\t\t<\/div>\n\t\t<\/section>\n\t\t\t\t\t<\/div>\n\t\t<\/div>\n\t\t\t\t\t<\/div>\n\t\t<\/section>\n\t\t\t\t<\/div>\n\t\t","protected":false},"excerpt":{"rendered":"<p>Vabad t\u00f6\u00f6kohad Vabad t\u00f6\u00f6kohad Pakume t\u00f6\u00f6d: Meie vabade ametikohtadega saad tutvuda:&nbsp;SIIN Kui ei leidnud sobivat t\u00f6\u00f6pakkumist j\u00e4ta oma andmed siia:<\/p>\n","protected":false},"author":5,"featured_media":0,"parent":0,"menu_order":0,"comment_status":"closed","ping_status":"closed","template":"","meta":{"_monsterinsights_skip_tracking":false,"_monsterinsights_sitenote_active":false,"_monsterinsights_sitenote_note":"","_monsterinsights_sitenote_category":0,"footnotes":""},"class_list":["post-9134","page","type-page","status-publish","hentry"],"aioseo_notices":[],"_links":{"self":[{"href":"https:\/\/www.ipa.ee\/et\/wp-json\/wp\/v2\/pages\/9134","targetHints":{"allow":["GET"]}}],"collection":[{"href":"https:\/\/www.ipa.ee\/et\/wp-json\/wp\/v2\/pages"}],"about":[{"href":"https:\/\/www.ipa.ee\/et\/wp-json\/wp\/v2\/types\/page"}],"author":[{"embeddable":true,"href":"https:\/\/www.ipa.ee\/et\/wp-json\/wp\/v2\/users\/5"}],"replies":[{"embeddable":true,"href":"https:\/\/www.ipa.ee\/et\/wp-json\/wp\/v2\/comments?post=9134"}],"version-history":[{"count":32,"href":"https:\/\/www.ipa.ee\/et\/wp-json\/wp\/v2\/pages\/9134\/revisions"}],"predecessor-version":[{"id":17437,"href":"https:\/\/www.ipa.ee\/et\/wp-json\/wp\/v2\/pages\/9134\/revisions\/17437"}],"wp:attachment":[{"href":"https:\/\/www.ipa.ee\/et\/wp-json\/wp\/v2\/media?parent=9134"}],"curies":[{"name":"wp","href":"https:\/\/api.w.org\/{rel}","templated":true}]}}