{"id":9350,"date":"2020-10-10T17:32:53","date_gmt":"2020-10-10T14:32:53","guid":{"rendered":"https:\/\/www.ipa.ee\/vision-ja-mission-julistus\/"},"modified":"2021-05-18T12:41:26","modified_gmt":"2021-05-18T09:41:26","slug":"vision-ja-mission-julistus","status":"publish","type":"page","link":"https:\/\/www.ipa.ee\/fi\/vision-ja-mission-julistus\/","title":{"rendered":"Vision ja mission julistus"},"content":{"rendered":"\t\t<div data-elementor-type=\"single-post\" data-elementor-id=\"9393\" class=\"elementor elementor-9393 elementor-6692\" data-elementor-post-type=\"elementor_library\">\n\t\t\t\t\t<section class=\"elementor-section elementor-top-section elementor-element elementor-element-3fac42d8 white-links elementor-section-boxed elementor-section-height-default elementor-section-height-default\" data-id=\"3fac42d8\" data-element_type=\"section\">\n\t\t\t\t\t\t<div class=\"elementor-container elementor-column-gap-default\">\n\t\t\t\t\t<div class=\"elementor-column elementor-col-100 elementor-top-column elementor-element elementor-element-1abfc1fb\" data-id=\"1abfc1fb\" data-element_type=\"column\" data-settings=\"{&quot;background_background&quot;:&quot;classic&quot;}\">\n\t\t\t<div class=\"elementor-widget-wrap elementor-element-populated\">\n\t\t\t\t\t\t<div class=\"elementor-element elementor-element-da98a85 elementor-widget elementor-widget-heading\" data-id=\"da98a85\" data-element_type=\"widget\" data-widget_type=\"heading.default\">\n\t\t\t\t<div class=\"elementor-widget-container\">\n\t\t\t\t\t<h4 class=\"elementor-heading-title elementor-size-default\"><a href=\"https:\/\/www.ipa.ee\/fi\/keita-olemme\/\">Keit\u00e4 olemme<\/a><\/h4>\t\t\t\t<\/div>\n\t\t\t\t<\/div>\n\t\t\t\t<div class=\"elementor-element elementor-element-28092c74 elementor-widget elementor-widget-text-editor\" data-id=\"28092c74\" data-element_type=\"widget\" data-widget_type=\"text-editor.default\">\n\t\t\t\t<div class=\"elementor-widget-container\">\n\t\t\t\t\t\t\t\t\t<p><a href=\"https:\/\/www.ipa.ee\/fi\/vision-ja-mission-julistus\/\">Vision ja mission julistus<\/a><\/p>\n<p><a href=\"https:\/\/www.ipa.ee\/fi\/viro\/\">Viro<\/a><\/p>\n\t\t\t\t\t\t\t\t<\/div>\n\t\t\t\t<\/div>\n\t\t\t\t\t<\/div>\n\t\t<\/div>\n\t\t\t\t\t<\/div>\n\t\t<\/section>\n\t\t\t\t<\/div>\n\t\t\n<h2>Vision ja mission julistus<\/h2>\n<h1>Vision ja mission julistus<\/h1>\n<p><strong><em>Missio<\/em><\/strong> \u2013 Interconnect Product Assembly tarjoaa asiakkaille valmistuspalvelua, joka t\u00e4ytt\u00e4\u00e4 ja ylitt\u00e4\u00e4 heid\u00e4n odotuksensa seuraavien kriteerien perusteella:<\/p>\n<ul>\n<li>Laatu<\/li>\n<li>Arvo<\/li>\n<li>Toimitus<\/li>\n<li>Asiakaspalvelu<\/li>\n<\/ul>\n<p>Kehit\u00e4mme jatkuvasti henkil\u00f6kuntaamme ja prosessejamme s\u00e4ilytt\u00e4\u00e4ksemme alan parhaan valmistuspalveluntarjoajan aseman.<\/p>\n<p><strong><em>Visio<\/em><\/strong> \u2013 Saavutamme omat tavoitteemme jatkuvan paranemisen ja prosessien kehitt\u00e4misen kautta jokaisella toimialalla. Erityist\u00e4 huomiota kiinnit\u00e4mme suhteisiin asiakkaiden ja tavarantoimittajien kanssa, ty\u00f6ntekij\u00f6iden kehitt\u00e4miseen ja ymp\u00e4rist\u00f6tietoisuuteen.<\/p>\n<p>\t\t\t\t\t\t\t\t\t\t\t\t<img fetchpriority=\"high\" decoding=\"async\" width=\"2560\" height=\"1700\" src=\"https:\/\/www.ipa.ee\/wp-content\/uploads\/2020\/12\/ukq_0530-copy-scaled.jpg\" alt=\"\" srcset=\"https:\/\/www.ipa.ee\/wp-content\/uploads\/2020\/12\/ukq_0530-copy-scaled.jpg 2560w, https:\/\/www.ipa.ee\/wp-content\/uploads\/2020\/12\/ukq_0530-copy-300x199.jpg 300w, https:\/\/www.ipa.ee\/wp-content\/uploads\/2020\/12\/ukq_0530-copy-1030x684.jpg 1030w, https:\/\/www.ipa.ee\/wp-content\/uploads\/2020\/12\/ukq_0530-copy-768x510.jpg 768w, https:\/\/www.ipa.ee\/wp-content\/uploads\/2020\/12\/ukq_0530-copy-1536x1020.jpg 1536w, https:\/\/www.ipa.ee\/wp-content\/uploads\/2020\/12\/ukq_0530-copy-2048x1360.jpg 2048w\" sizes=\"(max-width: 2560px) 100vw, 2560px\" \/><br \/>\n\t\t\t\t<div data-elementor-type=\"single-post\" data-elementor-id=\"9399\" class=\"elementor elementor-9399 elementor-6831\" data-elementor-post-type=\"elementor_library\">\n\t\t\t\t\t<section class=\"elementor-section elementor-top-section elementor-element elementor-element-19566333 elementor-section-boxed elementor-section-height-default elementor-section-height-default\" data-id=\"19566333\" data-element_type=\"section\">\n\t\t\t\t\t\t<div class=\"elementor-container elementor-column-gap-default\">\n\t\t\t\t\t<div class=\"elementor-column elementor-col-100 elementor-top-column elementor-element elementor-element-752919ce\" data-id=\"752919ce\" data-element_type=\"column\" data-settings=\"{&quot;background_background&quot;:&quot;classic&quot;}\">\n\t\t\t<div class=\"elementor-widget-wrap elementor-element-populated\">\n\t\t\t\t\t\t<div class=\"elementor-element elementor-element-3ce2264 elementor-widget elementor-widget-heading\" data-id=\"3ce2264\" data-element_type=\"widget\" data-widget_type=\"heading.default\">\n\t\t\t\t<div class=\"elementor-widget-container\">\n\t\t\t\t\t<h4 class=\"elementor-heading-title elementor-size-default\"><a href=\"https:\/\/www.ipa.ee\/fi\/keita-olemme\/\">Keit\u00e4 olemme<\/a><\/h4>\t\t\t\t<\/div>\n\t\t\t\t<\/div>\n\t\t\t\t<div class=\"elementor-element elementor-element-25897d2 elementor-widget elementor-widget-text-editor\" data-id=\"25897d2\" data-element_type=\"widget\" data-widget_type=\"text-editor.default\">\n\t\t\t\t<div class=\"elementor-widget-container\">\n\t\t\t\t\t\t\t\t\t<p><a class=\"content-page-sec-menu\" href=\"https:\/\/www.ipa.ee\/fi\/vision-ja-mission-julistus\/\">Vision ja mission julistus<\/a><\/p>\n<p><a class=\"content-page-sec-menu\" href=\"https:\/\/www.ipa.ee\/fi\/viro\/\">Viro<\/a><\/p>\n\t\t\t\t\t\t\t\t<\/div>\n\t\t\t\t<\/div>\n\t\t\t\t\t<\/div>\n\t\t<\/div>\n\t\t\t\t\t<\/div>\n\t\t<\/section>\n\t\t\t\t<\/div>\n\t\t<\/p>\n","protected":false},"excerpt":{"rendered":"<p>Vision ja mission julistus Vision ja mission julistus Missio \u2013 Interconnect Product Assembly tarjoaa asiakkaille valmistuspalvelua, joka t\u00e4ytt\u00e4\u00e4 ja ylitt\u00e4\u00e4 heid\u00e4n odotuksensa seuraavien kriteerien perusteella: Laatu Arvo Toimitus Asiakaspalvelu Kehit\u00e4mme jatkuvasti henkil\u00f6kuntaamme ja prosessejamme s\u00e4ilytt\u00e4\u00e4ksemme alan parhaan valmistuspalveluntarjoajan aseman. Visio \u2013 Saavutamme omat tavoitteemme jatkuvan paranemisen ja prosessien kehitt\u00e4misen kautta jokaisella toimialalla. Erityist\u00e4 huomiota kiinnit\u00e4mme [&hellip;]<\/p>\n","protected":false},"author":5,"featured_media":0,"parent":0,"menu_order":0,"comment_status":"closed","ping_status":"closed","template":"","meta":{"_monsterinsights_skip_tracking":false,"_monsterinsights_sitenote_active":false,"_monsterinsights_sitenote_note":"","_monsterinsights_sitenote_category":0,"footnotes":""},"class_list":["post-9350","page","type-page","status-publish","hentry"],"aioseo_notices":[],"_links":{"self":[{"href":"https:\/\/www.ipa.ee\/fi\/wp-json\/wp\/v2\/pages\/9350","targetHints":{"allow":["GET"]}}],"collection":[{"href":"https:\/\/www.ipa.ee\/fi\/wp-json\/wp\/v2\/pages"}],"about":[{"href":"https:\/\/www.ipa.ee\/fi\/wp-json\/wp\/v2\/types\/page"}],"author":[{"embeddable":true,"href":"https:\/\/www.ipa.ee\/fi\/wp-json\/wp\/v2\/users\/5"}],"replies":[{"embeddable":true,"href":"https:\/\/www.ipa.ee\/fi\/wp-json\/wp\/v2\/comments?post=9350"}],"version-history":[{"count":5,"href":"https:\/\/www.ipa.ee\/fi\/wp-json\/wp\/v2\/pages\/9350\/revisions"}],"predecessor-version":[{"id":11303,"href":"https:\/\/www.ipa.ee\/fi\/wp-json\/wp\/v2\/pages\/9350\/revisions\/11303"}],"wp:attachment":[{"href":"https:\/\/www.ipa.ee\/fi\/wp-json\/wp\/v2\/media?parent=9350"}],"curies":[{"name":"wp","href":"https:\/\/api.w.org\/{rel}","templated":true}]}}