{"id":9368,"date":"2020-10-09T10:39:59","date_gmt":"2020-10-09T07:39:59","guid":{"rendered":"https:\/\/www.ipa.ee\/toimialat\/"},"modified":"2021-05-18T12:58:09","modified_gmt":"2021-05-18T09:58:09","slug":"toimialat","status":"publish","type":"page","link":"https:\/\/www.ipa.ee\/fi\/toimialat\/","title":{"rendered":"Toimialat"},"content":{"rendered":"\t\t<div data-elementor-type=\"wp-page\" data-elementor-id=\"9368\" class=\"elementor elementor-9368 elementor-4590\" data-elementor-post-type=\"page\">\n\t\t\t\t\t\t<section class=\"elementor-section elementor-top-section elementor-element elementor-element-85774be elementor-section-full_width elementor-section-stretched elementor-section-height-default elementor-section-height-default\" data-id=\"85774be\" data-element_type=\"section\" data-settings=\"{&quot;stretch_section&quot;:&quot;section-stretched&quot;}\">\n\t\t\t\t\t\t<div class=\"elementor-container elementor-column-gap-default\">\n\t\t\t\t\t<div class=\"elementor-column elementor-col-100 elementor-top-column elementor-element elementor-element-ed63758\" data-id=\"ed63758\" data-element_type=\"column\">\n\t\t\t<div class=\"elementor-widget-wrap elementor-element-populated\">\n\t\t\t\t\t\t<section class=\"elementor-section elementor-inner-section elementor-element elementor-element-72d5c9d elementor-section-boxed elementor-section-height-default elementor-section-height-default\" data-id=\"72d5c9d\" data-element_type=\"section\">\n\t\t\t\t\t\t<div class=\"elementor-container elementor-column-gap-default\">\n\t\t\t\t\t<div class=\"elementor-column elementor-col-50 elementor-inner-column elementor-element elementor-element-07af646\" data-id=\"07af646\" data-element_type=\"column\" data-settings=\"{&quot;background_background&quot;:&quot;classic&quot;}\">\n\t\t\t<div class=\"elementor-widget-wrap elementor-element-populated\">\n\t\t\t\t\t\t<div class=\"elementor-element elementor-element-7f3f882 elementor-widget elementor-widget-template\" data-id=\"7f3f882\" data-element_type=\"widget\" data-widget_type=\"template.default\">\n\t\t\t\t<div class=\"elementor-widget-container\">\n\t\t\t\t\t\t\t<div class=\"elementor-template\">\n\t\t\t\t\t<div data-elementor-type=\"single-post\" data-elementor-id=\"9392\" class=\"elementor elementor-9392 elementor-6564\" data-elementor-post-type=\"elementor_library\">\n\t\t\t\t\t<section class=\"elementor-section elementor-top-section elementor-element elementor-element-17e1aab5 white-links elementor-section-boxed elementor-section-height-default elementor-section-height-default\" data-id=\"17e1aab5\" data-element_type=\"section\">\n\t\t\t\t\t\t<div class=\"elementor-container elementor-column-gap-default\">\n\t\t\t\t\t<div class=\"elementor-column elementor-col-100 elementor-top-column elementor-element elementor-element-60442f54\" data-id=\"60442f54\" data-element_type=\"column\" data-settings=\"{&quot;background_background&quot;:&quot;classic&quot;}\">\n\t\t\t<div class=\"elementor-widget-wrap elementor-element-populated\">\n\t\t\t\t\t\t<div class=\"elementor-element elementor-element-7fd283eb elementor-widget elementor-widget-heading\" data-id=\"7fd283eb\" data-element_type=\"widget\" data-widget_type=\"heading.default\">\n\t\t\t\t<div class=\"elementor-widget-container\">\n\t\t\t\t\t<h4 class=\"elementor-heading-title elementor-size-default\"><a href=\"https:\/\/www.ipa.ee\/fi\/toimialat\/\">Toimialat<\/a><\/h4>\t\t\t\t<\/div>\n\t\t\t\t<\/div>\n\t\t\t\t<div class=\"elementor-element elementor-element-34dec3b3 elementor-widget elementor-widget-text-editor\" data-id=\"34dec3b3\" data-element_type=\"widget\" data-widget_type=\"text-editor.default\">\n\t\t\t\t<div class=\"elementor-widget-container\">\n\t\t\t\t\t\t\t\t\t<p><a href=\"https:\/\/www.ipa.ee\/fi\/energia-ja-infrastruktuuri\/\">Energia ja infrastruktuuri<\/a><\/p>\n<p><a href=\"https:\/\/www.ipa.ee\/fi\/teollisuus-ja-kauppa\/\">Teollisuus ja kauppa<\/a><\/p>\n<p><a href=\"https:\/\/www.ipa.ee\/fi\/rautatie\/\">Rautatie<\/a><\/p>\n<p><a href=\"https:\/\/www.ipa.ee\/fi\/kuljetus\/\">Kuljetus<\/a><\/p>\n<p><a href=\"https:\/\/www.ipa.ee\/fi\/paastojen-hallinta\/\">P\u00e4\u00e4st\u00f6jen hallinta<\/a><\/p>\n<p><a href=\"https:\/\/www.ipa.ee\/fi\/laaketiede\/\">L\u00e4\u00e4ketiede<\/a><\/p>\n\t\t\t\t\t\t\t\t<\/div>\n\t\t\t\t<\/div>\n\t\t\t\t\t<\/div>\n\t\t<\/div>\n\t\t\t\t\t<\/div>\n\t\t<\/section>\n\t\t\t\t<\/div>\n\t\t\t\t<\/div>\n\t\t\t\t\t\t<\/div>\n\t\t\t\t<\/div>\n\t\t\t\t\t<\/div>\n\t\t<\/div>\n\t\t\t\t<div class=\"elementor-column elementor-col-50 elementor-inner-column elementor-element elementor-element-0ca58b9\" data-id=\"0ca58b9\" data-element_type=\"column\" data-settings=\"{&quot;background_background&quot;:&quot;classic&quot;}\">\n\t\t\t<div class=\"elementor-widget-wrap elementor-element-populated\">\n\t\t\t\t\t\t<div class=\"elementor-element elementor-element-2bd3c4c elementor-widget elementor-widget-heading\" data-id=\"2bd3c4c\" data-element_type=\"widget\" data-widget_type=\"heading.default\">\n\t\t\t\t<div class=\"elementor-widget-container\">\n\t\t\t\t\t<h2 class=\"elementor-heading-title elementor-size-default\">Toimialat<\/h2>\t\t\t\t<\/div>\n\t\t\t\t<\/div>\n\t\t\t\t<div class=\"elementor-element elementor-element-f87746c elementor-widget-divider--view-line elementor-widget elementor-widget-divider\" data-id=\"f87746c\" data-element_type=\"widget\" data-widget_type=\"divider.default\">\n\t\t\t\t<div class=\"elementor-widget-container\">\n\t\t\t\t\t\t\t<div class=\"elementor-divider\">\n\t\t\t<span class=\"elementor-divider-separator\">\n\t\t\t\t\t\t<\/span>\n\t\t<\/div>\n\t\t\t\t\t\t<\/div>\n\t\t\t\t<\/div>\n\t\t\t\t\t<\/div>\n\t\t<\/div>\n\t\t\t\t\t<\/div>\n\t\t<\/section>\n\t\t\t\t<section class=\"elementor-section elementor-inner-section elementor-element elementor-element-d617dce elementor-section-boxed elementor-section-height-default elementor-section-height-default\" data-id=\"d617dce\" data-element_type=\"section\">\n\t\t\t\t\t\t<div class=\"elementor-container elementor-column-gap-default\">\n\t\t\t\t\t<div class=\"elementor-column elementor-col-25 elementor-inner-column elementor-element elementor-element-12af597 yellow-block\" data-id=\"12af597\" data-element_type=\"column\" data-settings=\"{&quot;background_background&quot;:&quot;classic&quot;}\">\n\t\t\t<div class=\"elementor-widget-wrap elementor-element-populated\">\n\t\t\t\t\t\t<div class=\"elementor-element elementor-element-f3b827b elementor-widget elementor-widget-html\" data-id=\"f3b827b\" data-element_type=\"widget\" data-widget_type=\"html.default\">\n\t\t\t\t<div class=\"elementor-widget-container\">\n\t\t\t\t\t<div style=\"background:#FCFF54;width:100%;height:90px;\"><\/div>\t\t\t\t<\/div>\n\t\t\t\t<\/div>\n\t\t\t\t\t<\/div>\n\t\t<\/div>\n\t\t\t\t<div class=\"elementor-column elementor-col-25 elementor-inner-column elementor-element elementor-element-68164ef\" data-id=\"68164ef\" data-element_type=\"column\">\n\t\t\t<div class=\"elementor-widget-wrap elementor-element-populated\">\n\t\t\t\t\t\t<div class=\"elementor-element elementor-element-2302091 content-page-yellow-bar elementor-widget elementor-widget-heading\" data-id=\"2302091\" data-element_type=\"widget\" data-widget_type=\"heading.default\">\n\t\t\t\t<div class=\"elementor-widget-container\">\n\t\t\t\t\t<h1 class=\"elementor-heading-title elementor-size-default\">Toimialat<\/h1>\t\t\t\t<\/div>\n\t\t\t\t<\/div>\n\t\t\t\t<div class=\"elementor-element elementor-element-2f40340 elementor-widget elementor-widget-text-editor\" data-id=\"2f40340\" data-element_type=\"widget\" data-widget_type=\"text-editor.default\">\n\t\t\t\t<div class=\"elementor-widget-container\">\n\t\t\t\t\t\t\t\t\t<p>Strategisten tavoitteidensa mukaan IPA pyrkii pit\u00e4m\u00e4\u00e4n vakaan asiakaskunnan, mik\u00e4 tekee yrityksest\u00e4 v\u00e4hemm\u00e4n alttiin yksitt\u00e4isten toimialojen kysynn\u00e4n vaihteluille. Toimintamme keskittyy nyt seuraaviin aloihin, mutta jatkamme kaikkien liiketoimintamahdollisuuksien seurantaa ja pohdintaa varmistaaksemme, ett\u00e4 s\u00e4ilyt\u00e4mme parhaan toimintaprofiilin.<\/p>\n\t\t\t\t\t\t\t\t<\/div>\n\t\t\t\t<\/div>\n\t\t\t\t<div class=\"elementor-element elementor-element-5ea13e7 elementor-widget elementor-widget-text-editor\" data-id=\"5ea13e7\" data-element_type=\"widget\" data-widget_type=\"text-editor.default\">\n\t\t\t\t<div class=\"elementor-widget-container\">\n\t\t\t\t\t\t\t\t\t<ul>\n<li>Energia ja infrastruktuuri<\/li>\n<li>Teollisuus ja kauppa<\/li>\n<li>Rautatie<\/li>\n<li>Kuljetus<i><span class=\"Apple-converted-space\">\u00a0<\/span><\/i><\/li>\n<li>P\u00e4\u00e4st\u00f6jen hallinta<span class=\"Apple-converted-space\">\u00a0<\/span><\/li>\n<li>L\u00e4\u00e4ketiede<\/li>\n<\/ul>\n\t\t\t\t\t\t\t\t<\/div>\n\t\t\t\t<\/div>\n\t\t\t\t\t<\/div>\n\t\t<\/div>\n\t\t\t\t<div class=\"elementor-column elementor-col-50 elementor-inner-column elementor-element elementor-element-21ffed1\" data-id=\"21ffed1\" data-element_type=\"column\" data-settings=\"{&quot;background_background&quot;:&quot;classic&quot;}\">\n\t\t\t<div class=\"elementor-widget-wrap elementor-element-populated\">\n\t\t\t\t\t\t<div class=\"elementor-element elementor-element-813975e elementor-widget elementor-widget-shortcode\" data-id=\"813975e\" data-element_type=\"widget\" data-widget_type=\"shortcode.default\">\n\t\t\t\t<div class=\"elementor-widget-container\">\n\t\t\t\t\t\t\t<div class=\"elementor-shortcode\"><\/div>\n\t\t\t\t\t\t<\/div>\n\t\t\t\t<\/div>\n\t\t\t\t<div class=\"elementor-element elementor-element-0c2225a elementor-widget elementor-widget-template\" data-id=\"0c2225a\" data-element_type=\"widget\" data-widget_type=\"template.default\">\n\t\t\t\t<div class=\"elementor-widget-container\">\n\t\t\t\t\t\t\t<div class=\"elementor-template\">\n\t\t\t\t\t<div data-elementor-type=\"single-post\" data-elementor-id=\"9391\" class=\"elementor elementor-9391 elementor-6548\" data-elementor-post-type=\"elementor_library\">\n\t\t\t\t\t<section class=\"elementor-section elementor-top-section elementor-element elementor-element-fcc82c7 elementor-section-boxed elementor-section-height-default elementor-section-height-default\" data-id=\"fcc82c7\" data-element_type=\"section\">\n\t\t\t\t\t\t<div class=\"elementor-container elementor-column-gap-default\">\n\t\t\t\t\t<div class=\"elementor-column elementor-col-100 elementor-top-column elementor-element elementor-element-604386b\" data-id=\"604386b\" data-element_type=\"column\" data-settings=\"{&quot;background_background&quot;:&quot;classic&quot;}\">\n\t\t\t<div class=\"elementor-widget-wrap elementor-element-populated\">\n\t\t\t\t\t\t<div class=\"elementor-element elementor-element-0d52326 elementor-widget elementor-widget-heading\" data-id=\"0d52326\" data-element_type=\"widget\" data-widget_type=\"heading.default\">\n\t\t\t\t<div class=\"elementor-widget-container\">\n\t\t\t\t\t<h4 class=\"elementor-heading-title elementor-size-default\"><a href=\"https:\/\/www.ipa.ee\/fi\/toimialat\/\">Toimialat<\/a><\/h4>\t\t\t\t<\/div>\n\t\t\t\t<\/div>\n\t\t\t\t<div class=\"elementor-element elementor-element-2f9c73a elementor-widget elementor-widget-text-editor\" data-id=\"2f9c73a\" data-element_type=\"widget\" data-widget_type=\"text-editor.default\">\n\t\t\t\t<div class=\"elementor-widget-container\">\n\t\t\t\t\t\t\t\t\t<p><a class=\"content-page-sec-menu\" href=\"https:\/\/www.ipa.ee\/fi\/energia-ja-infrastruktuuri\/\">Energia ja infrastruktuuri<\/a><\/p>\n<p><a class=\"content-page-sec-menu\" href=\"https:\/\/www.ipa.ee\/fi\/teollisuus-ja-kauppa\/\">Teollisuus ja kauppa<\/a><\/p>\n<p><a class=\"content-page-sec-menu\" href=\"https:\/\/www.ipa.ee\/fi\/rautatie\/\">Rautatie<\/a><\/p>\n<p><a class=\"content-page-sec-menu\" href=\"https:\/\/www.ipa.ee\/fi\/kuljetus\/\">Kuljetus<\/a><\/p>\n<p><a class=\"content-page-sec-menu\" href=\"https:\/\/www.ipa.ee\/fi\/paastojen-hallinta\/\">P\u00e4\u00e4st\u00f6jen hallinta<\/a><\/p>\n<p><a class=\"content-page-sec-menu\" href=\"https:\/\/www.ipa.ee\/fi\/laaketiede\/\">L\u00e4\u00e4ketiede<\/a><\/p>\n\t\t\t\t\t\t\t\t<\/div>\n\t\t\t\t<\/div>\n\t\t\t\t\t<\/div>\n\t\t<\/div>\n\t\t\t\t\t<\/div>\n\t\t<\/section>\n\t\t\t\t<\/div>\n\t\t\t\t<\/div>\n\t\t\t\t\t\t<\/div>\n\t\t\t\t<\/div>\n\t\t\t\t\t<\/div>\n\t\t<\/div>\n\t\t\t\t\t<\/div>\n\t\t<\/section>\n\t\t\t\t\t<\/div>\n\t\t<\/div>\n\t\t\t\t\t<\/div>\n\t\t<\/section>\n\t\t\t\t<\/div>\n\t\t","protected":false},"excerpt":{"rendered":"<p>Toimialat Toimialat Strategisten tavoitteidensa mukaan IPA pyrkii pit\u00e4m\u00e4\u00e4n vakaan asiakaskunnan, mik\u00e4 tekee yrityksest\u00e4 v\u00e4hemm\u00e4n alttiin yksitt\u00e4isten toimialojen kysynn\u00e4n vaihteluille. Toimintamme keskittyy nyt seuraaviin aloihin, mutta jatkamme kaikkien liiketoimintamahdollisuuksien seurantaa ja pohdintaa varmistaaksemme, ett\u00e4 s\u00e4ilyt\u00e4mme parhaan toimintaprofiilin. Energia ja infrastruktuuri Teollisuus ja kauppa Rautatie Kuljetus\u00a0 P\u00e4\u00e4st\u00f6jen hallinta\u00a0 L\u00e4\u00e4ketiede<\/p>\n","protected":false},"author":5,"featured_media":0,"parent":0,"menu_order":0,"comment_status":"closed","ping_status":"closed","template":"","meta":{"_monsterinsights_skip_tracking":false,"_monsterinsights_sitenote_active":false,"_monsterinsights_sitenote_note":"","_monsterinsights_sitenote_category":0,"footnotes":""},"class_list":["post-9368","page","type-page","status-publish","hentry"],"aioseo_notices":[],"_links":{"self":[{"href":"https:\/\/www.ipa.ee\/fi\/wp-json\/wp\/v2\/pages\/9368","targetHints":{"allow":["GET"]}}],"collection":[{"href":"https:\/\/www.ipa.ee\/fi\/wp-json\/wp\/v2\/pages"}],"about":[{"href":"https:\/\/www.ipa.ee\/fi\/wp-json\/wp\/v2\/types\/page"}],"author":[{"embeddable":true,"href":"https:\/\/www.ipa.ee\/fi\/wp-json\/wp\/v2\/users\/5"}],"replies":[{"embeddable":true,"href":"https:\/\/www.ipa.ee\/fi\/wp-json\/wp\/v2\/comments?post=9368"}],"version-history":[{"count":5,"href":"https:\/\/www.ipa.ee\/fi\/wp-json\/wp\/v2\/pages\/9368\/revisions"}],"predecessor-version":[{"id":11789,"href":"https:\/\/www.ipa.ee\/fi\/wp-json\/wp\/v2\/pages\/9368\/revisions\/11789"}],"wp:attachment":[{"href":"https:\/\/www.ipa.ee\/fi\/wp-json\/wp\/v2\/media?parent=9368"}],"curies":[{"name":"wp","href":"https:\/\/api.w.org\/{rel}","templated":true}]}}