{"id":9383,"date":"2020-10-11T17:18:16","date_gmt":"2020-10-11T14:18:16","guid":{"rendered":"https:\/\/www.ipa.ee\/avoimet-tyopaikat\/"},"modified":"2021-05-18T12:37:12","modified_gmt":"2021-05-18T09:37:12","slug":"avoimet-tyopaikat","status":"publish","type":"page","link":"https:\/\/www.ipa.ee\/fi\/avoimet-tyopaikat\/","title":{"rendered":"Avoimet ty\u00f6paikat"},"content":{"rendered":"\t\t<div data-elementor-type=\"wp-page\" data-elementor-id=\"9383\" class=\"elementor elementor-9383 elementor-5067\" data-elementor-post-type=\"page\">\n\t\t\t\t\t\t<section class=\"elementor-section elementor-top-section elementor-element elementor-element-90b7bc6 elementor-section-full_width elementor-section-stretched elementor-section-height-default elementor-section-height-default\" data-id=\"90b7bc6\" data-element_type=\"section\" data-settings=\"{&quot;stretch_section&quot;:&quot;section-stretched&quot;}\">\n\t\t\t\t\t\t<div class=\"elementor-container elementor-column-gap-default\">\n\t\t\t\t\t<div class=\"elementor-column elementor-col-100 elementor-top-column elementor-element elementor-element-cbc059f\" data-id=\"cbc059f\" data-element_type=\"column\">\n\t\t\t<div class=\"elementor-widget-wrap elementor-element-populated\">\n\t\t\t\t\t\t<section class=\"elementor-section elementor-inner-section elementor-element elementor-element-88c24ab elementor-section-boxed elementor-section-height-default elementor-section-height-default\" data-id=\"88c24ab\" data-element_type=\"section\">\n\t\t\t\t\t\t<div class=\"elementor-container elementor-column-gap-default\">\n\t\t\t\t\t<div class=\"elementor-column elementor-col-50 elementor-inner-column elementor-element elementor-element-e192a66\" data-id=\"e192a66\" data-element_type=\"column\" data-settings=\"{&quot;background_background&quot;:&quot;classic&quot;}\">\n\t\t\t<div class=\"elementor-widget-wrap elementor-element-populated\">\n\t\t\t\t\t\t<div class=\"elementor-element elementor-element-bd72461 elementor-widget elementor-widget-shortcode\" data-id=\"bd72461\" data-element_type=\"widget\" data-widget_type=\"shortcode.default\">\n\t\t\t\t<div class=\"elementor-widget-container\">\n\t\t\t\t\t\t\t<div class=\"elementor-shortcode\">\t\t<div data-elementor-type=\"single-post\" data-elementor-id=\"9403\" class=\"elementor elementor-9403 elementor-6838\" data-elementor-post-type=\"elementor_library\">\n\t\t\t\t\t<section class=\"elementor-section elementor-top-section elementor-element elementor-element-741570c4 white-links elementor-section-boxed elementor-section-height-default elementor-section-height-default\" data-id=\"741570c4\" data-element_type=\"section\">\n\t\t\t\t\t\t<div class=\"elementor-container elementor-column-gap-default\">\n\t\t\t\t\t<div class=\"elementor-column elementor-col-100 elementor-top-column elementor-element elementor-element-1bd65c0f\" data-id=\"1bd65c0f\" data-element_type=\"column\" data-settings=\"{&quot;background_background&quot;:&quot;classic&quot;}\">\n\t\t\t<div class=\"elementor-widget-wrap elementor-element-populated\">\n\t\t\t\t\t\t<div class=\"elementor-element elementor-element-09534d2 elementor-widget elementor-widget-heading\" data-id=\"09534d2\" data-element_type=\"widget\" data-widget_type=\"heading.default\">\n\t\t\t\t<div class=\"elementor-widget-container\">\n\t\t\t\t\t<h4 class=\"elementor-heading-title elementor-size-default\"><a href=\"https:\/\/www.ipa.ee\/fi\/keskeiset-yhteystiedot\/\">Yhteystiedot<\/a><\/h4>\t\t\t\t<\/div>\n\t\t\t\t<\/div>\n\t\t\t\t<div class=\"elementor-element elementor-element-8d96614 elementor-widget elementor-widget-text-editor\" data-id=\"8d96614\" data-element_type=\"widget\" data-widget_type=\"text-editor.default\">\n\t\t\t\t<div class=\"elementor-widget-container\">\n\t\t\t\t\t\t\t\t\t<p><a href=\"https:\/\/www.ipa.ee\/fi\/keskeiset-yhteystiedot\/\" data-wplink-edit=\"true\">Keskeiset yhteystiedot<\/a><\/p>\n<p><a href=\"https:\/\/www.ipa.ee\/fi\/sijainti\/\">Sijainti<\/a><\/p>\n<p><a href=\"https:\/\/www.ipa.ee\/fi\/avoimet-tyopaikat\/\">Avoimet ty\u00f6paikat<\/a><\/p>\n\t\t\t\t\t\t\t\t<\/div>\n\t\t\t\t<\/div>\n\t\t\t\t\t<\/div>\n\t\t<\/div>\n\t\t\t\t\t<\/div>\n\t\t<\/section>\n\t\t\t\t<\/div>\n\t\t<\/div>\n\t\t\t\t\t\t<\/div>\n\t\t\t\t<\/div>\n\t\t\t\t\t<\/div>\n\t\t<\/div>\n\t\t\t\t<div class=\"elementor-column elementor-col-50 elementor-inner-column elementor-element elementor-element-9eeb957\" data-id=\"9eeb957\" data-element_type=\"column\" data-settings=\"{&quot;background_background&quot;:&quot;classic&quot;}\">\n\t\t\t<div class=\"elementor-widget-wrap elementor-element-populated\">\n\t\t\t\t\t\t<div class=\"elementor-element elementor-element-fa2f5e1 elementor-widget elementor-widget-heading\" data-id=\"fa2f5e1\" data-element_type=\"widget\" data-widget_type=\"heading.default\">\n\t\t\t\t<div class=\"elementor-widget-container\">\n\t\t\t\t\t<h2 class=\"elementor-heading-title elementor-size-default\">Avoimet ty\u00f6paikat<\/h2>\t\t\t\t<\/div>\n\t\t\t\t<\/div>\n\t\t\t\t<div class=\"elementor-element elementor-element-1851d42 elementor-widget-divider--view-line elementor-widget elementor-widget-divider\" data-id=\"1851d42\" data-element_type=\"widget\" data-widget_type=\"divider.default\">\n\t\t\t\t<div class=\"elementor-widget-container\">\n\t\t\t\t\t\t\t<div class=\"elementor-divider\">\n\t\t\t<span class=\"elementor-divider-separator\">\n\t\t\t\t\t\t<\/span>\n\t\t<\/div>\n\t\t\t\t\t\t<\/div>\n\t\t\t\t<\/div>\n\t\t\t\t\t<\/div>\n\t\t<\/div>\n\t\t\t\t\t<\/div>\n\t\t<\/section>\n\t\t\t\t<section class=\"elementor-section elementor-inner-section elementor-element elementor-element-7a65440 elementor-section-boxed elementor-section-height-default elementor-section-height-default\" data-id=\"7a65440\" data-element_type=\"section\">\n\t\t\t\t\t\t<div class=\"elementor-container elementor-column-gap-default\">\n\t\t\t\t\t<div class=\"elementor-column elementor-col-25 elementor-inner-column elementor-element elementor-element-55faaa9\" data-id=\"55faaa9\" data-element_type=\"column\" data-settings=\"{&quot;background_background&quot;:&quot;classic&quot;}\">\n\t\t\t<div class=\"elementor-widget-wrap elementor-element-populated\">\n\t\t\t\t\t\t<div class=\"elementor-element elementor-element-d5b9c50 elementor-widget elementor-widget-html\" data-id=\"d5b9c50\" data-element_type=\"widget\" data-widget_type=\"html.default\">\n\t\t\t\t<div class=\"elementor-widget-container\">\n\t\t\t\t\t<div style=\"background:#FCFF54;width:100%;height:90px;\"><\/div>\t\t\t\t<\/div>\n\t\t\t\t<\/div>\n\t\t\t\t\t<\/div>\n\t\t<\/div>\n\t\t\t\t<div class=\"elementor-column elementor-col-25 elementor-inner-column elementor-element elementor-element-e12dd2d\" data-id=\"e12dd2d\" data-element_type=\"column\">\n\t\t\t<div class=\"elementor-widget-wrap elementor-element-populated\">\n\t\t\t\t\t\t<div class=\"elementor-element elementor-element-29d2b47 content-page-yellow-bar elementor-widget elementor-widget-heading\" data-id=\"29d2b47\" data-element_type=\"widget\" data-widget_type=\"heading.default\">\n\t\t\t\t<div class=\"elementor-widget-container\">\n\t\t\t\t\t<h1 class=\"elementor-heading-title elementor-size-default\">Avoimet ty\u00f6paikat<\/h1>\t\t\t\t<\/div>\n\t\t\t\t<\/div>\n\t\t\t\t<div class=\"elementor-element elementor-element-0ba5442 elementor-widget elementor-widget-text-editor\" data-id=\"0ba5442\" data-element_type=\"widget\" data-widget_type=\"text-editor.default\">\n\t\t\t\t<div class=\"elementor-widget-container\">\n\t\t\t\t\t\t\t\t\t<p>Jos avoimia ty\u00f6paikkoja ei ole, voit silti l\u00e4hett\u00e4\u00e4 meille ansioluettelosi: <a style=\"color: #005a9c; font-weight: 500;\" href=\"&#x6d;&#x61;&#x69;&#108;&#116;o:&#x69;&#x70;&#x61;&#64;&#105;pa&#x2e;&#x65;&#x65;\">i&#112;&#97;&#x40;&#x69;&#x70;a&#46;&#101;&#x65;<\/a><\/p>\n\t\t\t\t\t\t\t\t<\/div>\n\t\t\t\t<\/div>\n\t\t\t\t<div class=\"elementor-element elementor-element-0608a43 elementor-widget elementor-widget-spacer\" data-id=\"0608a43\" data-element_type=\"widget\" data-widget_type=\"spacer.default\">\n\t\t\t\t<div class=\"elementor-widget-container\">\n\t\t\t\t\t\t\t<div class=\"elementor-spacer\">\n\t\t\t<div class=\"elementor-spacer-inner\"><\/div>\n\t\t<\/div>\n\t\t\t\t\t\t<\/div>\n\t\t\t\t<\/div>\n\t\t\t\t\t<\/div>\n\t\t<\/div>\n\t\t\t\t<div class=\"elementor-column elementor-col-50 elementor-inner-column elementor-element elementor-element-d13b9ba\" data-id=\"d13b9ba\" data-element_type=\"column\" data-settings=\"{&quot;background_background&quot;:&quot;classic&quot;}\">\n\t\t\t<div class=\"elementor-widget-wrap\">\n\t\t\t\t\t\t\t<\/div>\n\t\t<\/div>\n\t\t\t\t\t<\/div>\n\t\t<\/section>\n\t\t\t\t\t<\/div>\n\t\t<\/div>\n\t\t\t\t\t<\/div>\n\t\t<\/section>\n\t\t\t\t<\/div>\n\t\t","protected":false},"excerpt":{"rendered":"<p>Avoimet ty\u00f6paikat Avoimet ty\u00f6paikat Jos avoimia ty\u00f6paikkoja ei ole, voit silti l\u00e4hett\u00e4\u00e4 meille ansioluettelosi: &#x69;&#112;&#97;&#x40;&#x69;&#112;&#97;&#x2e;&#x65;&#101;<\/p>\n","protected":false},"author":5,"featured_media":0,"parent":0,"menu_order":0,"comment_status":"closed","ping_status":"closed","template":"","meta":{"_monsterinsights_skip_tracking":false,"_monsterinsights_sitenote_active":false,"_monsterinsights_sitenote_note":"","_monsterinsights_sitenote_category":0,"footnotes":""},"class_list":["post-9383","page","type-page","status-publish","hentry"],"aioseo_notices":[],"_links":{"self":[{"href":"https:\/\/www.ipa.ee\/fi\/wp-json\/wp\/v2\/pages\/9383","targetHints":{"allow":["GET"]}}],"collection":[{"href":"https:\/\/www.ipa.ee\/fi\/wp-json\/wp\/v2\/pages"}],"about":[{"href":"https:\/\/www.ipa.ee\/fi\/wp-json\/wp\/v2\/types\/page"}],"author":[{"embeddable":true,"href":"https:\/\/www.ipa.ee\/fi\/wp-json\/wp\/v2\/users\/5"}],"replies":[{"embeddable":true,"href":"https:\/\/www.ipa.ee\/fi\/wp-json\/wp\/v2\/comments?post=9383"}],"version-history":[{"count":5,"href":"https:\/\/www.ipa.ee\/fi\/wp-json\/wp\/v2\/pages\/9383\/revisions"}],"predecessor-version":[{"id":11175,"href":"https:\/\/www.ipa.ee\/fi\/wp-json\/wp\/v2\/pages\/9383\/revisions\/11175"}],"wp:attachment":[{"href":"https:\/\/www.ipa.ee\/fi\/wp-json\/wp\/v2\/media?parent=9383"}],"curies":[{"name":"wp","href":"https:\/\/api.w.org\/{rel}","templated":true}]}}