{"id":9418,"date":"2020-10-11T16:54:44","date_gmt":"2020-10-11T13:54:44","guid":{"rendered":"https:\/\/www.ipa.ee\/assemblage-de-faisceau-de-cables\/"},"modified":"2021-05-18T12:56:39","modified_gmt":"2021-05-18T09:56:39","slug":"assemblage-de-faisceau-de-cables","status":"publish","type":"page","link":"https:\/\/www.ipa.ee\/fr\/assemblage-de-faisceau-de-cables\/","title":{"rendered":"Assemblage de faisceau de c\u00e2bles"},"content":{"rendered":"\t\t<div data-elementor-type=\"wp-page\" data-elementor-id=\"9418\" class=\"elementor elementor-9418 elementor-5028\" data-elementor-post-type=\"page\">\n\t\t\t\t\t\t<section class=\"elementor-section elementor-top-section elementor-element elementor-element-9ec947d elementor-section-full_width elementor-section-stretched elementor-section-height-default elementor-section-height-default\" data-id=\"9ec947d\" data-element_type=\"section\" data-settings=\"{&quot;stretch_section&quot;:&quot;section-stretched&quot;}\">\n\t\t\t\t\t\t<div class=\"elementor-container elementor-column-gap-default\">\n\t\t\t\t\t<div class=\"elementor-column elementor-col-100 elementor-top-column elementor-element elementor-element-edc47a2\" data-id=\"edc47a2\" data-element_type=\"column\">\n\t\t\t<div class=\"elementor-widget-wrap elementor-element-populated\">\n\t\t\t\t\t\t<section class=\"elementor-section elementor-inner-section elementor-element elementor-element-4b484a7 elementor-section-boxed elementor-section-height-default elementor-section-height-default\" data-id=\"4b484a7\" data-element_type=\"section\">\n\t\t\t\t\t\t<div class=\"elementor-container elementor-column-gap-default\">\n\t\t\t\t\t<div class=\"elementor-column elementor-col-50 elementor-inner-column elementor-element elementor-element-837b2e4\" data-id=\"837b2e4\" data-element_type=\"column\" data-settings=\"{&quot;background_background&quot;:&quot;classic&quot;}\">\n\t\t\t<div class=\"elementor-widget-wrap elementor-element-populated\">\n\t\t\t\t\t\t<div class=\"elementor-element elementor-element-c21fda6 elementor-widget elementor-widget-shortcode\" data-id=\"c21fda6\" data-element_type=\"widget\" data-widget_type=\"shortcode.default\">\n\t\t\t\t<div class=\"elementor-widget-container\">\n\t\t\t\t\t\t\t<div class=\"elementor-shortcode\">\t\t<div data-elementor-type=\"single-post\" data-elementor-id=\"9477\" class=\"elementor elementor-9477 elementor-6809\" data-elementor-post-type=\"elementor_library\">\n\t\t\t\t\t<section class=\"elementor-section elementor-top-section elementor-element elementor-element-49731177 white-links elementor-section-boxed elementor-section-height-default elementor-section-height-default\" data-id=\"49731177\" data-element_type=\"section\">\n\t\t\t\t\t\t<div class=\"elementor-container elementor-column-gap-default\">\n\t\t\t\t\t<div class=\"elementor-column elementor-col-100 elementor-top-column elementor-element elementor-element-326cf704\" data-id=\"326cf704\" data-element_type=\"column\" data-settings=\"{&quot;background_background&quot;:&quot;classic&quot;}\">\n\t\t\t<div class=\"elementor-widget-wrap elementor-element-populated\">\n\t\t\t\t\t\t<div class=\"elementor-element elementor-element-0a906bb elementor-widget elementor-widget-heading\" data-id=\"0a906bb\" data-element_type=\"widget\" data-widget_type=\"heading.default\">\n\t\t\t\t<div class=\"elementor-widget-container\">\n\t\t\t\t\t<h4 class=\"elementor-heading-title elementor-size-default\"><a href=\"https:\/\/www.ipa.ee\/fr\/services\/\">Services<\/a><\/h4>\t\t\t\t<\/div>\n\t\t\t\t<\/div>\n\t\t\t\t<div class=\"elementor-element elementor-element-5d9a0df elementor-widget elementor-widget-text-editor\" data-id=\"5d9a0df\" data-element_type=\"widget\" data-widget_type=\"text-editor.default\">\n\t\t\t\t<div class=\"elementor-widget-container\">\n\t\t\t\t\t\t\t\t\t<p><a href=\"https:\/\/www.ipa.ee\/fr\/fabrication-en-sous-traitance-de-solutions-completes\/\">Fabrication en sous-traitance de solutions compl\u00e8tes<\/a><\/p>\n<p><a href=\"https:\/\/www.ipa.ee\/fr\/conception-prototypage\/\">Conception, prototypage<\/a><\/p>\n<p><a href=\"https:\/\/www.ipa.ee\/fr\/gestion-de-la-chaine-d-approvisionnement\/\">Gestion de la cha\u00eene d&rsquo;approvisionnement<\/a><\/p>\n<p><a href=\"https:\/\/www.ipa.ee\/fr\/assemblage-de-faisceau-de-cables\/\">Assemblage de faisceau de c\u00e2bles<\/a><\/p>\n<p><a href=\"https:\/\/www.ipa.ee\/fr\/installations-mecaniques\/\">Installations m\u00e9caniques<\/a><\/p>\n<p><a href=\"https:\/\/www.ipa.ee\/fr\/montage-electrique\/\">Montage \u00e9lectrique<\/a><\/p>\n<p><a href=\"https:\/\/www.ipa.ee\/fr\/chauffage-ventilation-et-climatisation-cvc\/\">Chauffage, ventilation et climatisation (CVC)<\/a><\/p>\n<p><a href=\"https:\/\/www.ipa.ee\/fr\/plate-forme-d-approvisionnement\/\">Plate-forme d&rsquo;Approvisionnement<\/a><\/p>\n\t\t\t\t\t\t\t\t<\/div>\n\t\t\t\t<\/div>\n\t\t\t\t\t<\/div>\n\t\t<\/div>\n\t\t\t\t\t<\/div>\n\t\t<\/section>\n\t\t\t\t<\/div>\n\t\t<\/div>\n\t\t\t\t\t\t<\/div>\n\t\t\t\t<\/div>\n\t\t\t\t\t<\/div>\n\t\t<\/div>\n\t\t\t\t<div class=\"elementor-column elementor-col-50 elementor-inner-column elementor-element elementor-element-3501c0d\" data-id=\"3501c0d\" data-element_type=\"column\" data-settings=\"{&quot;background_background&quot;:&quot;classic&quot;}\">\n\t\t\t<div class=\"elementor-widget-wrap elementor-element-populated\">\n\t\t\t\t\t\t<div class=\"elementor-element elementor-element-0028ad7 elementor-widget elementor-widget-heading\" data-id=\"0028ad7\" data-element_type=\"widget\" data-widget_type=\"heading.default\">\n\t\t\t\t<div class=\"elementor-widget-container\">\n\t\t\t\t\t<h2 class=\"elementor-heading-title elementor-size-default\">Assemblage de faisceau de c\u00e2bles<\/h2>\t\t\t\t<\/div>\n\t\t\t\t<\/div>\n\t\t\t\t<div class=\"elementor-element elementor-element-1754d64 elementor-widget-divider--view-line elementor-widget elementor-widget-divider\" data-id=\"1754d64\" data-element_type=\"widget\" data-widget_type=\"divider.default\">\n\t\t\t\t<div class=\"elementor-widget-container\">\n\t\t\t\t\t\t\t<div class=\"elementor-divider\">\n\t\t\t<span class=\"elementor-divider-separator\">\n\t\t\t\t\t\t<\/span>\n\t\t<\/div>\n\t\t\t\t\t\t<\/div>\n\t\t\t\t<\/div>\n\t\t\t\t\t<\/div>\n\t\t<\/div>\n\t\t\t\t\t<\/div>\n\t\t<\/section>\n\t\t\t\t<section class=\"elementor-section elementor-inner-section elementor-element elementor-element-69ab6ef elementor-section-boxed elementor-section-height-default elementor-section-height-default\" data-id=\"69ab6ef\" data-element_type=\"section\">\n\t\t\t\t\t\t<div class=\"elementor-container elementor-column-gap-default\">\n\t\t\t\t\t<div class=\"elementor-column elementor-col-25 elementor-inner-column elementor-element elementor-element-60fce23 yellow-block\" data-id=\"60fce23\" data-element_type=\"column\" data-settings=\"{&quot;background_background&quot;:&quot;classic&quot;}\">\n\t\t\t<div class=\"elementor-widget-wrap elementor-element-populated\">\n\t\t\t\t\t\t<div class=\"elementor-element elementor-element-94b7f33 elementor-widget elementor-widget-html\" data-id=\"94b7f33\" data-element_type=\"widget\" data-widget_type=\"html.default\">\n\t\t\t\t<div class=\"elementor-widget-container\">\n\t\t\t\t\t<div style=\"background:#FCFF54;width:100%;height:90px;\"><\/div>\t\t\t\t<\/div>\n\t\t\t\t<\/div>\n\t\t\t\t\t<\/div>\n\t\t<\/div>\n\t\t\t\t<div class=\"elementor-column elementor-col-25 elementor-inner-column elementor-element elementor-element-fb24ca1\" data-id=\"fb24ca1\" data-element_type=\"column\">\n\t\t\t<div class=\"elementor-widget-wrap elementor-element-populated\">\n\t\t\t\t\t\t<div class=\"elementor-element elementor-element-c562f95 content-page-yellow-bar elementor-widget elementor-widget-heading\" data-id=\"c562f95\" data-element_type=\"widget\" data-widget_type=\"heading.default\">\n\t\t\t\t<div class=\"elementor-widget-container\">\n\t\t\t\t\t<h1 class=\"elementor-heading-title elementor-size-default\">Assemblage de faisceau de c\u00e2bles<\/h1>\t\t\t\t<\/div>\n\t\t\t\t<\/div>\n\t\t\t\t<div class=\"elementor-element elementor-element-e6ff73b elementor-widget elementor-widget-text-editor\" data-id=\"e6ff73b\" data-element_type=\"widget\" data-widget_type=\"text-editor.default\">\n\t\t\t\t<div class=\"elementor-widget-container\">\n\t\t\t\t\t\t\t\t\t<p>IPA a d\u00e9but\u00e9 en tant que fournisseur de faisceaux de c\u00e2bles et il s&rsquo;agit toujours d&rsquo;un \u00e9l\u00e9ment essentiel de notre entreprise, car c&rsquo;est souvent le point de d\u00e9part de toute relation avec un nouveau client.<\/p>\n<p>IPA poss\u00e8de une tr\u00e8s grande exp\u00e9rience dans ce domaine et, avec une main-d&rsquo;\u0153uvre hautement qualifi\u00e9e et comp\u00e9tente, elle peut fabriquer en toute confiance des harnais pour pratiquement toutes les applications. De fils s\u00e9par\u00e9s \u00e0 des faisceaux de 1\u00a0000 circuits.<\/p>\n<p>IPA a investi dans les meilleurs \u00e9quipements disponibles pour ce processus, de l&rsquo;\u00e9quipement de pr\u00e9paration des c\u00e2bles aux tests, et elle est en mesure de fournir des certificats de conformit\u00e9 pour chaque assemblage.<\/p>\n\t\t\t\t\t\t\t\t<\/div>\n\t\t\t\t<\/div>\n\t\t\t\t\t<\/div>\n\t\t<\/div>\n\t\t\t\t<div class=\"elementor-column elementor-col-50 elementor-inner-column elementor-element elementor-element-66bca8b\" data-id=\"66bca8b\" data-element_type=\"column\" data-settings=\"{&quot;background_background&quot;:&quot;classic&quot;}\">\n\t\t\t<div class=\"elementor-widget-wrap elementor-element-populated\">\n\t\t\t\t\t\t<div class=\"elementor-element elementor-element-a2d2307 elementor-widget elementor-widget-shortcode\" data-id=\"a2d2307\" data-element_type=\"widget\" data-widget_type=\"shortcode.default\">\n\t\t\t\t<div class=\"elementor-widget-container\">\n\t\t\t\t\t\t\t<div class=\"elementor-shortcode\">\n<\/div>\n\t\t\t\t\t\t<\/div>\n\t\t\t\t<\/div>\n\t\t\t\t<div class=\"elementor-element elementor-element-15a0947 elementor-widget elementor-widget-shortcode\" data-id=\"15a0947\" data-element_type=\"widget\" data-widget_type=\"shortcode.default\">\n\t\t\t\t<div class=\"elementor-widget-container\">\n\t\t\t\t\t\t\t<div class=\"elementor-shortcode\">\t\t<div data-elementor-type=\"single-post\" data-elementor-id=\"9478\" class=\"elementor elementor-9478 elementor-6813\" data-elementor-post-type=\"elementor_library\">\n\t\t\t\t\t<section class=\"elementor-section elementor-top-section elementor-element elementor-element-130fa6e0 elementor-section-boxed elementor-section-height-default elementor-section-height-default\" data-id=\"130fa6e0\" data-element_type=\"section\">\n\t\t\t\t\t\t<div class=\"elementor-container elementor-column-gap-default\">\n\t\t\t\t\t<div class=\"elementor-column elementor-col-100 elementor-top-column elementor-element elementor-element-35c5e58e\" data-id=\"35c5e58e\" data-element_type=\"column\" data-settings=\"{&quot;background_background&quot;:&quot;classic&quot;}\">\n\t\t\t<div class=\"elementor-widget-wrap elementor-element-populated\">\n\t\t\t\t\t\t<div class=\"elementor-element elementor-element-050e91a elementor-widget elementor-widget-heading\" data-id=\"050e91a\" data-element_type=\"widget\" data-widget_type=\"heading.default\">\n\t\t\t\t<div class=\"elementor-widget-container\">\n\t\t\t\t\t<h4 class=\"elementor-heading-title elementor-size-default\"><a href=\"https:\/\/www.ipa.ee\/fr\/services\/\">Services<\/a><\/h4>\t\t\t\t<\/div>\n\t\t\t\t<\/div>\n\t\t\t\t<div class=\"elementor-element elementor-element-dd14b76 elementor-widget elementor-widget-text-editor\" data-id=\"dd14b76\" data-element_type=\"widget\" data-widget_type=\"text-editor.default\">\n\t\t\t\t<div class=\"elementor-widget-container\">\n\t\t\t\t\t\t\t\t\t<p><a class=\"content-page-sec-menu\" href=\"https:\/\/www.ipa.ee\/fr\/fabrication-en-sous-traitance-de-solutions-completes\/\">Fabrication en sous-traitance de solutions compl\u00e8tes<\/a><\/p>\n<p><a class=\"content-page-sec-menu\" href=\"https:\/\/www.ipa.ee\/fr\/conception-prototypage\/\">Conception, prototypage<\/a><\/p>\n<p><a class=\"content-page-sec-menu\" href=\"https:\/\/www.ipa.ee\/fr\/gestion-de-la-chaine-d-approvisionnement\/\">Gestion de la cha\u00eene d&rsquo;approvisionnement<\/a><\/p>\n<p><a class=\"content-page-sec-menu\" href=\"https:\/\/www.ipa.ee\/fr\/assemblage-de-faisceau-de-cables\/\">Assemblage de faisceau de c\u00e2bles<\/a><\/p>\n<p><a class=\"content-page-sec-menu\" href=\"https:\/\/www.ipa.ee\/fr\/installations-mecaniques\/\">Installations m\u00e9caniques<\/a><\/p>\n<p><a class=\"content-page-sec-menu\" href=\"https:\/\/www.ipa.ee\/fr\/montage-electrique\/\">Montage \u00e9lectrique<\/a><\/p>\n<p><a class=\"content-page-sec-menu\" href=\"https:\/\/www.ipa.ee\/fr\/chauffage-ventilation-et-climatisation-cvc\/\">Chauffage, ventilation et climatisation (CVC)<\/a><\/p>\n<p><a class=\"content-page-sec-menu\" href=\"https:\/\/www.ipa.ee\/fr\/plate-forme-d-approvisionnement\/\">Plate-forme d&rsquo;Approvisionnement<\/a><\/p>\n\t\t\t\t\t\t\t\t<\/div>\n\t\t\t\t<\/div>\n\t\t\t\t\t<\/div>\n\t\t<\/div>\n\t\t\t\t\t<\/div>\n\t\t<\/section>\n\t\t\t\t<\/div>\n\t\t<\/div>\n\t\t\t\t\t\t<\/div>\n\t\t\t\t<\/div>\n\t\t\t\t\t<\/div>\n\t\t<\/div>\n\t\t\t\t\t<\/div>\n\t\t<\/section>\n\t\t\t\t\t<\/div>\n\t\t<\/div>\n\t\t\t\t\t<\/div>\n\t\t<\/section>\n\t\t\t\t<\/div>\n\t\t","protected":false},"excerpt":{"rendered":"<p>Assemblage de faisceau de c\u00e2bles Assemblage de faisceau de c\u00e2bles IPA a d\u00e9but\u00e9 en tant que fournisseur de faisceaux de c\u00e2bles et il s&rsquo;agit toujours d&rsquo;un \u00e9l\u00e9ment essentiel de notre entreprise, car c&rsquo;est souvent le point de d\u00e9part de toute relation avec un nouveau client. IPA poss\u00e8de une tr\u00e8s grande exp\u00e9rience dans ce domaine et, [&hellip;]<\/p>\n","protected":false},"author":5,"featured_media":0,"parent":0,"menu_order":0,"comment_status":"closed","ping_status":"closed","template":"","meta":{"_monsterinsights_skip_tracking":false,"_monsterinsights_sitenote_active":false,"_monsterinsights_sitenote_note":"","_monsterinsights_sitenote_category":0,"footnotes":""},"class_list":["post-9418","page","type-page","status-publish","hentry"],"aioseo_notices":[],"_links":{"self":[{"href":"https:\/\/www.ipa.ee\/fr\/wp-json\/wp\/v2\/pages\/9418","targetHints":{"allow":["GET"]}}],"collection":[{"href":"https:\/\/www.ipa.ee\/fr\/wp-json\/wp\/v2\/pages"}],"about":[{"href":"https:\/\/www.ipa.ee\/fr\/wp-json\/wp\/v2\/types\/page"}],"author":[{"embeddable":true,"href":"https:\/\/www.ipa.ee\/fr\/wp-json\/wp\/v2\/users\/5"}],"replies":[{"embeddable":true,"href":"https:\/\/www.ipa.ee\/fr\/wp-json\/wp\/v2\/comments?post=9418"}],"version-history":[{"count":5,"href":"https:\/\/www.ipa.ee\/fr\/wp-json\/wp\/v2\/pages\/9418\/revisions"}],"predecessor-version":[{"id":11713,"href":"https:\/\/www.ipa.ee\/fr\/wp-json\/wp\/v2\/pages\/9418\/revisions\/11713"}],"wp:attachment":[{"href":"https:\/\/www.ipa.ee\/fr\/wp-json\/wp\/v2\/media?parent=9418"}],"curies":[{"name":"wp","href":"https:\/\/api.w.org\/{rel}","templated":true}]}}