{"id":9504,"date":"2020-10-10T17:32:53","date_gmt":"2020-10-10T14:32:53","guid":{"rendered":"https:\/\/www.ipa.ee\/erklaering-om-mal-og-visjon\/"},"modified":"2021-05-18T12:41:28","modified_gmt":"2021-05-18T09:41:28","slug":"erklaering-om-mal-og-visjon","status":"publish","type":"page","link":"https:\/\/www.ipa.ee\/no\/erklaering-om-mal-og-visjon\/","title":{"rendered":"Erkl\u00e6ring om m\u00e5l og visjon"},"content":{"rendered":"\t\t<div data-elementor-type=\"single-post\" data-elementor-id=\"9553\" class=\"elementor elementor-9553 elementor-6692\" data-elementor-post-type=\"elementor_library\">\n\t\t\t\t\t<section class=\"elementor-section elementor-top-section elementor-element elementor-element-3fac42d8 white-links elementor-section-boxed elementor-section-height-default elementor-section-height-default\" data-id=\"3fac42d8\" data-element_type=\"section\">\n\t\t\t\t\t\t<div class=\"elementor-container elementor-column-gap-default\">\n\t\t\t\t\t<div class=\"elementor-column elementor-col-100 elementor-top-column elementor-element elementor-element-1abfc1fb\" data-id=\"1abfc1fb\" data-element_type=\"column\" data-settings=\"{&quot;background_background&quot;:&quot;classic&quot;}\">\n\t\t\t<div class=\"elementor-widget-wrap elementor-element-populated\">\n\t\t\t\t\t\t<div class=\"elementor-element elementor-element-da98a85 elementor-widget elementor-widget-heading\" data-id=\"da98a85\" data-element_type=\"widget\" data-widget_type=\"heading.default\">\n\t\t\t\t<div class=\"elementor-widget-container\">\n\t\t\t\t\t<h4 class=\"elementor-heading-title elementor-size-default\"><a href=\"https:\/\/www.ipa.ee\/no\/om-oss\/\">Om oss<\/a><\/h4>\t\t\t\t<\/div>\n\t\t\t\t<\/div>\n\t\t\t\t<div class=\"elementor-element elementor-element-28092c74 elementor-widget elementor-widget-text-editor\" data-id=\"28092c74\" data-element_type=\"widget\" data-widget_type=\"text-editor.default\">\n\t\t\t\t<div class=\"elementor-widget-container\">\n\t\t\t\t\t\t\t\t\t<p><a href=\"https:\/\/www.ipa.ee\/no\/erklaering-om-mal-og-visjon\/\">Erkl\u00e6ring om m\u00e5l og visjon<\/a><\/p>\n<p><a href=\"https:\/\/www.ipa.ee\/no\/estland\/\">Estland<\/a><\/p>\n\t\t\t\t\t\t\t\t<\/div>\n\t\t\t\t<\/div>\n\t\t\t\t\t<\/div>\n\t\t<\/div>\n\t\t\t\t\t<\/div>\n\t\t<\/section>\n\t\t\t\t<\/div>\n\t\t\n<h2>Erkl\u00e6ring om m\u00e5l og visjon<\/h2>\n<h1>Erkl\u00e6ring om m\u00e5l og visjon<\/h1>\n<p><strong><em>Mission<\/em><\/strong> &#8211; Sammenkoblet produktmontering vil gi kundene en produksjonstjeneste som oppfyller og overg\u00e5r forventningene, basert p\u00e5 f\u00f8lgende kriterier:<\/p>\n<ul>\n<li>Kvalitet<\/li>\n<li>Verdi<\/li>\n<li>Levering<\/li>\n<li>Tjeneste<\/li>\n<\/ul>\n<p>Vi vil kontinuerlig utvikle v\u00e5re ansatte og prosesser for \u00e5 opprettholde v\u00e5r posisjon som den beste leverand\u00f8ren av produksjonstjenester innen v\u00e5rt felt.<\/p>\n<p><strong><em>Visjon<\/em><\/strong> &#8211; Vi vil n\u00e5 v\u00e5re m\u00e5l gjennom kontinuerlig forbedring og prosessutvikling p\u00e5 alle aktivitetsomr\u00e5der. Det vil bli lagt s\u00e6rlig vekt p\u00e5 relasjoner med kunder og leverand\u00f8rer, medarbeiderutvikling og milj\u00f8bevissthet.<\/p>\n<p>\t\t\t\t\t\t\t\t\t\t\t\t<img fetchpriority=\"high\" decoding=\"async\" width=\"2560\" height=\"1700\" src=\"https:\/\/www.ipa.ee\/wp-content\/uploads\/2020\/12\/ukq_0530-copy-scaled.jpg\" alt=\"\" srcset=\"https:\/\/www.ipa.ee\/wp-content\/uploads\/2020\/12\/ukq_0530-copy-scaled.jpg 2560w, https:\/\/www.ipa.ee\/wp-content\/uploads\/2020\/12\/ukq_0530-copy-300x199.jpg 300w, https:\/\/www.ipa.ee\/wp-content\/uploads\/2020\/12\/ukq_0530-copy-1030x684.jpg 1030w, https:\/\/www.ipa.ee\/wp-content\/uploads\/2020\/12\/ukq_0530-copy-768x510.jpg 768w, https:\/\/www.ipa.ee\/wp-content\/uploads\/2020\/12\/ukq_0530-copy-1536x1020.jpg 1536w, https:\/\/www.ipa.ee\/wp-content\/uploads\/2020\/12\/ukq_0530-copy-2048x1360.jpg 2048w\" sizes=\"(max-width: 2560px) 100vw, 2560px\" \/><br \/>\n\t\t\t\t<div data-elementor-type=\"single-post\" data-elementor-id=\"9559\" class=\"elementor elementor-9559 elementor-6831\" data-elementor-post-type=\"elementor_library\">\n\t\t\t\t\t<section class=\"elementor-section elementor-top-section elementor-element elementor-element-19566333 elementor-section-boxed elementor-section-height-default elementor-section-height-default\" data-id=\"19566333\" data-element_type=\"section\">\n\t\t\t\t\t\t<div class=\"elementor-container elementor-column-gap-default\">\n\t\t\t\t\t<div class=\"elementor-column elementor-col-100 elementor-top-column elementor-element elementor-element-752919ce\" data-id=\"752919ce\" data-element_type=\"column\" data-settings=\"{&quot;background_background&quot;:&quot;classic&quot;}\">\n\t\t\t<div class=\"elementor-widget-wrap elementor-element-populated\">\n\t\t\t\t\t\t<div class=\"elementor-element elementor-element-3ce2264 elementor-widget elementor-widget-heading\" data-id=\"3ce2264\" data-element_type=\"widget\" data-widget_type=\"heading.default\">\n\t\t\t\t<div class=\"elementor-widget-container\">\n\t\t\t\t\t<h4 class=\"elementor-heading-title elementor-size-default\"><a href=\"https:\/\/www.ipa.ee\/no\/om-oss\/\">Om oss<\/a><\/h4>\t\t\t\t<\/div>\n\t\t\t\t<\/div>\n\t\t\t\t<div class=\"elementor-element elementor-element-25897d2 elementor-widget elementor-widget-text-editor\" data-id=\"25897d2\" data-element_type=\"widget\" data-widget_type=\"text-editor.default\">\n\t\t\t\t<div class=\"elementor-widget-container\">\n\t\t\t\t\t\t\t\t\t<p><a class=\"content-page-sec-menu\" href=\"https:\/\/www.ipa.ee\/no\/erklaering-om-mal-og-visjon\/\">Erkl\u00e6ring om m\u00e5l og visjon<\/a><\/p>\n<p><a class=\"content-page-sec-menu\" href=\"https:\/\/www.ipa.ee\/no\/estland\/\">Estland<\/a><\/p>\n\t\t\t\t\t\t\t\t<\/div>\n\t\t\t\t<\/div>\n\t\t\t\t\t<\/div>\n\t\t<\/div>\n\t\t\t\t\t<\/div>\n\t\t<\/section>\n\t\t\t\t<\/div>\n\t\t<\/p>\n","protected":false},"excerpt":{"rendered":"<p>Erkl\u00e6ring om m\u00e5l og visjon Erkl\u00e6ring om m\u00e5l og visjon Mission &#8211; Sammenkoblet produktmontering vil gi kundene en produksjonstjeneste som oppfyller og overg\u00e5r forventningene, basert p\u00e5 f\u00f8lgende kriterier: Kvalitet Verdi Levering Tjeneste Vi vil kontinuerlig utvikle v\u00e5re ansatte og prosesser for \u00e5 opprettholde v\u00e5r posisjon som den beste leverand\u00f8ren av produksjonstjenester innen v\u00e5rt felt. Visjon [&hellip;]<\/p>\n","protected":false},"author":5,"featured_media":0,"parent":0,"menu_order":0,"comment_status":"closed","ping_status":"closed","template":"","meta":{"_monsterinsights_skip_tracking":false,"_monsterinsights_sitenote_active":false,"_monsterinsights_sitenote_note":"","_monsterinsights_sitenote_category":0,"footnotes":""},"class_list":["post-9504","page","type-page","status-publish","hentry"],"aioseo_notices":[],"_links":{"self":[{"href":"https:\/\/www.ipa.ee\/no\/wp-json\/wp\/v2\/pages\/9504","targetHints":{"allow":["GET"]}}],"collection":[{"href":"https:\/\/www.ipa.ee\/no\/wp-json\/wp\/v2\/pages"}],"about":[{"href":"https:\/\/www.ipa.ee\/no\/wp-json\/wp\/v2\/types\/page"}],"author":[{"embeddable":true,"href":"https:\/\/www.ipa.ee\/no\/wp-json\/wp\/v2\/users\/5"}],"replies":[{"embeddable":true,"href":"https:\/\/www.ipa.ee\/no\/wp-json\/wp\/v2\/comments?post=9504"}],"version-history":[{"count":5,"href":"https:\/\/www.ipa.ee\/no\/wp-json\/wp\/v2\/pages\/9504\/revisions"}],"predecessor-version":[{"id":11306,"href":"https:\/\/www.ipa.ee\/no\/wp-json\/wp\/v2\/pages\/9504\/revisions\/11306"}],"wp:attachment":[{"href":"https:\/\/www.ipa.ee\/no\/wp-json\/wp\/v2\/media?parent=9504"}],"curies":[{"name":"wp","href":"https:\/\/api.w.org\/{rel}","templated":true}]}}