{"id":9537,"date":"2020-10-11T17:08:02","date_gmt":"2020-10-11T14:08:02","guid":{"rendered":"https:\/\/www.ipa.ee\/helse-og-sikkerhet-pa-arbeidsplassen\/"},"modified":"2021-05-18T12:50:59","modified_gmt":"2021-05-18T09:50:59","slug":"helse-og-sikkerhet-pa-arbeidsplassen","status":"publish","type":"page","link":"https:\/\/www.ipa.ee\/no\/helse-og-sikkerhet-pa-arbeidsplassen\/","title":{"rendered":"Helse og sikkerhet p\u00e5 arbeidsplassen"},"content":{"rendered":"\t\t<div data-elementor-type=\"wp-page\" data-elementor-id=\"9537\" class=\"elementor elementor-9537\" data-elementor-post-type=\"page\">\n\t\t\t\t\t\t<section class=\"elementor-section elementor-top-section elementor-element elementor-element-66e3ef2 elementor-section-full_width elementor-section-stretched elementor-section-height-default elementor-section-height-default\" data-id=\"66e3ef2\" data-element_type=\"section\" data-settings=\"{&quot;stretch_section&quot;:&quot;section-stretched&quot;}\">\n\t\t\t\t\t\t<div class=\"elementor-container elementor-column-gap-default\">\n\t\t\t\t\t<div class=\"elementor-column elementor-col-100 elementor-top-column elementor-element elementor-element-980b126\" data-id=\"980b126\" data-element_type=\"column\">\n\t\t\t<div class=\"elementor-widget-wrap elementor-element-populated\">\n\t\t\t\t\t\t<section class=\"elementor-section elementor-inner-section elementor-element elementor-element-3d6adb8 elementor-section-boxed elementor-section-height-default elementor-section-height-default\" data-id=\"3d6adb8\" data-element_type=\"section\">\n\t\t\t\t\t\t<div class=\"elementor-container elementor-column-gap-default\">\n\t\t\t\t\t<div class=\"elementor-column elementor-col-50 elementor-inner-column elementor-element elementor-element-869e584\" data-id=\"869e584\" data-element_type=\"column\" data-settings=\"{&quot;background_background&quot;:&quot;classic&quot;}\">\n\t\t\t<div class=\"elementor-widget-wrap elementor-element-populated\">\n\t\t\t\t\t\t<div class=\"elementor-element elementor-element-33004dd elementor-widget elementor-widget-shortcode\" data-id=\"33004dd\" data-element_type=\"widget\" data-widget_type=\"shortcode.default\">\n\t\t\t\t<div class=\"elementor-widget-container\">\n\t\t\t\t\t\t\t<div class=\"elementor-shortcode\">\t\t<div data-elementor-type=\"single-post\" data-elementor-id=\"9556\" class=\"elementor elementor-9556 elementor-6798\" data-elementor-post-type=\"elementor_library\">\n\t\t\t\t\t<section class=\"elementor-section elementor-top-section elementor-element elementor-element-e5004fb white-links elementor-section-boxed elementor-section-height-default elementor-section-height-default\" data-id=\"e5004fb\" data-element_type=\"section\">\n\t\t\t\t\t\t<div class=\"elementor-container elementor-column-gap-default\">\n\t\t\t\t\t<div class=\"elementor-column elementor-col-100 elementor-top-column elementor-element elementor-element-e2687fe\" data-id=\"e2687fe\" data-element_type=\"column\" data-settings=\"{&quot;background_background&quot;:&quot;classic&quot;}\">\n\t\t\t<div class=\"elementor-widget-wrap elementor-element-populated\">\n\t\t\t\t\t\t<div class=\"elementor-element elementor-element-1f479a5 elementor-widget elementor-widget-heading\" data-id=\"1f479a5\" data-element_type=\"widget\" data-widget_type=\"heading.default\">\n\t\t\t\t<div class=\"elementor-widget-container\">\n\t\t\t\t\t<h4 class=\"elementor-heading-title elementor-size-default\"><a href=\"https:\/\/www.ipa.ee\/no\/kvalitet\/\">Kvalitet<\/a><\/h4>\t\t\t\t<\/div>\n\t\t\t\t<\/div>\n\t\t\t\t<div class=\"elementor-element elementor-element-8ab6449 elementor-widget elementor-widget-text-editor\" data-id=\"8ab6449\" data-element_type=\"widget\" data-widget_type=\"text-editor.default\">\n\t\t\t\t<div class=\"elementor-widget-container\">\n\t\t\t\t\t\t\t\t\t<p><a href=\"https:\/\/www.ipa.ee\/no\/sertifikater\/\">Sertifikater<\/a><\/p>\n<p><a href=\"https:\/\/www.ipa.ee\/no\/dokumenter\/\">Dokumenter<\/a><\/p>\n<p><a href=\"https:\/\/www.ipa.ee\/no\/miljo\/\">Milj\u00f8<\/a><\/p>\n<p><a href=\"https:\/\/www.ipa.ee\/no\/helse-og-sikkerhet-pa-arbeidsplassen\/\">Helse og sikkerhet p\u00e5 arbeidsplassen<\/a><\/p>\n\t\t\t\t\t\t\t\t<\/div>\n\t\t\t\t<\/div>\n\t\t\t\t\t<\/div>\n\t\t<\/div>\n\t\t\t\t\t<\/div>\n\t\t<\/section>\n\t\t\t\t<\/div>\n\t\t<\/div>\n\t\t\t\t\t\t<\/div>\n\t\t\t\t<\/div>\n\t\t\t\t\t<\/div>\n\t\t<\/div>\n\t\t\t\t<div class=\"elementor-column elementor-col-50 elementor-inner-column elementor-element elementor-element-9ae44d2\" data-id=\"9ae44d2\" data-element_type=\"column\" data-settings=\"{&quot;background_background&quot;:&quot;classic&quot;}\">\n\t\t\t<div class=\"elementor-widget-wrap elementor-element-populated\">\n\t\t\t\t\t\t<div class=\"elementor-element elementor-element-7a3193f elementor-widget elementor-widget-heading\" data-id=\"7a3193f\" data-element_type=\"widget\" data-widget_type=\"heading.default\">\n\t\t\t\t<div class=\"elementor-widget-container\">\n\t\t\t\t\t<h2 class=\"elementor-heading-title elementor-size-default\"><a href=\"https:\/\/www.ipa.ee\/no\/helse-og-sikkerhet-pa-arbeidsplassen\/\">Helse og sikkerhet p\u00e5 arbeidsplassen<\/a><\/h2>\t\t\t\t<\/div>\n\t\t\t\t<\/div>\n\t\t\t\t<div class=\"elementor-element elementor-element-742f2b2 elementor-widget-divider--view-line elementor-widget elementor-widget-divider\" data-id=\"742f2b2\" data-element_type=\"widget\" data-widget_type=\"divider.default\">\n\t\t\t\t<div class=\"elementor-widget-container\">\n\t\t\t\t\t\t\t<div class=\"elementor-divider\">\n\t\t\t<span class=\"elementor-divider-separator\">\n\t\t\t\t\t\t<\/span>\n\t\t<\/div>\n\t\t\t\t\t\t<\/div>\n\t\t\t\t<\/div>\n\t\t\t\t\t<\/div>\n\t\t<\/div>\n\t\t\t\t\t<\/div>\n\t\t<\/section>\n\t\t\t\t<section class=\"elementor-section elementor-inner-section elementor-element elementor-element-94f5373 elementor-section-boxed elementor-section-height-default elementor-section-height-default\" data-id=\"94f5373\" data-element_type=\"section\">\n\t\t\t\t\t\t<div class=\"elementor-container elementor-column-gap-default\">\n\t\t\t\t\t<div class=\"elementor-column elementor-col-25 elementor-inner-column elementor-element elementor-element-8700d2c yellow-block\" data-id=\"8700d2c\" data-element_type=\"column\" data-settings=\"{&quot;background_background&quot;:&quot;classic&quot;}\">\n\t\t\t<div class=\"elementor-widget-wrap elementor-element-populated\">\n\t\t\t\t\t\t<div class=\"elementor-element elementor-element-319d484 elementor-widget elementor-widget-html\" data-id=\"319d484\" data-element_type=\"widget\" data-widget_type=\"html.default\">\n\t\t\t\t<div class=\"elementor-widget-container\">\n\t\t\t\t\t<div style=\"background:#FCFF54;width:100%;height:90px;\"><\/div>\t\t\t\t<\/div>\n\t\t\t\t<\/div>\n\t\t\t\t\t<\/div>\n\t\t<\/div>\n\t\t\t\t<div class=\"elementor-column elementor-col-25 elementor-inner-column elementor-element elementor-element-955dc04\" data-id=\"955dc04\" data-element_type=\"column\">\n\t\t\t<div class=\"elementor-widget-wrap elementor-element-populated\">\n\t\t\t\t\t\t<div class=\"elementor-element elementor-element-bb1d163 content-page-yellow-bar elementor-widget elementor-widget-heading\" data-id=\"bb1d163\" data-element_type=\"widget\" data-widget_type=\"heading.default\">\n\t\t\t\t<div class=\"elementor-widget-container\">\n\t\t\t\t\t<h1 class=\"elementor-heading-title elementor-size-default\"><a href=\"https:\/\/www.ipa.ee\/no\/helse-og-sikkerhet-pa-arbeidsplassen\/\">Helse og sikkerhet p\u00e5 arbeidsplassen<\/a><\/h1>\t\t\t\t<\/div>\n\t\t\t\t<\/div>\n\t\t\t\t<div class=\"elementor-element elementor-element-dea073e elementor-widget elementor-widget-text-editor\" data-id=\"dea073e\" data-element_type=\"widget\" data-widget_type=\"text-editor.default\">\n\t\t\t\t<div class=\"elementor-widget-container\">\n\t\t\t\t\t\t\t\t\t<p>IPA er opptatt av \u00e5 skape et trygt og sikkert arbeidsmilj\u00f8, oppfylle krav og s\u00f8ke kontinuerlig forbedring. Helsen og sikkerheten til v\u00e5re arbeidere og de som kommer i kontakt med v\u00e5re produkter, er sv\u00e6rt viktig for oss. I organiseringen av arbeidet tar vi hensyn til \u00e5 minimere og forebygge risikoen i arbeidsmilj\u00f8et. Alle IPA-ansatte fortjener et trygt og sunt arbeidsmilj\u00f8 som har en positiv innvirkning p\u00e5 deres motivasjon og personlige tilfredshet.<\/p>\n\t\t\t\t\t\t\t\t<\/div>\n\t\t\t\t<\/div>\n\t\t\t\t\t<\/div>\n\t\t<\/div>\n\t\t\t\t<div class=\"elementor-column elementor-col-50 elementor-inner-column elementor-element elementor-element-73e921e\" data-id=\"73e921e\" data-element_type=\"column\" data-settings=\"{&quot;background_background&quot;:&quot;classic&quot;}\">\n\t\t\t<div class=\"elementor-widget-wrap elementor-element-populated\">\n\t\t\t\t\t\t<div class=\"elementor-element elementor-element-7488df2 elementor-widget elementor-widget-shortcode\" data-id=\"7488df2\" data-element_type=\"widget\" data-widget_type=\"shortcode.default\">\n\t\t\t\t<div class=\"elementor-widget-container\">\n\t\t\t\t\t\t\t<div class=\"elementor-shortcode\">\t\t<div data-elementor-type=\"single-post\" data-elementor-id=\"9555\" class=\"elementor elementor-9555 elementor-6793\" data-elementor-post-type=\"elementor_library\">\n\t\t\t\t\t<section class=\"elementor-section elementor-top-section elementor-element elementor-element-7369c76 elementor-section-boxed elementor-section-height-default elementor-section-height-default\" data-id=\"7369c76\" data-element_type=\"section\">\n\t\t\t\t\t\t<div class=\"elementor-container elementor-column-gap-default\">\n\t\t\t\t\t<div class=\"elementor-column elementor-col-100 elementor-top-column elementor-element elementor-element-fc02917\" data-id=\"fc02917\" data-element_type=\"column\">\n\t\t\t<div class=\"elementor-widget-wrap elementor-element-populated\">\n\t\t\t\t\t\t<div class=\"elementor-element elementor-element-ce24459 elementor-widget elementor-widget-shortcode\" data-id=\"ce24459\" data-element_type=\"widget\" data-widget_type=\"shortcode.default\">\n\t\t\t\t<div class=\"elementor-widget-container\">\n\t\t\t\t\t\t\t<div class=\"elementor-shortcode\">\n<\/div>\n\t\t\t\t\t\t<\/div>\n\t\t\t\t<\/div>\n\t\t\t\t<div class=\"elementor-element elementor-element-31a457d elementor-widget elementor-widget-heading\" data-id=\"31a457d\" data-element_type=\"widget\" data-widget_type=\"heading.default\">\n\t\t\t\t<div class=\"elementor-widget-container\">\n\t\t\t\t\t<h4 class=\"elementor-heading-title elementor-size-default\"><a href=\"https:\/\/www.ipa.ee\/no\/kvalitet\/\">Kvalitet<\/a><\/h4>\t\t\t\t<\/div>\n\t\t\t\t<\/div>\n\t\t\t\t<div class=\"elementor-element elementor-element-4265804 elementor-widget elementor-widget-text-editor\" data-id=\"4265804\" data-element_type=\"widget\" data-widget_type=\"text-editor.default\">\n\t\t\t\t<div class=\"elementor-widget-container\">\n\t\t\t\t\t\t\t\t\t<p><a class=\"content-page-sec-menu\" href=\"https:\/\/www.ipa.ee\/no\/sertifikater\/\">Sertifikater<\/a><\/p>\n<p><a class=\"content-page-sec-menu\" href=\"https:\/\/www.ipa.ee\/no\/dokumenter\/\">Dokumenter<\/a><\/p>\n<p><a class=\"content-page-sec-menu\" href=\"https:\/\/www.ipa.ee\/no\/miljo\/\">Milj\u00f8<\/a><\/p>\n<p><a class=\"content-page-sec-menu\" href=\"https:\/\/www.ipa.ee\/no\/helse-og-sikkerhet-pa-arbeidsplassen\/\">Helse og sikkerhet p\u00e5 arbeidsplassen<\/a><\/p>\n\t\t\t\t\t\t\t\t<\/div>\n\t\t\t\t<\/div>\n\t\t\t\t\t<\/div>\n\t\t<\/div>\n\t\t\t\t\t<\/div>\n\t\t<\/section>\n\t\t\t\t<\/div>\n\t\t<\/div>\n\t\t\t\t\t\t<\/div>\n\t\t\t\t<\/div>\n\t\t\t\t\t<\/div>\n\t\t<\/div>\n\t\t\t\t\t<\/div>\n\t\t<\/section>\n\t\t\t\t\t<\/div>\n\t\t<\/div>\n\t\t\t\t\t<\/div>\n\t\t<\/section>\n\t\t\t\t<\/div>\n\t\t","protected":false},"excerpt":{"rendered":"<p>Helse og sikkerhet p\u00e5 arbeidsplassen Helse og sikkerhet p\u00e5 arbeidsplassen IPA er opptatt av \u00e5 skape et trygt og sikkert arbeidsmilj\u00f8, oppfylle krav og s\u00f8ke kontinuerlig forbedring. Helsen og sikkerheten til v\u00e5re arbeidere og de som kommer i kontakt med v\u00e5re produkter, er sv\u00e6rt viktig for oss. I organiseringen av arbeidet tar vi hensyn til [&hellip;]<\/p>\n","protected":false},"author":5,"featured_media":0,"parent":0,"menu_order":0,"comment_status":"closed","ping_status":"closed","template":"","meta":{"_monsterinsights_skip_tracking":false,"_monsterinsights_sitenote_active":false,"_monsterinsights_sitenote_note":"","_monsterinsights_sitenote_category":0,"footnotes":""},"class_list":["post-9537","page","type-page","status-publish","hentry"],"aioseo_notices":[],"_links":{"self":[{"href":"https:\/\/www.ipa.ee\/no\/wp-json\/wp\/v2\/pages\/9537","targetHints":{"allow":["GET"]}}],"collection":[{"href":"https:\/\/www.ipa.ee\/no\/wp-json\/wp\/v2\/pages"}],"about":[{"href":"https:\/\/www.ipa.ee\/no\/wp-json\/wp\/v2\/types\/page"}],"author":[{"embeddable":true,"href":"https:\/\/www.ipa.ee\/no\/wp-json\/wp\/v2\/users\/5"}],"replies":[{"embeddable":true,"href":"https:\/\/www.ipa.ee\/no\/wp-json\/wp\/v2\/comments?post=9537"}],"version-history":[{"count":4,"href":"https:\/\/www.ipa.ee\/no\/wp-json\/wp\/v2\/pages\/9537\/revisions"}],"predecessor-version":[{"id":11555,"href":"https:\/\/www.ipa.ee\/no\/wp-json\/wp\/v2\/pages\/9537\/revisions\/11555"}],"wp:attachment":[{"href":"https:\/\/www.ipa.ee\/no\/wp-json\/wp\/v2\/media?parent=9537"}],"curies":[{"name":"wp","href":"https:\/\/api.w.org\/{rel}","templated":true}]}}