{"id":9679,"date":"2020-10-09T10:39:59","date_gmt":"2020-10-09T07:39:59","guid":{"rendered":"https:\/\/www.ipa.ee\/verksamhet\/"},"modified":"2021-08-27T13:11:09","modified_gmt":"2021-08-27T10:11:09","slug":"verksamhet","status":"publish","type":"page","link":"https:\/\/www.ipa.ee\/sv\/verksamhet\/","title":{"rendered":"Verksamhet"},"content":{"rendered":"\t\t<div data-elementor-type=\"wp-page\" data-elementor-id=\"9679\" class=\"elementor elementor-9679 elementor-4590\" data-elementor-post-type=\"page\">\n\t\t\t\t\t\t<section class=\"elementor-section elementor-top-section elementor-element elementor-element-85774be elementor-section-full_width elementor-section-stretched elementor-section-height-default elementor-section-height-default\" data-id=\"85774be\" data-element_type=\"section\" data-settings=\"{&quot;stretch_section&quot;:&quot;section-stretched&quot;}\">\n\t\t\t\t\t\t<div class=\"elementor-container elementor-column-gap-default\">\n\t\t\t\t\t<div class=\"elementor-column elementor-col-100 elementor-top-column elementor-element elementor-element-ed63758\" data-id=\"ed63758\" data-element_type=\"column\">\n\t\t\t<div class=\"elementor-widget-wrap elementor-element-populated\">\n\t\t\t\t\t\t<section class=\"elementor-section elementor-inner-section elementor-element elementor-element-72d5c9d elementor-section-boxed elementor-section-height-default elementor-section-height-default\" data-id=\"72d5c9d\" data-element_type=\"section\">\n\t\t\t\t\t\t<div class=\"elementor-container elementor-column-gap-default\">\n\t\t\t\t\t<div class=\"elementor-column elementor-col-50 elementor-inner-column elementor-element elementor-element-07af646\" data-id=\"07af646\" data-element_type=\"column\" data-settings=\"{&quot;background_background&quot;:&quot;classic&quot;}\">\n\t\t\t<div class=\"elementor-widget-wrap elementor-element-populated\">\n\t\t\t\t\t\t<div class=\"elementor-element elementor-element-7f3f882 white-links elementor-widget elementor-widget-template\" data-id=\"7f3f882\" data-element_type=\"widget\" data-widget_type=\"template.default\">\n\t\t\t\t<div class=\"elementor-widget-container\">\n\t\t\t\t\t\t\t<div class=\"elementor-template\">\n\t\t\t\t\t<div data-elementor-type=\"single-post\" data-elementor-id=\"9701\" class=\"elementor elementor-9701 elementor-6564\" data-elementor-post-type=\"elementor_library\">\n\t\t\t\t\t<section class=\"elementor-section elementor-top-section elementor-element elementor-element-17e1aab5 white-links elementor-section-boxed elementor-section-height-default elementor-section-height-default\" data-id=\"17e1aab5\" data-element_type=\"section\">\n\t\t\t\t\t\t<div class=\"elementor-container elementor-column-gap-default\">\n\t\t\t\t\t<div class=\"elementor-column elementor-col-100 elementor-top-column elementor-element elementor-element-60442f54\" data-id=\"60442f54\" data-element_type=\"column\" data-settings=\"{&quot;background_background&quot;:&quot;classic&quot;}\">\n\t\t\t<div class=\"elementor-widget-wrap elementor-element-populated\">\n\t\t\t\t\t\t<div class=\"elementor-element elementor-element-7fd283eb elementor-widget elementor-widget-heading\" data-id=\"7fd283eb\" data-element_type=\"widget\" data-widget_type=\"heading.default\">\n\t\t\t\t<div class=\"elementor-widget-container\">\n\t\t\t\t\t<h4 class=\"elementor-heading-title elementor-size-default\"><a href=\"https:\/\/www.ipa.ee\/sv\/verksamhet\/\">Verksamhet<\/a><\/h4>\t\t\t\t<\/div>\n\t\t\t\t<\/div>\n\t\t\t\t<div class=\"elementor-element elementor-element-34dec3b3 elementor-widget elementor-widget-text-editor\" data-id=\"34dec3b3\" data-element_type=\"widget\" data-widget_type=\"text-editor.default\">\n\t\t\t\t<div class=\"elementor-widget-container\">\n\t\t\t\t\t\t\t\t\t<p><a href=\"https:\/\/www.ipa.ee\/sv\/energi-och-infrastruktur\/\">Energi och infrastruktur<\/a><\/p>\n<p><a href=\"https:\/\/www.ipa.ee\/sv\/industri-och-handel\/\">Industri och handel<\/a><\/p>\n<p><a href=\"https:\/\/www.ipa.ee\/sv\/jarnvag\/\">J\u00e4rnv\u00e4g<\/a><\/p>\n<p><a href=\"https:\/\/www.ipa.ee\/sv\/transport\/\">Transport<\/a><\/p>\n<p><a href=\"https:\/\/www.ipa.ee\/sv\/avgashantering\/\">Avgashantering<\/a><\/p>\n<p><a href=\"https:\/\/www.ipa.ee\/sv\/medicinindustri\/\">Medicinindustri<\/a><\/p>\n\t\t\t\t\t\t\t\t<\/div>\n\t\t\t\t<\/div>\n\t\t\t\t\t<\/div>\n\t\t<\/div>\n\t\t\t\t\t<\/div>\n\t\t<\/section>\n\t\t\t\t<\/div>\n\t\t\t\t<\/div>\n\t\t\t\t\t\t<\/div>\n\t\t\t\t<\/div>\n\t\t\t\t\t<\/div>\n\t\t<\/div>\n\t\t\t\t<div class=\"elementor-column elementor-col-50 elementor-inner-column elementor-element elementor-element-0ca58b9\" data-id=\"0ca58b9\" data-element_type=\"column\" data-settings=\"{&quot;background_background&quot;:&quot;classic&quot;}\">\n\t\t\t<div class=\"elementor-widget-wrap elementor-element-populated\">\n\t\t\t\t\t\t<div class=\"elementor-element elementor-element-2bd3c4c elementor-widget elementor-widget-heading\" data-id=\"2bd3c4c\" data-element_type=\"widget\" data-widget_type=\"heading.default\">\n\t\t\t\t<div class=\"elementor-widget-container\">\n\t\t\t\t\t<h2 class=\"elementor-heading-title elementor-size-default\">Verksamhet<\/h2>\t\t\t\t<\/div>\n\t\t\t\t<\/div>\n\t\t\t\t<div class=\"elementor-element elementor-element-f87746c elementor-widget-divider--view-line elementor-widget elementor-widget-divider\" data-id=\"f87746c\" data-element_type=\"widget\" data-widget_type=\"divider.default\">\n\t\t\t\t<div class=\"elementor-widget-container\">\n\t\t\t\t\t\t\t<div class=\"elementor-divider\">\n\t\t\t<span class=\"elementor-divider-separator\">\n\t\t\t\t\t\t<\/span>\n\t\t<\/div>\n\t\t\t\t\t\t<\/div>\n\t\t\t\t<\/div>\n\t\t\t\t\t<\/div>\n\t\t<\/div>\n\t\t\t\t\t<\/div>\n\t\t<\/section>\n\t\t\t\t<section class=\"elementor-section elementor-inner-section elementor-element elementor-element-d617dce elementor-section-boxed elementor-section-height-default elementor-section-height-default\" data-id=\"d617dce\" data-element_type=\"section\">\n\t\t\t\t\t\t<div class=\"elementor-container elementor-column-gap-default\">\n\t\t\t\t\t<div class=\"elementor-column elementor-col-25 elementor-inner-column elementor-element elementor-element-12af597 yellow-block\" data-id=\"12af597\" data-element_type=\"column\" data-settings=\"{&quot;background_background&quot;:&quot;classic&quot;}\">\n\t\t\t<div class=\"elementor-widget-wrap elementor-element-populated\">\n\t\t\t\t\t\t<div class=\"elementor-element elementor-element-f3b827b elementor-widget elementor-widget-html\" data-id=\"f3b827b\" data-element_type=\"widget\" data-widget_type=\"html.default\">\n\t\t\t\t<div class=\"elementor-widget-container\">\n\t\t\t\t\t<div style=\"background:#FCFF54;width:100%;height:90px;\"><\/div>\t\t\t\t<\/div>\n\t\t\t\t<\/div>\n\t\t\t\t\t<\/div>\n\t\t<\/div>\n\t\t\t\t<div class=\"elementor-column elementor-col-25 elementor-inner-column elementor-element elementor-element-68164ef\" data-id=\"68164ef\" data-element_type=\"column\">\n\t\t\t<div class=\"elementor-widget-wrap elementor-element-populated\">\n\t\t\t\t\t\t<div class=\"elementor-element elementor-element-2302091 content-page-yellow-bar elementor-widget elementor-widget-heading\" data-id=\"2302091\" data-element_type=\"widget\" data-widget_type=\"heading.default\">\n\t\t\t\t<div class=\"elementor-widget-container\">\n\t\t\t\t\t<h1 class=\"elementor-heading-title elementor-size-default\">Verksamhet<\/h1>\t\t\t\t<\/div>\n\t\t\t\t<\/div>\n\t\t\t\t<div class=\"elementor-element elementor-element-2f40340 elementor-widget elementor-widget-text-editor\" data-id=\"2f40340\" data-element_type=\"widget\" data-widget_type=\"text-editor.default\">\n\t\t\t\t<div class=\"elementor-widget-container\">\n\t\t\t\t\t\t\t\t\t<p>I enlighet med f\u00f6retagets strategiska m\u00e5l str\u00e4var IPA efter att uppr\u00e4tth\u00e5lla en balanserad kundportf\u00f6lj vilket g\u00f6r f\u00f6retaget mindre k\u00e4nsligt f\u00f6r f\u00f6r\u00e4ndringar i efterfr\u00e5gan inom enskilda branscher. V\u00e5r verksamhet \u00e4r just nu fokuserad mot f\u00f6ljande branscher, men vi \u00f6vervakar och v\u00e4rderar fortsatt alla aff\u00e4rsm\u00f6jligheter f\u00f6r att s\u00e4kerst\u00e4lla den b\u00e4st m\u00f6jliga driftsprofilen.<\/p>\n\t\t\t\t\t\t\t\t<\/div>\n\t\t\t\t<\/div>\n\t\t\t\t<div class=\"elementor-element elementor-element-5ea13e7 elementor-widget elementor-widget-text-editor\" data-id=\"5ea13e7\" data-element_type=\"widget\" data-widget_type=\"text-editor.default\">\n\t\t\t\t<div class=\"elementor-widget-container\">\n\t\t\t\t\t\t\t\t\t<ul>\n<li>Energi och infrastruktur<\/li>\n<li>Industri och handel<\/li>\n<li>J\u00e4rnv\u00e4g<\/li>\n<li>Transport<i><span class=\"Apple-converted-space\">\u00a0<\/span><\/i><\/li>\n<li>Avgashantering<span class=\"Apple-converted-space\">\u00a0<\/span><\/li>\n<li>Medicinindustri<\/li>\n<\/ul>\n\t\t\t\t\t\t\t\t<\/div>\n\t\t\t\t<\/div>\n\t\t\t\t\t<\/div>\n\t\t<\/div>\n\t\t\t\t<div class=\"elementor-column elementor-col-50 elementor-inner-column elementor-element elementor-element-21ffed1\" data-id=\"21ffed1\" data-element_type=\"column\" data-settings=\"{&quot;background_background&quot;:&quot;classic&quot;}\">\n\t\t\t<div class=\"elementor-widget-wrap elementor-element-populated\">\n\t\t\t\t\t\t<div class=\"elementor-element elementor-element-813975e elementor-widget elementor-widget-shortcode\" data-id=\"813975e\" data-element_type=\"widget\" data-widget_type=\"shortcode.default\">\n\t\t\t\t<div class=\"elementor-widget-container\">\n\t\t\t\t\t\t\t<div class=\"elementor-shortcode\"><\/div>\n\t\t\t\t\t\t<\/div>\n\t\t\t\t<\/div>\n\t\t\t\t<div class=\"elementor-element elementor-element-0c2225a elementor-widget elementor-widget-template\" data-id=\"0c2225a\" data-element_type=\"widget\" data-widget_type=\"template.default\">\n\t\t\t\t<div class=\"elementor-widget-container\">\n\t\t\t\t\t\t\t<div class=\"elementor-template\">\n\t\t\t\t\t<div data-elementor-type=\"single-post\" data-elementor-id=\"9700\" class=\"elementor elementor-9700 elementor-6548\" data-elementor-post-type=\"elementor_library\">\n\t\t\t\t\t<section class=\"elementor-section elementor-top-section elementor-element elementor-element-fcc82c7 elementor-section-boxed elementor-section-height-default elementor-section-height-default\" data-id=\"fcc82c7\" data-element_type=\"section\">\n\t\t\t\t\t\t<div class=\"elementor-container elementor-column-gap-default\">\n\t\t\t\t\t<div class=\"elementor-column elementor-col-100 elementor-top-column elementor-element elementor-element-604386b\" data-id=\"604386b\" data-element_type=\"column\" data-settings=\"{&quot;background_background&quot;:&quot;classic&quot;}\">\n\t\t\t<div class=\"elementor-widget-wrap elementor-element-populated\">\n\t\t\t\t\t\t<div class=\"elementor-element elementor-element-0d52326 elementor-widget elementor-widget-heading\" data-id=\"0d52326\" data-element_type=\"widget\" data-widget_type=\"heading.default\">\n\t\t\t\t<div class=\"elementor-widget-container\">\n\t\t\t\t\t<h4 class=\"elementor-heading-title elementor-size-default\"><a href=\"https:\/\/www.ipa.ee\/sv\/verksamhet\/\">Verksamhet<\/a><\/h4>\t\t\t\t<\/div>\n\t\t\t\t<\/div>\n\t\t\t\t<div class=\"elementor-element elementor-element-2f9c73a elementor-widget elementor-widget-text-editor\" data-id=\"2f9c73a\" data-element_type=\"widget\" data-widget_type=\"text-editor.default\">\n\t\t\t\t<div class=\"elementor-widget-container\">\n\t\t\t\t\t\t\t\t\t<p><a class=\"content-page-sec-menu\" href=\"https:\/\/www.ipa.ee\/sv\/energi-och-infrastruktur\/\">Energi och infrastruktur<\/a><\/p>\n<p><a class=\"content-page-sec-menu\" href=\"https:\/\/www.ipa.ee\/sv\/industri-och-handel\/\">Industri och handel<\/a><\/p>\n<p><a class=\"content-page-sec-menu\" href=\"https:\/\/www.ipa.ee\/sv\/jarnvag\/\">J\u00e4rnv\u00e4g<\/a><\/p>\n<p><a class=\"content-page-sec-menu\" href=\"https:\/\/www.ipa.ee\/sv\/transport\/\">Transport<\/a><\/p>\n<p><a class=\"content-page-sec-menu\" href=\"https:\/\/www.ipa.ee\/sv\/avgashantering\/\">Avgashantering<\/a><\/p>\n<p><a class=\"content-page-sec-menu\" href=\"https:\/\/www.ipa.ee\/sv\/medicinindustri\/\">Medicinindustri<\/a><\/p>\n\t\t\t\t\t\t\t\t<\/div>\n\t\t\t\t<\/div>\n\t\t\t\t\t<\/div>\n\t\t<\/div>\n\t\t\t\t\t<\/div>\n\t\t<\/section>\n\t\t\t\t<\/div>\n\t\t\t\t<\/div>\n\t\t\t\t\t\t<\/div>\n\t\t\t\t<\/div>\n\t\t\t\t\t<\/div>\n\t\t<\/div>\n\t\t\t\t\t<\/div>\n\t\t<\/section>\n\t\t\t\t\t<\/div>\n\t\t<\/div>\n\t\t\t\t\t<\/div>\n\t\t<\/section>\n\t\t\t\t<\/div>\n\t\t","protected":false},"excerpt":{"rendered":"<p>Verksamhet Verksamhet I enlighet med f\u00f6retagets strategiska m\u00e5l str\u00e4var IPA efter att uppr\u00e4tth\u00e5lla en balanserad kundportf\u00f6lj vilket g\u00f6r f\u00f6retaget mindre k\u00e4nsligt f\u00f6r f\u00f6r\u00e4ndringar i efterfr\u00e5gan inom enskilda branscher. V\u00e5r verksamhet \u00e4r just nu fokuserad mot f\u00f6ljande branscher, men vi \u00f6vervakar och v\u00e4rderar fortsatt alla aff\u00e4rsm\u00f6jligheter f\u00f6r att s\u00e4kerst\u00e4lla den b\u00e4st m\u00f6jliga driftsprofilen. Energi och infrastruktur [&hellip;]<\/p>\n","protected":false},"author":5,"featured_media":0,"parent":0,"menu_order":0,"comment_status":"closed","ping_status":"closed","template":"","meta":{"_monsterinsights_skip_tracking":false,"_monsterinsights_sitenote_active":false,"_monsterinsights_sitenote_note":"","_monsterinsights_sitenote_category":0,"footnotes":""},"class_list":["post-9679","page","type-page","status-publish","hentry"],"aioseo_notices":[],"_links":{"self":[{"href":"https:\/\/www.ipa.ee\/sv\/wp-json\/wp\/v2\/pages\/9679","targetHints":{"allow":["GET"]}}],"collection":[{"href":"https:\/\/www.ipa.ee\/sv\/wp-json\/wp\/v2\/pages"}],"about":[{"href":"https:\/\/www.ipa.ee\/sv\/wp-json\/wp\/v2\/types\/page"}],"author":[{"embeddable":true,"href":"https:\/\/www.ipa.ee\/sv\/wp-json\/wp\/v2\/users\/5"}],"replies":[{"embeddable":true,"href":"https:\/\/www.ipa.ee\/sv\/wp-json\/wp\/v2\/comments?post=9679"}],"version-history":[{"count":5,"href":"https:\/\/www.ipa.ee\/sv\/wp-json\/wp\/v2\/pages\/9679\/revisions"}],"predecessor-version":[{"id":15465,"href":"https:\/\/www.ipa.ee\/sv\/wp-json\/wp\/v2\/pages\/9679\/revisions\/15465"}],"wp:attachment":[{"href":"https:\/\/www.ipa.ee\/sv\/wp-json\/wp\/v2\/media?parent=9679"}],"curies":[{"name":"wp","href":"https:\/\/api.w.org\/{rel}","templated":true}]}}